{"id":13,"date":"2025-04-30T06:51:10","date_gmt":"2025-04-30T06:51:10","guid":{"rendered":"https:\/\/investdom-ostrowmaz.pl\/de\/?page_id=13"},"modified":"2026-02-26T12:27:06","modified_gmt":"2026-02-26T12:27:06","slug":"strona-glowna","status":"publish","type":"page","link":"https:\/\/investdom-ostrowmaz.pl\/de\/","title":{"rendered":"Strona g\u0142\u00f3wna"},"content":{"rendered":"\n<div>\n<div class=\"gb-element-710ee56b\">\n<div class=\"gb-element-aa33da29\">\n<h1 class=\"gb-text gb-text-26783931\">Invest Dom Ostr\u00f3w Mazowiecka<\/h1>\n\n\n\n<h2 class=\"gb-text gb-text-ec99ded4\"><strong>Pr\u00e4zise Montage, langlebiges Ergebnis \u2013 Fenster und T\u00fcren f\u00fcr viele Jahre<\/strong><\/h2>\n\n\n\n<a class=\"gb-text-96df5d70 smooth-scroll\" href=\"#mmstrony-kontakt\"><span class=\"gb-shape\"><svg aria-hidden=\"true\" role=\"img\" height=\"1em\" width=\"1em\" viewBox=\"0 0 512 512\" xmlns=\"http:\/\/www.w3.org\/2000\/svg\"><path fill=\"currentColor\" d=\"M464 64H48C21.49 64 0 85.49 0 112v288c0 26.51 21.49 48 48 48h416c26.51 0 48-21.49 48-48V112c0-26.51-21.49-48-48-48zm0 48v40.805c-22.422 18.259-58.168 46.651-134.587 106.49-16.841 13.247-50.201 45.072-73.413 44.701-23.208.375-56.579-31.459-73.413-44.701C106.18 199.465 70.425 171.067 48 152.805V112h416zM48 400V214.398c22.914 18.251 55.409 43.862 104.938 82.646 21.857 17.205 60.134 55.186 103.062 54.955 42.717.231 80.509-37.199 103.053-54.947 49.528-38.783 82.032-64.401 104.947-82.653V400H48z\"><\/path><\/svg><\/span><span class=\"gb-text\"><strong>Kontaktieren Sie uns<\/strong><\/span><\/a>\n<\/div>\n<\/div>\n\n\n\n<div class=\"gb-element-ce08bbbd\">\n<div class=\"gb-element-f3a23e75\">\n<figure class=\"wp-block-image size-large\"><img loading=\"lazy\" decoding=\"async\" width=\"1024\" height=\"683\" src=\"https:\/\/investdom-ostrowmaz.pl\/de\/wp-content\/uploads\/2026\/02\/2-1024x683.jpeg\" alt=\"\" class=\"wp-image-5863\" srcset=\"https:\/\/investdom-ostrowmaz.pl\/de\/wp-content\/uploads\/2026\/02\/2-1024x683.jpeg 1024w, https:\/\/investdom-ostrowmaz.pl\/de\/wp-content\/uploads\/2026\/02\/2-300x200.jpeg 300w, https:\/\/investdom-ostrowmaz.pl\/de\/wp-content\/uploads\/2026\/02\/2-768x513.jpeg 768w, https:\/\/investdom-ostrowmaz.pl\/de\/wp-content\/uploads\/2026\/02\/2-1536x1025.jpeg 1536w, https:\/\/investdom-ostrowmaz.pl\/de\/wp-content\/uploads\/2026\/02\/2-2048x1367.jpeg 2048w\" sizes=\"auto, (max-width: 1024px) 100vw, 1024px\" \/><\/figure>\n<\/div>\n\n\n\n<div class=\"gb-element-a730d5b2\">\n<h2 class=\"gb-text\"><strong>Fenster, die jahrelangen Komfort bieten<\/strong><\/h2>\n\n\n\n<p>W\u00e4hlen Sie moderne Fenster, die \u00c4sthetik mit Energieeffizienz und Langlebigkeit verbinden. Wir bieten eine gro\u00dfe Auswahl bew\u00e4hrter Modelle \u2013 von klassisch bis modern \u2013 abgestimmt auf Ihren Stil und Ihre Bed\u00fcrfnisse. Entdecken Sie unser Angebot und finden Sie die perfekten Fenster f\u00fcr Ihr Zuhause.<\/p>\n\n\n\n<a class=\"gb-text-dbeda693\" href=\"https:\/\/investdom-ostrowmaz.pl\/de\/okna\/\"><span class=\"gb-shape\"><svg aria-hidden=\"true\" role=\"img\" height=\"1em\" width=\"1em\" viewBox=\"0 0 256 512\" xmlns=\"http:\/\/www.w3.org\/2000\/svg\"><path fill=\"currentColor\" d=\"M224.3 273l-136 136c-9.4 9.4-24.6 9.4-33.9 0l-22.6-22.6c-9.4-9.4-9.4-24.6 0-33.9l96.4-96.4-96.4-96.4c-9.4-9.4-9.4-24.6 0-33.9L54.3 103c9.4-9.4 24.6-9.4 33.9 0l136 136c9.5 9.4 9.5 24.6.1 34z\"><\/path><\/svg><\/span><span class=\"gb-text\">ZU DEN FENSTERN<\/span><\/a>\n<\/div>\n<\/div>\n\n\n\n<div class=\"gb-element-13dbc755\">\n<div class=\"gb-element-d6004687\">\n<h2 class=\"gb-text\"><strong><strong>T\u00fcren, die sch\u00fctzen und den Charakter Ihres Hauses unterstreichen<\/strong><\/strong><\/h2>\n\n\n\n<p>Wir bieten robuste und stilvolle Au\u00dfen- und Innent\u00fcren, die Sicherheit mit \u00c4sthetik verbinden. Ob Sie klassische, moderne oder einbruchhemmende T\u00fcren suchen \u2013 wir helfen Ihnen, die perfekte L\u00f6sung zu finden, die zu Ihrem Zuhause und Ihren Erwartungen passt. Entdecken Sie unser Angebot und setzen Sie auf Qualit\u00e4t.<\/p>\n\n\n\n<a class=\"gb-text-0517f924\" href=\"https:\/\/investdom-ostrowmaz.pl\/de\/drzwi\/\"><span class=\"gb-shape\"><svg aria-hidden=\"true\" role=\"img\" height=\"1em\" width=\"1em\" viewBox=\"0 0 256 512\" xmlns=\"http:\/\/www.w3.org\/2000\/svg\"><path fill=\"currentColor\" d=\"M224.3 273l-136 136c-9.4 9.4-24.6 9.4-33.9 0l-22.6-22.6c-9.4-9.4-9.4-24.6 0-33.9l96.4-96.4-96.4-96.4c-9.4-9.4-9.4-24.6 0-33.9L54.3 103c9.4-9.4 24.6-9.4 33.9 0l136 136c9.5 9.4 9.5 24.6.1 34z\"><\/path><\/svg><\/span><span class=\"gb-text\">ZU DEN T\u00dcREN<\/span><\/a>\n<\/div>\n\n\n\n<div class=\"gb-element-b700b477\">\n<figure class=\"wp-block-image size-full\"><img loading=\"lazy\" decoding=\"async\" width=\"2560\" height=\"1707\" src=\"https:\/\/investdom-ostrowmaz.pl\/de\/wp-content\/uploads\/2026\/02\/3-scaled.jpeg\" alt=\"\" class=\"wp-image-5864\" srcset=\"https:\/\/investdom-ostrowmaz.pl\/de\/wp-content\/uploads\/2026\/02\/3-scaled.jpeg 2560w, https:\/\/investdom-ostrowmaz.pl\/de\/wp-content\/uploads\/2026\/02\/3-300x200.jpeg 300w, https:\/\/investdom-ostrowmaz.pl\/de\/wp-content\/uploads\/2026\/02\/3-1024x683.jpeg 1024w, https:\/\/investdom-ostrowmaz.pl\/de\/wp-content\/uploads\/2026\/02\/3-768x512.jpeg 768w, https:\/\/investdom-ostrowmaz.pl\/de\/wp-content\/uploads\/2026\/02\/3-1536x1024.jpeg 1536w, https:\/\/investdom-ostrowmaz.pl\/de\/wp-content\/uploads\/2026\/02\/3-2048x1366.jpeg 2048w\" sizes=\"auto, (max-width: 2560px) 100vw, 2560px\" \/><\/figure>\n<\/div>\n<\/div>\n\n\n\n<div class=\"gb-element-4f82ea52\">\n<div class=\"gb-element-7a903217\">\n<figure class=\"wp-block-image size-large\"><img loading=\"lazy\" decoding=\"async\" width=\"1024\" height=\"574\" src=\"https:\/\/investdom-ostrowmaz.pl\/de\/wp-content\/uploads\/2026\/02\/4-1024x574.jpeg\" alt=\"\" class=\"wp-image-5865\" srcset=\"https:\/\/investdom-ostrowmaz.pl\/de\/wp-content\/uploads\/2026\/02\/4-1024x574.jpeg 1024w, https:\/\/investdom-ostrowmaz.pl\/de\/wp-content\/uploads\/2026\/02\/4-300x168.jpeg 300w, https:\/\/investdom-ostrowmaz.pl\/de\/wp-content\/uploads\/2026\/02\/4-768x430.jpeg 768w, https:\/\/investdom-ostrowmaz.pl\/de\/wp-content\/uploads\/2026\/02\/4-1536x861.jpeg 1536w, https:\/\/investdom-ostrowmaz.pl\/de\/wp-content\/uploads\/2026\/02\/4-2048x1148.jpeg 2048w\" sizes=\"auto, (max-width: 1024px) 100vw, 1024px\" \/><\/figure>\n<\/div>\n\n\n\n<div class=\"gb-element-806b3ccc\">\n<h2 class=\"gb-text\"><strong><strong>Moderne Schiebeanlagen \u2013 mehr Licht, mehr Raum<\/strong><\/strong><\/h2>\n\n\n\n<p>Schiebeanlagen sind die ideale L\u00f6sung f\u00fcr alle, die Wert auf Raum, Funktionalit\u00e4t und modernes Design legen. \u00d6ffnen Sie Ihr Zuhause zum Garten, zur Terrasse oder zum Balkon, ohne auf W\u00e4rmekomfort und \u00c4sthetik zu verzichten. Entdecken Sie unser Angebot an Schiebet\u00fcren und sehen Sie, wie Sie mehr nat\u00fcrliches Licht und Gestaltungsfreiheit gewinnen k\u00f6nnen.<\/p>\n\n\n\n<a class=\"gb-text-aebc29bf\" href=\"https:\/\/investdom-ostrowmaz.pl\/de\/systemy-przesuwne\/\"><span class=\"gb-shape\"><svg aria-hidden=\"true\" role=\"img\" height=\"1em\" width=\"1em\" viewBox=\"0 0 256 512\" xmlns=\"http:\/\/www.w3.org\/2000\/svg\"><path fill=\"currentColor\" d=\"M224.3 273l-136 136c-9.4 9.4-24.6 9.4-33.9 0l-22.6-22.6c-9.4-9.4-9.4-24.6 0-33.9l96.4-96.4-96.4-96.4c-9.4-9.4-9.4-24.6 0-33.9L54.3 103c9.4-9.4 24.6-9.4 33.9 0l136 136c9.5 9.4 9.5 24.6.1 34z\"><\/path><\/svg><\/span><span class=\"gb-text\">ZU DEN SYSTEMEN<\/span><\/a>\n<\/div>\n<\/div>\n\n\n\n<div class=\"gb-element-3697a1d3\">\n<div class=\"gb-element-16046c5a\">\n<h2 class=\"gb-text\"><strong><strong>Fensterabdeckungen \u2013 Komfort, Privatsph\u00e4re und Stil in einem<\/strong><\/strong><\/h2>\n\n\n\n<p>Rolll\u00e4den, Jalousien, Plissees \u2013 wir bieten moderne Fensterabdeckungen, die zu jedem Raum und Bedarf passen. Sie sch\u00fctzen vor Sonne, sorgen f\u00fcr Privatsph\u00e4re und verleihen Ihren R\u00e4umen Eleganz. Entdecken Sie die verf\u00fcgbaren L\u00f6sungen und w\u00e4hlen Sie Funktionalit\u00e4t in ihrer besten Form.<\/p>\n\n\n\n<a class=\"gb-text-99100565\" href=\"https:\/\/investdom-ostrowmaz.pl\/de\/oslony-okienne\/\"><span class=\"gb-shape\"><svg aria-hidden=\"true\" role=\"img\" height=\"1em\" width=\"1em\" viewBox=\"0 0 256 512\" xmlns=\"http:\/\/www.w3.org\/2000\/svg\"><path fill=\"currentColor\" d=\"M224.3 273l-136 136c-9.4 9.4-24.6 9.4-33.9 0l-22.6-22.6c-9.4-9.4-9.4-24.6 0-33.9l96.4-96.4-96.4-96.4c-9.4-9.4-9.4-24.6 0-33.9L54.3 103c9.4-9.4 24.6-9.4 33.9 0l136 136c9.5 9.4 9.5 24.6.1 34z\"><\/path><\/svg><\/span><span class=\"gb-text\">ZU DEN ABDECKUNGEN<\/span><\/a>\n<\/div>\n\n\n\n<div class=\"gb-element-44ee7515\">\n<figure class=\"wp-block-image size-full\"><img loading=\"lazy\" decoding=\"async\" width=\"2560\" height=\"1707\" src=\"https:\/\/investdom-ostrowmaz.pl\/de\/wp-content\/uploads\/2026\/02\/5-scaled.jpeg\" alt=\"\" class=\"wp-image-5867\" srcset=\"https:\/\/investdom-ostrowmaz.pl\/de\/wp-content\/uploads\/2026\/02\/5-scaled.jpeg 2560w, https:\/\/investdom-ostrowmaz.pl\/de\/wp-content\/uploads\/2026\/02\/5-300x200.jpeg 300w, https:\/\/investdom-ostrowmaz.pl\/de\/wp-content\/uploads\/2026\/02\/5-1024x683.jpeg 1024w, https:\/\/investdom-ostrowmaz.pl\/de\/wp-content\/uploads\/2026\/02\/5-768x512.jpeg 768w, https:\/\/investdom-ostrowmaz.pl\/de\/wp-content\/uploads\/2026\/02\/5-1536x1024.jpeg 1536w, https:\/\/investdom-ostrowmaz.pl\/de\/wp-content\/uploads\/2026\/02\/5-2048x1365.jpeg 2048w\" sizes=\"auto, (max-width: 2560px) 100vw, 2560px\" \/><\/figure>\n<\/div>\n<\/div>\n\n\n\n<div class=\"gb-element-5b2f8bac\">\n<div class=\"gb-element-ce4c9b94\">\n<figure class=\"wp-block-image size-large\"><img loading=\"lazy\" decoding=\"async\" width=\"1024\" height=\"683\" src=\"https:\/\/investdom-ostrowmaz.pl\/de\/wp-content\/uploads\/2026\/02\/6-1024x683.jpeg\" alt=\"\" class=\"wp-image-5868\" srcset=\"https:\/\/investdom-ostrowmaz.pl\/de\/wp-content\/uploads\/2026\/02\/6-1024x683.jpeg 1024w, https:\/\/investdom-ostrowmaz.pl\/de\/wp-content\/uploads\/2026\/02\/6-300x200.jpeg 300w, https:\/\/investdom-ostrowmaz.pl\/de\/wp-content\/uploads\/2026\/02\/6-768x513.jpeg 768w, https:\/\/investdom-ostrowmaz.pl\/de\/wp-content\/uploads\/2026\/02\/6-1536x1025.jpeg 1536w\" sizes=\"auto, (max-width: 1024px) 100vw, 1024px\" \/><\/figure>\n<\/div>\n\n\n\n<div class=\"gb-element-a3ba665d\">\n<h2 class=\"gb-text\"><strong><strong><strong>Tore, die zu Ihren Bed\u00fcrfnissen passen \u2013 Funktionalit\u00e4t und Sicherheit<\/strong><\/strong><\/strong><\/h2>\n\n\n\n<p>Oferujemy bramy wjazdowe i gara\u017cowe, kt\u00f3re \u0142\u0105cz\u0105 wygod\u0119 codziennego u\u017cytkowania z solidnym wykonaniem i estetycznym wygl\u0105dem. Niezale\u017cnie od tego, czy szukasz bramy automatycznej, przesuwnej czy skrzyd\u0142owej \u2013 pomo\u017cemy Ci wybra\u0107 rozwi\u0105zanie idealne dla Twojej posesji. Sprawd\u017a nasz\u0105 ofert\u0119 i postaw na sprawdzone systemy.<\/p>\n\n\n\n<a class=\"gb-text-f384ee65\" href=\"https:\/\/investdom-ostrowmaz.pl\/de\/bramy\/\"><span class=\"gb-shape\"><svg aria-hidden=\"true\" role=\"img\" height=\"1em\" width=\"1em\" viewBox=\"0 0 256 512\" xmlns=\"http:\/\/www.w3.org\/2000\/svg\"><path fill=\"currentColor\" d=\"M224.3 273l-136 136c-9.4 9.4-24.6 9.4-33.9 0l-22.6-22.6c-9.4-9.4-9.4-24.6 0-33.9l96.4-96.4-96.4-96.4c-9.4-9.4-9.4-24.6 0-33.9L54.3 103c9.4-9.4 24.6-9.4 33.9 0l136 136c9.5 9.4 9.5 24.6.1 34z\"><\/path><\/svg><\/span><span class=\"gb-text\">ZU DEN TOREN<\/span><\/a>\n<\/div>\n<\/div>\n\n\n\n<div class=\"gb-element-c6317a70\">\n<div class=\"gb-element-b8a70cad\">\n<h2 class=\"gb-text\"><strong><strong><strong>Insektenschutzgitter \u2013 wirksamer Schutz vor Insekten<\/strong><\/strong><\/strong><\/h2>\n\n\n\n<p>Genie\u00dfen Sie frische Luft ohne ungebetene G\u00e4ste. Unsere Insektenschutzgitter sind eine praktische und \u00e4sthetische L\u00f6sung, die Innenr\u00e4ume effektiv vor Insekten sch\u00fctzt, ohne Sicht oder Lichteinfall zu beeintr\u00e4chtigen. Wir bieten Insektenschutzgitter, die zu jeder Fenster- und T\u00fcrart passen \u2013 entdecken Sie die verf\u00fcgbaren Varianten.<\/p>\n\n\n\n<a class=\"gb-text-8dc11f5a\" href=\"https:\/\/investdom-ostrowmaz.pl\/de\/moskitiery\/\"><span class=\"gb-shape\"><svg aria-hidden=\"true\" role=\"img\" height=\"1em\" width=\"1em\" viewBox=\"0 0 256 512\" xmlns=\"http:\/\/www.w3.org\/2000\/svg\"><path fill=\"currentColor\" d=\"M224.3 273l-136 136c-9.4 9.4-24.6 9.4-33.9 0l-22.6-22.6c-9.4-9.4-9.4-24.6 0-33.9l96.4-96.4-96.4-96.4c-9.4-9.4-9.4-24.6 0-33.9L54.3 103c9.4-9.4 24.6-9.4 33.9 0l136 136c9.5 9.4 9.5 24.6.1 34z\"><\/path><\/svg><\/span><span class=\"gb-text\">ZU DEN INSEKTENSCHUTZGITTERN<\/span><\/a>\n<\/div>\n\n\n\n<div class=\"gb-element-ab096780\">\n<figure class=\"wp-block-image size-full\"><img loading=\"lazy\" decoding=\"async\" width=\"2560\" height=\"1707\" src=\"https:\/\/investdom-ostrowmaz.pl\/de\/wp-content\/uploads\/2026\/02\/7-scaled.jpeg\" alt=\"\" class=\"wp-image-5869\" srcset=\"https:\/\/investdom-ostrowmaz.pl\/de\/wp-content\/uploads\/2026\/02\/7-scaled.jpeg 2560w, https:\/\/investdom-ostrowmaz.pl\/de\/wp-content\/uploads\/2026\/02\/7-300x200.jpeg 300w, https:\/\/investdom-ostrowmaz.pl\/de\/wp-content\/uploads\/2026\/02\/7-1024x683.jpeg 1024w, https:\/\/investdom-ostrowmaz.pl\/de\/wp-content\/uploads\/2026\/02\/7-768x512.jpeg 768w, https:\/\/investdom-ostrowmaz.pl\/de\/wp-content\/uploads\/2026\/02\/7-1536x1024.jpeg 1536w\" sizes=\"auto, (max-width: 2560px) 100vw, 2560px\" \/><\/figure>\n<\/div>\n<\/div>\n\n\n\n<div class=\"gb-element-68ad9589\">\n<div class=\"gb-element-bf9d91dd\">\n<figure class=\"wp-block-image size-large\"><img loading=\"lazy\" decoding=\"async\" width=\"1024\" height=\"684\" src=\"https:\/\/investdom-ostrowmaz.pl\/de\/wp-content\/uploads\/2026\/02\/8-1024x684.jpeg\" alt=\"\" class=\"wp-image-5870\" srcset=\"https:\/\/investdom-ostrowmaz.pl\/de\/wp-content\/uploads\/2026\/02\/8-1024x684.jpeg 1024w, https:\/\/investdom-ostrowmaz.pl\/de\/wp-content\/uploads\/2026\/02\/8-300x200.jpeg 300w, https:\/\/investdom-ostrowmaz.pl\/de\/wp-content\/uploads\/2026\/02\/8-768x513.jpeg 768w, https:\/\/investdom-ostrowmaz.pl\/de\/wp-content\/uploads\/2026\/02\/8-1536x1025.jpeg 1536w, https:\/\/investdom-ostrowmaz.pl\/de\/wp-content\/uploads\/2026\/02\/8-2048x1367.jpeg 2048w\" sizes=\"auto, (max-width: 1024px) 100vw, 1024px\" \/><\/figure>\n<\/div>\n\n\n\n<div class=\"gb-element-579e95ee\">\n<h2 class=\"gb-text\"><strong><strong><strong><strong>Verglasungen nach Ihren Bed\u00fcrfnissen \u2013 Komfort, Sicherheit und Energieeffizienz<\/strong><\/strong><\/strong><\/strong><\/h2>\n\n\n\n<p>Wir bieten eine gro\u00dfe Auswahl an Isolier-, Sicherheits-, Schallschutz- und W\u00e4rmed\u00e4mmverglasungen. Die richtige Verglasung ist der Schl\u00fcssel zu einem warmen, ruhigen und sicheren Zuhause. Entdecken Sie die verf\u00fcgbaren L\u00f6sungen und w\u00e4hlen Sie die Parameter, die perfekt zu Ihrem Geb\u00e4ude und Ihrem Lebensstil passen.<\/p>\n\n\n\n<a class=\"gb-text-87cb40bb\" href=\"https:\/\/investdom-ostrowmaz.pl\/de\/szyby\/\"><span class=\"gb-shape\"><svg aria-hidden=\"true\" role=\"img\" height=\"1em\" width=\"1em\" viewBox=\"0 0 256 512\" xmlns=\"http:\/\/www.w3.org\/2000\/svg\"><path fill=\"currentColor\" d=\"M224.3 273l-136 136c-9.4 9.4-24.6 9.4-33.9 0l-22.6-22.6c-9.4-9.4-9.4-24.6 0-33.9l96.4-96.4-96.4-96.4c-9.4-9.4-9.4-24.6 0-33.9L54.3 103c9.4-9.4 24.6-9.4 33.9 0l136 136c9.5 9.4 9.5 24.6.1 34z\"><\/path><\/svg><\/span><span class=\"gb-text\">ZU DEN VERGLASUNGEN<\/span><\/a>\n<\/div>\n<\/div>\n\n\n\n<div class=\"gb-element-388f64f4\">\n<div class=\"gb-element-766db172\">\n<h2 class=\"gb-text\"><strong><strong><strong><strong>Pergolen \u2013 stilvoller Au\u00dfenbereich das ganze Jahr \u00fcber<\/strong><\/strong><\/strong><\/strong><\/h2>\n\n\n\n<p>Schaffen Sie einen komfortablen Ort zum Entspannen im Garten oder auf der Terrasse. Unsere Pergolen sind elegante und funktionale Konstruktionen, die vor Sonne, Regen und Wind sch\u00fctzen und gleichzeitig Ihrem Au\u00dfenbereich Charakter verleihen. Entdecken Sie die verf\u00fcgbaren Modelle und gestalten Sie Ihre pers\u00f6nliche Wohlf\u00fchlzone.<\/p>\n\n\n\n<a class=\"gb-text-e8fceece\" href=\"https:\/\/investdom-ostrowmaz.pl\/de\/pergole\/\"><span class=\"gb-shape\"><svg aria-hidden=\"true\" role=\"img\" height=\"1em\" width=\"1em\" viewBox=\"0 0 256 512\" xmlns=\"http:\/\/www.w3.org\/2000\/svg\"><path fill=\"currentColor\" d=\"M224.3 273l-136 136c-9.4 9.4-24.6 9.4-33.9 0l-22.6-22.6c-9.4-9.4-9.4-24.6 0-33.9l96.4-96.4-96.4-96.4c-9.4-9.4-9.4-24.6 0-33.9L54.3 103c9.4-9.4 24.6-9.4 33.9 0l136 136c9.5 9.4 9.5 24.6.1 34z\"><\/path><\/svg><\/span><span class=\"gb-text\">ZU DEN PERGOLEN<\/span><\/a>\n<\/div>\n\n\n\n<div class=\"gb-element-21ab1e7d\">\n<figure class=\"wp-block-image size-full\"><img loading=\"lazy\" decoding=\"async\" width=\"2560\" height=\"1707\" src=\"https:\/\/investdom-ostrowmaz.pl\/de\/wp-content\/uploads\/2026\/02\/9-scaled.jpeg\" alt=\"\" class=\"wp-image-5871\" srcset=\"https:\/\/investdom-ostrowmaz.pl\/de\/wp-content\/uploads\/2026\/02\/9-scaled.jpeg 2560w, https:\/\/investdom-ostrowmaz.pl\/de\/wp-content\/uploads\/2026\/02\/9-300x200.jpeg 300w, https:\/\/investdom-ostrowmaz.pl\/de\/wp-content\/uploads\/2026\/02\/9-1024x683.jpeg 1024w, https:\/\/investdom-ostrowmaz.pl\/de\/wp-content\/uploads\/2026\/02\/9-768x512.jpeg 768w, https:\/\/investdom-ostrowmaz.pl\/de\/wp-content\/uploads\/2026\/02\/9-1536x1024.jpeg 1536w, https:\/\/investdom-ostrowmaz.pl\/de\/wp-content\/uploads\/2026\/02\/9-2048x1365.jpeg 2048w\" sizes=\"auto, (max-width: 2560px) 100vw, 2560px\" \/><\/figure>\n<\/div>\n<\/div>\n<\/div>\n","protected":false},"excerpt":{"rendered":"<p>Invest Dom Ostr\u00f3w Mazowiecka Pr\u00e4zise Montage, langlebiges Ergebnis \u2013 Fenster und T\u00fcren f\u00fcr viele Jahre Kontaktieren Sie uns Fenster, die jahrelangen Komfort bieten W\u00e4hlen Sie moderne Fenster, die \u00c4sthetik mit Energieeffizienz und Langlebigkeit verbinden. Wir bieten eine gro\u00dfe Auswahl bew\u00e4hrter Modelle \u2013 von klassisch bis modern \u2013 abgestimmt auf Ihren Stil und Ihre Bed\u00fcrfnisse. Entdecken &#8230; <a title=\"Strona g\u0142\u00f3wna\" class=\"read-more\" href=\"https:\/\/investdom-ostrowmaz.pl\/de\/\" aria-label=\"Dowiedz si\u0119 wi\u0119cej o Strona g\u0142\u00f3wna\">Czytaj dalej<\/a><\/p>\n","protected":false},"author":1,"featured_media":0,"parent":0,"menu_order":0,"comment_status":"closed","ping_status":"closed","template":"","meta":{"footnotes":""},"class_list":["post-13","page","type-page","status-publish"],"_links":{"self":[{"href":"https:\/\/investdom-ostrowmaz.pl\/de\/wp-json\/wp\/v2\/pages\/13","targetHints":{"allow":["GET"]}}],"collection":[{"href":"https:\/\/investdom-ostrowmaz.pl\/de\/wp-json\/wp\/v2\/pages"}],"about":[{"href":"https:\/\/investdom-ostrowmaz.pl\/de\/wp-json\/wp\/v2\/types\/page"}],"author":[{"embeddable":true,"href":"https:\/\/investdom-ostrowmaz.pl\/de\/wp-json\/wp\/v2\/users\/1"}],"replies":[{"embeddable":true,"href":"https:\/\/investdom-ostrowmaz.pl\/de\/wp-json\/wp\/v2\/comments?post=13"}],"version-history":[{"count":0,"href":"https:\/\/investdom-ostrowmaz.pl\/de\/wp-json\/wp\/v2\/pages\/13\/revisions"}],"wp:attachment":[{"href":"https:\/\/investdom-ostrowmaz.pl\/de\/wp-json\/wp\/v2\/media?parent=13"}],"curies":[{"name":"wp","href":"https:\/\/api.w.org\/{rel}","templated":true}]}}