{"id":114,"date":"2025-04-30T08:04:23","date_gmt":"2025-04-30T08:04:23","guid":{"rendered":"https:\/\/investdom-ostrowmaz.pl\/en\/?page_id=114"},"modified":"2026-02-19T13:36:55","modified_gmt":"2026-02-19T13:36:55","slug":"bramy-garazowe","status":"publish","type":"page","link":"https:\/\/investdom-ostrowmaz.pl\/en\/bramy\/bramy-garazowe\/","title":{"rendered":"Bramy gara\u017cowe"},"content":{"rendered":"\n<div class=\"gb-element-c9f533b8\">\n<div class=\"gb-element-7a1282a5\">\n<h1 class=\"gb-text gb-text-63cc3d35\">Garage Doors<\/h1>\n<\/div>\n\n\n\n<div class=\"gb-element-22f8b292\">\n<p class=\"gb-text gb-text-aa1ff2ce\">Garage doors are an essential feature of any home or commercial building. They provide security, protection against weather conditions, and a visually appealing finish to the facade. Depending on the building&#8217;s needs and specifications, various solutions are available\u2014sectional, roller, or up-and-over doors. Modern control systems and durable construction ensure convenience and reliable performance for years to come.<\/p>\n<\/div>\n\n\n\n<div class=\"gb-element-707ca379\">\n<div class=\"gb-element-db5f49f6\"><\/div>\n<\/div>\n\n\n\n<div class=\"gb-element-6eaa73bd\">\n<div class=\"gb-element-f27ecf9b\"><div class=\"wp-block-image\">\n<figure class=\"aligncenter size-full\"><img loading=\"lazy\" decoding=\"async\" width=\"2560\" height=\"1709\" src=\"https:\/\/investdom-ostrowmaz.pl\/en\/wp-content\/uploads\/2026\/02\/6-scaled.jpeg\" alt=\"\" class=\"wp-image-5898\" srcset=\"https:\/\/investdom-ostrowmaz.pl\/en\/wp-content\/uploads\/2026\/02\/6-scaled.jpeg 2560w, https:\/\/investdom-ostrowmaz.pl\/en\/wp-content\/uploads\/2026\/02\/6-300x200.jpeg 300w, https:\/\/investdom-ostrowmaz.pl\/en\/wp-content\/uploads\/2026\/02\/6-1024x683.jpeg 1024w, https:\/\/investdom-ostrowmaz.pl\/en\/wp-content\/uploads\/2026\/02\/6-768x513.jpeg 768w, https:\/\/investdom-ostrowmaz.pl\/en\/wp-content\/uploads\/2026\/02\/6-1536x1025.jpeg 1536w\" sizes=\"auto, (max-width: 2560px) 100vw, 2560px\" \/><\/figure>\n<\/div><\/div>\n\n\n\n<div class=\"gb-element-b550d9cf\">\n<h2 class=\"gb-text\">Sectional Garage Doors<\/h2>\n\n\n\n<p class=\"gb-text gb-text-18eea2e4\">Sectional garage doors are a modern and practical solution that provides excellent thermal insulation and saves space when opening.<\/p>\n\n\n\n<a class=\"gb-text gb-text-f78881eb\" href=\"https:\/\/investdom-ostrowmaz.pl\/en\/bramy\/bramy-garazowe\/bramy-garazowe-segmentowe-2\/\">SEE MORE<\/a>\n<\/div>\n<\/div>\n\n\n\n<div class=\"gb-element-ffc045bf\">\n<div class=\"gb-element-e3de635c\"><\/div>\n<\/div>\n\n\n\n<div class=\"gb-element-d913f16c\">\n<div class=\"gb-element-d6396792\"><div class=\"wp-block-image\">\n<figure class=\"aligncenter size-full\"><img loading=\"lazy\" decoding=\"async\" width=\"2560\" height=\"1396\" src=\"https:\/\/investdom-ostrowmaz.pl\/en\/wp-content\/uploads\/2026\/02\/19-bramy-garazowe-rozwierne-scaled.png\" alt=\"\" class=\"wp-image-5972\" srcset=\"https:\/\/investdom-ostrowmaz.pl\/en\/wp-content\/uploads\/2026\/02\/19-bramy-garazowe-rozwierne-scaled.png 2560w, https:\/\/investdom-ostrowmaz.pl\/en\/wp-content\/uploads\/2026\/02\/19-bramy-garazowe-rozwierne-300x164.png 300w, https:\/\/investdom-ostrowmaz.pl\/en\/wp-content\/uploads\/2026\/02\/19-bramy-garazowe-rozwierne-1024x559.png 1024w, https:\/\/investdom-ostrowmaz.pl\/en\/wp-content\/uploads\/2026\/02\/19-bramy-garazowe-rozwierne-768x419.png 768w, https:\/\/investdom-ostrowmaz.pl\/en\/wp-content\/uploads\/2026\/02\/19-bramy-garazowe-rozwierne-1536x838.png 1536w, https:\/\/investdom-ostrowmaz.pl\/en\/wp-content\/uploads\/2026\/02\/19-bramy-garazowe-rozwierne-2048x1117.png 2048w\" sizes=\"auto, (max-width: 2560px) 100vw, 2560px\" \/><\/figure>\n<\/div><\/div>\n\n\n\n<div class=\"gb-element-b4e61226\">\n<h2 class=\"gb-text\">Side-Hinged Garage Doors<\/h2>\n\n\n\n<p class=\"gb-text gb-text-a94a3f3e\">Side-hinged garage doors are a classic and robust solution, ideal for traditional buildings and projects with simple functional requirements.<\/p>\n\n\n\n<a class=\"gb-text gb-text-86a3bf8f\" href=\"https:\/\/investdom-ostrowmaz.pl\/en\/bramy\/bramy-garazowe\/bramy-garazowe-rozwierne-2\/\">SEE MORE<\/a>\n<\/div>\n<\/div>\n\n\n\n<div class=\"gb-element-cfe10171\">\n<div class=\"gb-element-1a37acba\"><\/div>\n<\/div>\n\n\n\n<div class=\"gb-element-5ffb1925\">\n<div class=\"gb-element-b4706d81\"><div class=\"wp-block-image\">\n<figure class=\"aligncenter size-full\"><img loading=\"lazy\" decoding=\"async\" width=\"2560\" height=\"1752\" src=\"https:\/\/investdom-ostrowmaz.pl\/en\/wp-content\/uploads\/2026\/02\/20-bramy-rolowane-scaled.jpeg\" alt=\"\" class=\"wp-image-5974\" srcset=\"https:\/\/investdom-ostrowmaz.pl\/en\/wp-content\/uploads\/2026\/02\/20-bramy-rolowane-scaled.jpeg 2560w, https:\/\/investdom-ostrowmaz.pl\/en\/wp-content\/uploads\/2026\/02\/20-bramy-rolowane-300x205.jpeg 300w, https:\/\/investdom-ostrowmaz.pl\/en\/wp-content\/uploads\/2026\/02\/20-bramy-rolowane-1024x701.jpeg 1024w, https:\/\/investdom-ostrowmaz.pl\/en\/wp-content\/uploads\/2026\/02\/20-bramy-rolowane-768x526.jpeg 768w, https:\/\/investdom-ostrowmaz.pl\/en\/wp-content\/uploads\/2026\/02\/20-bramy-rolowane-1536x1051.jpeg 1536w, https:\/\/investdom-ostrowmaz.pl\/en\/wp-content\/uploads\/2026\/02\/20-bramy-rolowane-2048x1402.jpeg 2048w\" sizes=\"auto, (max-width: 2560px) 100vw, 2560px\" \/><\/figure>\n<\/div><\/div>\n\n\n\n<div class=\"gb-element-c1f9d492\">\n<h2 class=\"gb-text\">Roller Garage Doors<\/h2>\n\n\n\n<p class=\"gb-text gb-text-7cb63978\">Roller garage doors are a practical solution that saves space and offers everyday convenience. They are well-suited for both residential garages and industrial buildings.<\/p>\n\n\n\n<a class=\"gb-text gb-text-0d0d9a90\" href=\"https:\/\/investdom-ostrowmaz.pl\/en\/bramy\/bramy-garazowe\/bramy-rolowane-2\/\">SEE MORE<\/a>\n<\/div>\n<\/div>\n<\/div>\n","protected":false},"excerpt":{"rendered":"<p>Garage Doors Garage doors are an essential feature of any home or commercial building. They provide security, protection against weather conditions, and a visually appealing finish to the facade. Depending on the building&#8217;s needs and specifications, various solutions are available\u2014sectional, roller, or up-and-over doors. Modern control systems and durable construction ensure convenience and reliable performance &#8230; <a title=\"Bramy gara\u017cowe\" class=\"read-more\" href=\"https:\/\/investdom-ostrowmaz.pl\/en\/bramy\/bramy-garazowe\/\" aria-label=\"Dowiedz si\u0119 wi\u0119cej o Bramy gara\u017cowe\">Czytaj dalej<\/a><\/p>\n","protected":false},"author":1,"featured_media":0,"parent":112,"menu_order":0,"comment_status":"closed","ping_status":"closed","template":"","meta":{"footnotes":""},"class_list":["post-114","page","type-page","status-publish"],"_links":{"self":[{"href":"https:\/\/investdom-ostrowmaz.pl\/en\/wp-json\/wp\/v2\/pages\/114","targetHints":{"allow":["GET"]}}],"collection":[{"href":"https:\/\/investdom-ostrowmaz.pl\/en\/wp-json\/wp\/v2\/pages"}],"about":[{"href":"https:\/\/investdom-ostrowmaz.pl\/en\/wp-json\/wp\/v2\/types\/page"}],"author":[{"embeddable":true,"href":"https:\/\/investdom-ostrowmaz.pl\/en\/wp-json\/wp\/v2\/users\/1"}],"replies":[{"embeddable":true,"href":"https:\/\/investdom-ostrowmaz.pl\/en\/wp-json\/wp\/v2\/comments?post=114"}],"version-history":[{"count":0,"href":"https:\/\/investdom-ostrowmaz.pl\/en\/wp-json\/wp\/v2\/pages\/114\/revisions"}],"up":[{"embeddable":true,"href":"https:\/\/investdom-ostrowmaz.pl\/en\/wp-json\/wp\/v2\/pages\/112"}],"wp:attachment":[{"href":"https:\/\/investdom-ostrowmaz.pl\/en\/wp-json\/wp\/v2\/media?parent=114"}],"curies":[{"name":"wp","href":"https:\/\/api.w.org\/{rel}","templated":true}]}}