{"id":2442,"date":"2025-06-13T06:49:13","date_gmt":"2025-06-13T06:49:13","guid":{"rendered":"https:\/\/investdom-ostrowmaz.pl\/en\/?page_id=2442"},"modified":"2026-02-19T12:00:33","modified_gmt":"2026-02-19T12:00:33","slug":"drzwi-wewnetrzne-2","status":"publish","type":"page","link":"https:\/\/investdom-ostrowmaz.pl\/en\/drzwi\/drzwi-wewnetrzne-2\/","title":{"rendered":"Drzwi wewn\u0119trzne"},"content":{"rendered":"\n<div class=\"gb-element-c9f533b8\">\n<div class=\"gb-element-7a1282a5\">\n<h1 class=\"gb-text gb-text-63cc3d35\">Interior Doors<\/h1>\n<\/div>\n\n\n\n<div class=\"gb-element-22f8b292\">\n<p class=\"gb-text gb-text-aa1ff2ce\">Interior doors serve not only a practical but also an aesthetic function, shaping the character of your interior spaces. Available in a variety of styles and finishes, they allow you to match the look to any room design. They provide acoustic comfort, privacy, and durability. By choosing the right model, you can highlight your home\u2019s unique style and enjoy everyday convenience for years to come.<\/p>\n<\/div>\n\n\n\n<div class=\"gb-element-707ca379\">\n<div class=\"gb-element-db5f49f6\"><\/div>\n<\/div>\n\n\n\n<div class=\"gb-element-6eaa73bd\">\n<div class=\"gb-element-f27ecf9b\"><div class=\"wp-block-image\">\n<figure class=\"aligncenter size-full\"><img loading=\"lazy\" decoding=\"async\" width=\"1000\" height=\"444\" src=\"https:\/\/investdom-ostrowmaz.pl\/en\/wp-content\/uploads\/2026\/02\/logo-eko-okna-2.png\" alt=\"\" class=\"wp-image-5903\" srcset=\"https:\/\/investdom-ostrowmaz.pl\/en\/wp-content\/uploads\/2026\/02\/logo-eko-okna-2.png 1000w, https:\/\/investdom-ostrowmaz.pl\/en\/wp-content\/uploads\/2026\/02\/logo-eko-okna-2-300x133.png 300w, https:\/\/investdom-ostrowmaz.pl\/en\/wp-content\/uploads\/2026\/02\/logo-eko-okna-2-768x341.png 768w\" sizes=\"auto, (max-width: 1000px) 100vw, 1000px\" \/><\/figure>\n<\/div><\/div>\n\n\n\n<div class=\"gb-element-b550d9cf\">\n<h2 class=\"gb-text\">Eko Okna Interior Doors<\/h2>\n\n\n\n<p class=\"gb-text gb-text-18eea2e4\">Eko Okna interior doors combine modern design with solid craftsmanship. They are ideal for interiors that demand aesthetics, durability, and everyday comfort.<\/p>\n\n\n\n<a class=\"gb-text gb-text-f78881eb\" href=\"https:\/\/ekookna.pl\/ekopl\/produkty\/drzwi\/drzwi-wewnetrzne\" target=\"_blank\" rel=\"noopener\">SEE MORE<\/a>\n<\/div>\n<\/div>\n\n\n\n<div class=\"gb-element-ffc045bf\">\n<div class=\"gb-element-e3de635c\"><\/div>\n<\/div>\n\n\n\n<div class=\"gb-element-d913f16c\">\n<div class=\"gb-element-d6396792\"><div class=\"wp-block-image\">\n<figure class=\"aligncenter size-full\"><img loading=\"lazy\" decoding=\"async\" width=\"800\" height=\"574\" src=\"https:\/\/investdom-ostrowmaz.pl\/en\/wp-content\/uploads\/2026\/02\/porta.png\" alt=\"\" class=\"wp-image-5919\" srcset=\"https:\/\/investdom-ostrowmaz.pl\/en\/wp-content\/uploads\/2026\/02\/porta.png 800w, https:\/\/investdom-ostrowmaz.pl\/en\/wp-content\/uploads\/2026\/02\/porta-300x215.png 300w, https:\/\/investdom-ostrowmaz.pl\/en\/wp-content\/uploads\/2026\/02\/porta-768x551.png 768w\" sizes=\"auto, (max-width: 800px) 100vw, 800px\" \/><\/figure>\n<\/div><\/div>\n\n\n\n<div class=\"gb-element-b4e61226\">\n<h2 class=\"gb-text\">PORTA Interior Doors<\/h2>\n\n\n\n<p class=\"gb-text gb-text-a94a3f3e\">PORTA interior doors combine aesthetics with functionality. Available in a wide range of styles and colors, they suit both modern and traditional interiors.<\/p>\n\n\n\n<a class=\"gb-text gb-text-86a3bf8f\" href=\"https:\/\/www.porta.com.pl\/produkty\/drzwi-wewnetrzne\" target=\"_blank\" rel=\"noopener\">SEE MORE<\/a>\n<\/div>\n<\/div>\n\n\n\n<div class=\"gb-element-cfe10171\">\n<div class=\"gb-element-1a37acba\"><\/div>\n<\/div>\n\n\n\n<div class=\"gb-element-551b8700\">\n<div class=\"gb-element-4cfe93dd\"><div class=\"wp-block-image\">\n<figure class=\"aligncenter size-full\"><img loading=\"lazy\" decoding=\"async\" width=\"480\" height=\"291\" src=\"https:\/\/investdom-ostrowmaz.pl\/en\/wp-content\/uploads\/2026\/02\/dre.jpg\" alt=\"\" class=\"wp-image-5920\" srcset=\"https:\/\/investdom-ostrowmaz.pl\/en\/wp-content\/uploads\/2026\/02\/dre.jpg 480w, https:\/\/investdom-ostrowmaz.pl\/en\/wp-content\/uploads\/2026\/02\/dre-300x182.jpg 300w\" sizes=\"auto, (max-width: 480px) 100vw, 480px\" \/><\/figure>\n<\/div><\/div>\n\n\n\n<div class=\"gb-element-67d7e04f\">\n<h2 class=\"gb-text\">DRE Interior Doors<\/h2>\n\n\n\n<p class=\"gb-text gb-text-7a26a011\">DRE interior doors combine modern design with functionality. The wide selection of models makes it easy to match them with any interior style.<\/p>\n\n\n\n<a class=\"gb-text gb-text-0dfad119\" href=\"https:\/\/dre.pl\/produkty\/\" target=\"_blank\" rel=\"noopener\">SEE MORE<\/a>\n<\/div>\n<\/div>\n\n\n\n<div class=\"gb-element-03ac7ee7\">\n<div class=\"gb-element-320d3feb\"><\/div>\n<\/div>\n\n\n\n<div class=\"gb-element-5ffb1925\">\n<div class=\"gb-element-b4706d81\"><div class=\"wp-block-image\">\n<figure class=\"aligncenter size-full\"><img loading=\"lazy\" decoding=\"async\" width=\"215\" height=\"134\" src=\"https:\/\/investdom-ostrowmaz.pl\/en\/wp-content\/uploads\/2026\/02\/erkado.webp\" alt=\"\" class=\"wp-image-5915\"\/><\/figure>\n<\/div><\/div>\n\n\n\n<div class=\"gb-element-c1f9d492\">\n<h2 class=\"gb-text\">Erkado Interior Doors<\/h2>\n\n\n\n<p class=\"gb-text gb-text-7cb63978\">Erkado interior doors combine solid craftsmanship with appealing aesthetics. A wide range of patterns and colors makes them suitable for any interior.<\/p>\n\n\n\n<a class=\"gb-text gb-text-0d0d9a90\" href=\"https:\/\/erkado.pl\/produkty\/drzwi-wewnetrzne\/\" target=\"_blank\" rel=\"noopener\">SEE MORE<\/a>\n<\/div>\n<\/div>\n\n\n\n<div class=\"gb-element-9ff5ac33\">\n<div class=\"gb-element-043f6677\"><\/div>\n<\/div>\n\n\n\n<div class=\"gb-element-4427bdca\">\n<div class=\"gb-element-5ca5b081\"><div class=\"wp-block-image\">\n<figure class=\"aligncenter size-full\"><img loading=\"lazy\" decoding=\"async\" width=\"260\" height=\"260\" src=\"https:\/\/investdom-ostrowmaz.pl\/en\/wp-content\/uploads\/2026\/02\/pol-skone.png\" alt=\"\" class=\"wp-image-5921\" srcset=\"https:\/\/investdom-ostrowmaz.pl\/en\/wp-content\/uploads\/2026\/02\/pol-skone.png 260w, https:\/\/investdom-ostrowmaz.pl\/en\/wp-content\/uploads\/2026\/02\/pol-skone-150x150.png 150w\" sizes=\"auto, (max-width: 260px) 100vw, 260px\" \/><\/figure>\n<\/div><\/div>\n\n\n\n<div class=\"gb-element-1942d529\">\n<h2 class=\"gb-text\">POL-SKONE Interior Doors<\/h2>\n\n\n\n<p class=\"gb-text gb-text-a01a3c1d\">POL-SKONE interior doors stand out with modern design and high quality. They blend perfectly with various interior styles.<\/p>\n\n\n\n<a class=\"gb-text gb-text-9868c21c\" href=\"https:\/\/www.pol-skone.pl\/produkty\/drzwi-wewnetrzne\" target=\"_blank\" rel=\"noopener\">SEE MORE<\/a>\n<\/div>\n<\/div>\n\n\n\n<div class=\"gb-element-000ad920\">\n<div class=\"gb-element-44ba30aa\"><\/div>\n<\/div>\n\n\n\n<div class=\"gb-element-f81edfa1\">\n<div class=\"gb-element-482eaa1a\"><div class=\"wp-block-image\">\n<figure class=\"aligncenter size-full\"><img loading=\"lazy\" decoding=\"async\" width=\"300\" height=\"169\" src=\"https:\/\/investdom-ostrowmaz.pl\/en\/wp-content\/uploads\/2026\/02\/baranski.png\" alt=\"\" class=\"wp-image-5913\"\/><\/figure>\n<\/div><\/div>\n\n\n\n<div class=\"gb-element-701b1481\">\n<h2 class=\"gb-text\">Bara\u0144ski Interior Doors<\/h2>\n\n\n\n<p class=\"gb-text gb-text-9eedf7e0\">Bara\u0144ski interior doors combine elegance and durability. Natural materials, attention to detail, and stylish design create a unique solution for any interior.<\/p>\n\n\n\n<a class=\"gb-text gb-text-48e77c9b\" href=\"https:\/\/baranskidrzwi.pl\/produkty\/drzwi-wewnetrzne\/\" target=\"_blank\" rel=\"noopener\">SEE MORE<\/a>\n<\/div>\n<\/div>\n<\/div>\n","protected":false},"excerpt":{"rendered":"<p>Interior Doors Interior doors serve not only a practical but also an aesthetic function, shaping the character of your interior spaces. Available in a variety of styles and finishes, they allow you to match the look to any room design. They provide acoustic comfort, privacy, and durability. By choosing the right model, you can highlight &#8230; <a title=\"Drzwi wewn\u0119trzne\" class=\"read-more\" href=\"https:\/\/investdom-ostrowmaz.pl\/en\/drzwi\/drzwi-wewnetrzne-2\/\" aria-label=\"Dowiedz si\u0119 wi\u0119cej o Drzwi wewn\u0119trzne\">Czytaj dalej<\/a><\/p>\n","protected":false},"author":1,"featured_media":0,"parent":32,"menu_order":0,"comment_status":"closed","ping_status":"closed","template":"","meta":{"footnotes":""},"class_list":["post-2442","page","type-page","status-publish"],"_links":{"self":[{"href":"https:\/\/investdom-ostrowmaz.pl\/en\/wp-json\/wp\/v2\/pages\/2442","targetHints":{"allow":["GET"]}}],"collection":[{"href":"https:\/\/investdom-ostrowmaz.pl\/en\/wp-json\/wp\/v2\/pages"}],"about":[{"href":"https:\/\/investdom-ostrowmaz.pl\/en\/wp-json\/wp\/v2\/types\/page"}],"author":[{"embeddable":true,"href":"https:\/\/investdom-ostrowmaz.pl\/en\/wp-json\/wp\/v2\/users\/1"}],"replies":[{"embeddable":true,"href":"https:\/\/investdom-ostrowmaz.pl\/en\/wp-json\/wp\/v2\/comments?post=2442"}],"version-history":[{"count":0,"href":"https:\/\/investdom-ostrowmaz.pl\/en\/wp-json\/wp\/v2\/pages\/2442\/revisions"}],"up":[{"embeddable":true,"href":"https:\/\/investdom-ostrowmaz.pl\/en\/wp-json\/wp\/v2\/pages\/32"}],"wp:attachment":[{"href":"https:\/\/investdom-ostrowmaz.pl\/en\/wp-json\/wp\/v2\/media?parent=2442"}],"curies":[{"name":"wp","href":"https:\/\/api.w.org\/{rel}","templated":true}]}}