{"id":2483,"date":"2025-06-13T11:03:27","date_gmt":"2025-06-13T11:03:27","guid":{"rendered":"https:\/\/investdom-ostrowmaz.pl\/en\/?page_id=2483"},"modified":"2026-02-19T13:13:10","modified_gmt":"2026-02-19T13:13:10","slug":"rolety-wewnetrzne-2","status":"publish","type":"page","link":"https:\/\/investdom-ostrowmaz.pl\/en\/oslony-okienne\/rolety\/rolety-wewnetrzne-2\/","title":{"rendered":"Rolety wewn\u0119trzne"},"content":{"rendered":"\n<div class=\"gb-element-c9f533b8\">\n<div class=\"gb-element-7a1282a5\">\n<h1 class=\"gb-text gb-text-63cc3d35\">Interior Roller Blinds<\/h1>\n<\/div>\n\n\n\n<div class=\"gb-element-22f8b292\">\n<p class=\"gb-text gb-text-aa1ff2ce\">Interior roller blinds are a practical and stylish solution for any room. They protect against excessive light, provide privacy, and influence the atmosphere of the space. Available in various types \u2013 from classic to day-night and pleated \u2013 they can be perfectly matched to the style and function of any interior. A wide range of colors and materials makes roller blinds not only functional but also decorative.<\/p>\n<\/div>\n\n\n\n<div class=\"gb-element-707ca379\">\n<div class=\"gb-element-db5f49f6\"><\/div>\n<\/div>\n\n\n\n<div class=\"gb-element-6eaa73bd\">\n<div class=\"gb-element-f27ecf9b\"><div class=\"wp-block-image\">\n<figure class=\"aligncenter size-full\"><img loading=\"lazy\" decoding=\"async\" width=\"1000\" height=\"444\" src=\"https:\/\/investdom-ostrowmaz.pl\/en\/wp-content\/uploads\/2026\/02\/logo-eko-okna-2.png\" alt=\"\" class=\"wp-image-5903\" srcset=\"https:\/\/investdom-ostrowmaz.pl\/en\/wp-content\/uploads\/2026\/02\/logo-eko-okna-2.png 1000w, https:\/\/investdom-ostrowmaz.pl\/en\/wp-content\/uploads\/2026\/02\/logo-eko-okna-2-300x133.png 300w, https:\/\/investdom-ostrowmaz.pl\/en\/wp-content\/uploads\/2026\/02\/logo-eko-okna-2-768x341.png 768w\" sizes=\"auto, (max-width: 1000px) 100vw, 1000px\" \/><\/figure>\n<\/div><\/div>\n\n\n\n<div class=\"gb-element-b550d9cf\">\n<h2 class=\"gb-text\">Eko Okna Interior Roller Blinds<\/h2>\n\n\n\n<p class=\"gb-text gb-text-18eea2e4\">Eko Okna interior roller blinds are functional and stylish coverings that provide comfort, privacy, and a perfect match for any interior design.<\/p>\n\n\n\n<a class=\"gb-text gb-text-f78881eb\" href=\"https:\/\/ekookna.pl\/ekopl\/produkty\/oslony-okienne\/rolety\/rolety-wewnetrzne\" target=\"_blank\" rel=\"noopener\">SEE MORE<\/a>\n<\/div>\n<\/div>\n\n\n\n<div class=\"gb-element-ffc045bf\">\n<div class=\"gb-element-e3de635c\"><\/div>\n<\/div>\n\n\n\n<div class=\"gb-element-d913f16c\">\n<div class=\"gb-element-d6396792\"><div class=\"wp-block-image\">\n<figure class=\"aligncenter size-full\"><img loading=\"lazy\" decoding=\"async\" width=\"800\" height=\"270\" src=\"https:\/\/investdom-ostrowmaz.pl\/en\/wp-content\/uploads\/2026\/02\/hanarol.png\" alt=\"\" class=\"wp-image-5950\" srcset=\"https:\/\/investdom-ostrowmaz.pl\/en\/wp-content\/uploads\/2026\/02\/hanarol.png 800w, https:\/\/investdom-ostrowmaz.pl\/en\/wp-content\/uploads\/2026\/02\/hanarol-300x101.png 300w, https:\/\/investdom-ostrowmaz.pl\/en\/wp-content\/uploads\/2026\/02\/hanarol-768x259.png 768w\" sizes=\"auto, (max-width: 800px) 100vw, 800px\" \/><\/figure>\n<\/div><\/div>\n\n\n\n<div class=\"gb-element-b4e61226\">\n<h2 class=\"gb-text\">Hanarol Interior Roller Blinds<\/h2>\n\n\n\n<p class=\"gb-text gb-text-a94a3f3e\">Hanarol interior roller blinds are stylish and durable solutions that effectively block light and provide privacy in any room.<\/p>\n\n\n\n<a class=\"gb-text gb-text-86a3bf8f\" href=\"https:\/\/www.hanarol.pl\/oferta\/oslony-wewnetrzne.html\" target=\"_blank\" rel=\"noopener\">SEE MORE<\/a>\n<\/div>\n<\/div>\n<\/div>\n","protected":false},"excerpt":{"rendered":"<p>Interior Roller Blinds Interior roller blinds are a practical and stylish solution for any room. They protect against excessive light, provide privacy, and influence the atmosphere of the space. Available in various types \u2013 from classic to day-night and pleated \u2013 they can be perfectly matched to the style and function of any interior. A &#8230; <a title=\"Rolety wewn\u0119trzne\" class=\"read-more\" href=\"https:\/\/investdom-ostrowmaz.pl\/en\/oslony-okienne\/rolety\/rolety-wewnetrzne-2\/\" aria-label=\"Dowiedz si\u0119 wi\u0119cej o Rolety wewn\u0119trzne\">Czytaj dalej<\/a><\/p>\n","protected":false},"author":1,"featured_media":0,"parent":70,"menu_order":0,"comment_status":"closed","ping_status":"closed","template":"","meta":{"footnotes":""},"class_list":["post-2483","page","type-page","status-publish"],"_links":{"self":[{"href":"https:\/\/investdom-ostrowmaz.pl\/en\/wp-json\/wp\/v2\/pages\/2483","targetHints":{"allow":["GET"]}}],"collection":[{"href":"https:\/\/investdom-ostrowmaz.pl\/en\/wp-json\/wp\/v2\/pages"}],"about":[{"href":"https:\/\/investdom-ostrowmaz.pl\/en\/wp-json\/wp\/v2\/types\/page"}],"author":[{"embeddable":true,"href":"https:\/\/investdom-ostrowmaz.pl\/en\/wp-json\/wp\/v2\/users\/1"}],"replies":[{"embeddable":true,"href":"https:\/\/investdom-ostrowmaz.pl\/en\/wp-json\/wp\/v2\/comments?post=2483"}],"version-history":[{"count":0,"href":"https:\/\/investdom-ostrowmaz.pl\/en\/wp-json\/wp\/v2\/pages\/2483\/revisions"}],"up":[{"embeddable":true,"href":"https:\/\/investdom-ostrowmaz.pl\/en\/wp-json\/wp\/v2\/pages\/70"}],"wp:attachment":[{"href":"https:\/\/investdom-ostrowmaz.pl\/en\/wp-json\/wp\/v2\/media?parent=2483"}],"curies":[{"name":"wp","href":"https:\/\/api.w.org\/{rel}","templated":true}]}}