{"id":2489,"date":"2025-06-13T11:09:14","date_gmt":"2025-06-13T11:09:14","guid":{"rendered":"https:\/\/investdom-ostrowmaz.pl\/en\/?page_id=2489"},"modified":"2026-02-19T13:16:54","modified_gmt":"2026-02-19T13:16:54","slug":"rolety-zewnetrzne-2","status":"publish","type":"page","link":"https:\/\/investdom-ostrowmaz.pl\/en\/oslony-okienne\/rolety\/rolety-zewnetrzne-2\/","title":{"rendered":"Rolety zewn\u0119trzne"},"content":{"rendered":"\n<div class=\"gb-element-c9f533b8\">\n<div class=\"gb-element-7a1282a5\">\n<h1 class=\"gb-text gb-text-63cc3d35\">Exterior Roller Blinds<\/h1>\n<\/div>\n\n\n\n<div class=\"gb-element-22f8b292\">\n<p class=\"gb-text gb-text-aa1ff2ce\">Exterior roller blinds provide effective protection against sunlight, noise, cold, and unwanted intruders. They improve the building\u2019s thermal insulation, enhance security, and offer greater comfort for residents. With various installation systems \u2013 adaptive, top-mounted, or concealed \u2013 they can be tailored to any type of facade. They also serve as an aesthetically pleasing addition to the exterior of the home.<\/p>\n<\/div>\n\n\n\n<div class=\"gb-element-707ca379\">\n<div class=\"gb-element-db5f49f6\"><\/div>\n<\/div>\n\n\n\n<div class=\"gb-element-6eaa73bd\">\n<div class=\"gb-element-f27ecf9b\"><div class=\"wp-block-image\">\n<figure class=\"aligncenter size-full\"><img loading=\"lazy\" decoding=\"async\" width=\"1000\" height=\"444\" src=\"https:\/\/investdom-ostrowmaz.pl\/en\/wp-content\/uploads\/2026\/02\/logo-eko-okna-2.png\" alt=\"\" class=\"wp-image-5903\" srcset=\"https:\/\/investdom-ostrowmaz.pl\/en\/wp-content\/uploads\/2026\/02\/logo-eko-okna-2.png 1000w, https:\/\/investdom-ostrowmaz.pl\/en\/wp-content\/uploads\/2026\/02\/logo-eko-okna-2-300x133.png 300w, https:\/\/investdom-ostrowmaz.pl\/en\/wp-content\/uploads\/2026\/02\/logo-eko-okna-2-768x341.png 768w\" sizes=\"auto, (max-width: 1000px) 100vw, 1000px\" \/><\/figure>\n<\/div><\/div>\n\n\n\n<div class=\"gb-element-b550d9cf\">\n<h2 class=\"gb-text\">Exterior Roller Blinds by Eko Okna<\/h2>\n\n\n\n<p class=\"gb-text gb-text-18eea2e4\">Exterior roller blinds by Eko Okna provide protection from sunlight, noise, and heat loss. Durable, aesthetically pleasing, and compatible with various installation systems.<\/p>\n\n\n\n<a class=\"gb-text gb-text-f78881eb\" href=\"https:\/\/ekookna.pl\/ekopl\/produkty\/oslony-okienne\/rolety\/rolety-zewnetrzne\" target=\"_blank\" rel=\"noopener\">SEE MORE<\/a>\n<\/div>\n<\/div>\n\n\n\n<div class=\"gb-element-ffc045bf\">\n<div class=\"gb-element-e3de635c\"><\/div>\n<\/div>\n\n\n\n<div class=\"gb-element-d913f16c\">\n<div class=\"gb-element-d6396792\"><div class=\"wp-block-image\">\n<figure class=\"aligncenter size-full\"><img loading=\"lazy\" decoding=\"async\" width=\"800\" height=\"270\" src=\"https:\/\/investdom-ostrowmaz.pl\/en\/wp-content\/uploads\/2026\/02\/hanarol.png\" alt=\"\" class=\"wp-image-5950\" srcset=\"https:\/\/investdom-ostrowmaz.pl\/en\/wp-content\/uploads\/2026\/02\/hanarol.png 800w, https:\/\/investdom-ostrowmaz.pl\/en\/wp-content\/uploads\/2026\/02\/hanarol-300x101.png 300w, https:\/\/investdom-ostrowmaz.pl\/en\/wp-content\/uploads\/2026\/02\/hanarol-768x259.png 768w\" sizes=\"auto, (max-width: 800px) 100vw, 800px\" \/><\/figure>\n<\/div><\/div>\n\n\n\n<div class=\"gb-element-b4e61226\">\n<h2 class=\"gb-text\">Exterior Roller Blinds by Hanarol<\/h2>\n\n\n\n<p class=\"gb-text gb-text-a94a3f3e\">Hanarol exterior roller blinds offer reliable protection from sunlight, cold, and noise. Durable, stylish, and suitable for various types of buildings and facades.<\/p>\n\n\n\n<a class=\"gb-text gb-text-86a3bf8f\" href=\"https:\/\/www.hanarol.pl\/oferta\/oslony-zewnetrzne\/rolety-zewnetrzne.html\" target=\"_blank\" rel=\"noopener\">SEE MORE<\/a>\n<\/div>\n<\/div>\n\n\n\n<div class=\"gb-element-cfe10171\">\n<div class=\"gb-element-1a37acba\"><\/div>\n<\/div>\n\n\n\n<div class=\"gb-element-5ffb1925\">\n<div class=\"gb-element-b4706d81\"><div class=\"wp-block-image\">\n<figure class=\"aligncenter size-full\"><img loading=\"lazy\" decoding=\"async\" width=\"1001\" height=\"290\" src=\"https:\/\/investdom-ostrowmaz.pl\/en\/wp-content\/uploads\/2026\/02\/krishome.png\" alt=\"\" class=\"wp-image-5954\" srcset=\"https:\/\/investdom-ostrowmaz.pl\/en\/wp-content\/uploads\/2026\/02\/krishome.png 1001w, https:\/\/investdom-ostrowmaz.pl\/en\/wp-content\/uploads\/2026\/02\/krishome-300x87.png 300w, https:\/\/investdom-ostrowmaz.pl\/en\/wp-content\/uploads\/2026\/02\/krishome-768x222.png 768w\" sizes=\"auto, (max-width: 1001px) 100vw, 1001px\" \/><\/figure>\n<\/div><\/div>\n\n\n\n<div class=\"gb-element-c1f9d492\">\n<h2 class=\"gb-text\">Exterior Roller Blinds by Krishome (formerly Krispol)<\/h2>\n\n\n\n<p class=\"gb-text gb-text-7cb63978\">Krishome exterior roller blinds are modern coverings that protect against sunlight, noise, and cold\u2014enhancing comfort and safety for any building.<\/p>\n\n\n\n<a class=\"gb-text gb-text-0d0d9a90\" href=\"https:\/\/krishome.pl\/rolety-zewnetrzne\/\" target=\"_blank\" rel=\"noopener\">SEE MORE<\/a>\n<\/div>\n<\/div>\n\n\n\n<div class=\"gb-element-2523934c\">\n<div class=\"gb-element-029df63e\"><\/div>\n<\/div>\n\n\n\n<div class=\"gb-element-f261b52c\">\n<div class=\"gb-element-6b9c07fd\"><div class=\"wp-block-image\">\n<figure class=\"aligncenter size-full\"><img loading=\"lazy\" decoding=\"async\" width=\"2560\" height=\"1412\" src=\"https:\/\/investdom-ostrowmaz.pl\/en\/wp-content\/uploads\/2026\/02\/portos-scaled.png\" alt=\"\" class=\"wp-image-5955\" srcset=\"https:\/\/investdom-ostrowmaz.pl\/en\/wp-content\/uploads\/2026\/02\/portos-scaled.png 2560w, https:\/\/investdom-ostrowmaz.pl\/en\/wp-content\/uploads\/2026\/02\/portos-300x166.png 300w, https:\/\/investdom-ostrowmaz.pl\/en\/wp-content\/uploads\/2026\/02\/portos-1024x565.png 1024w, https:\/\/investdom-ostrowmaz.pl\/en\/wp-content\/uploads\/2026\/02\/portos-768x424.png 768w, https:\/\/investdom-ostrowmaz.pl\/en\/wp-content\/uploads\/2026\/02\/portos-1536x847.png 1536w, https:\/\/investdom-ostrowmaz.pl\/en\/wp-content\/uploads\/2026\/02\/portos-2048x1130.png 2048w\" sizes=\"auto, (max-width: 2560px) 100vw, 2560px\" \/><\/figure>\n<\/div><\/div>\n\n\n\n<div class=\"gb-element-cc511bec\">\n<h2 class=\"gb-text\">Exterior Roller Blinds by Portos<\/h2>\n\n\n\n<p class=\"gb-text gb-text-3e8d1e7f\">Portos exterior roller blinds are durable and stylish coverings that effectively protect against sunlight, noise, and cold\u2014enhancing the comfort and security of the building.<\/p>\n\n\n\n<a class=\"gb-text gb-text-26cc1eec\" href=\"https:\/\/www.portosrolety.pl\/kategorie\/rolety-zewnetrzne\/\" target=\"_blank\" rel=\"noopener\">SEE MORE<\/a>\n<\/div>\n<\/div>\n<\/div>\n","protected":false},"excerpt":{"rendered":"<p>Exterior Roller Blinds Exterior roller blinds provide effective protection against sunlight, noise, cold, and unwanted intruders. They improve the building\u2019s thermal insulation, enhance security, and offer greater comfort for residents. With various installation systems \u2013 adaptive, top-mounted, or concealed \u2013 they can be tailored to any type of facade. They also serve as an aesthetically &#8230; <a title=\"Rolety zewn\u0119trzne\" class=\"read-more\" href=\"https:\/\/investdom-ostrowmaz.pl\/en\/oslony-okienne\/rolety\/rolety-zewnetrzne-2\/\" aria-label=\"Dowiedz si\u0119 wi\u0119cej o Rolety zewn\u0119trzne\">Czytaj dalej<\/a><\/p>\n","protected":false},"author":1,"featured_media":0,"parent":70,"menu_order":0,"comment_status":"closed","ping_status":"closed","template":"","meta":{"footnotes":""},"class_list":["post-2489","page","type-page","status-publish"],"_links":{"self":[{"href":"https:\/\/investdom-ostrowmaz.pl\/en\/wp-json\/wp\/v2\/pages\/2489","targetHints":{"allow":["GET"]}}],"collection":[{"href":"https:\/\/investdom-ostrowmaz.pl\/en\/wp-json\/wp\/v2\/pages"}],"about":[{"href":"https:\/\/investdom-ostrowmaz.pl\/en\/wp-json\/wp\/v2\/types\/page"}],"author":[{"embeddable":true,"href":"https:\/\/investdom-ostrowmaz.pl\/en\/wp-json\/wp\/v2\/users\/1"}],"replies":[{"embeddable":true,"href":"https:\/\/investdom-ostrowmaz.pl\/en\/wp-json\/wp\/v2\/comments?post=2489"}],"version-history":[{"count":0,"href":"https:\/\/investdom-ostrowmaz.pl\/en\/wp-json\/wp\/v2\/pages\/2489\/revisions"}],"up":[{"embeddable":true,"href":"https:\/\/investdom-ostrowmaz.pl\/en\/wp-json\/wp\/v2\/pages\/70"}],"wp:attachment":[{"href":"https:\/\/investdom-ostrowmaz.pl\/en\/wp-json\/wp\/v2\/media?parent=2489"}],"curies":[{"name":"wp","href":"https:\/\/api.w.org\/{rel}","templated":true}]}}