{"id":2510,"date":"2025-06-13T11:57:46","date_gmt":"2025-06-13T11:57:46","guid":{"rendered":"https:\/\/investdom-ostrowmaz.pl\/en\/?page_id=2510"},"modified":"2026-02-19T13:22:33","modified_gmt":"2026-02-19T13:22:33","slug":"zaluzje-fasadowe-2","status":"publish","type":"page","link":"https:\/\/investdom-ostrowmaz.pl\/en\/oslony-okienne\/zaluzje-fasadowe-2\/","title":{"rendered":"\u017baluzje fasadowe"},"content":{"rendered":"\n<div class=\"gb-element-c9f533b8\">\n<div class=\"gb-element-7a1282a5\">\n<h1 class=\"gb-text gb-text-63cc3d35\">Facade Blinds<\/h1>\n<\/div>\n\n\n\n<div class=\"gb-element-22f8b292\">\n<p class=\"gb-text gb-text-aa1ff2ce\">Facade blinds are a modern and elegant solution that provides effective protection from sunlight, improving both thermal and visual comfort inside the building. Thanks to adjustable slat angles, they allow precise control over the amount of natural light entering the interior. Ideal for contemporary homes and commercial buildings, these blinds combine functionality with an attractive facade appearance.<\/p>\n<\/div>\n\n\n\n<div class=\"gb-element-707ca379\">\n<div class=\"gb-element-db5f49f6\"><\/div>\n<\/div>\n\n\n\n<div class=\"gb-element-6eaa73bd\">\n<div class=\"gb-element-f27ecf9b\"><div class=\"wp-block-image\">\n<figure class=\"aligncenter size-full\"><img loading=\"lazy\" decoding=\"async\" width=\"1000\" height=\"444\" src=\"https:\/\/investdom-ostrowmaz.pl\/en\/wp-content\/uploads\/2026\/02\/logo-eko-okna-2.png\" alt=\"\" class=\"wp-image-5903\" srcset=\"https:\/\/investdom-ostrowmaz.pl\/en\/wp-content\/uploads\/2026\/02\/logo-eko-okna-2.png 1000w, https:\/\/investdom-ostrowmaz.pl\/en\/wp-content\/uploads\/2026\/02\/logo-eko-okna-2-300x133.png 300w, https:\/\/investdom-ostrowmaz.pl\/en\/wp-content\/uploads\/2026\/02\/logo-eko-okna-2-768x341.png 768w\" sizes=\"auto, (max-width: 1000px) 100vw, 1000px\" \/><\/figure>\n<\/div><\/div>\n\n\n\n<div class=\"gb-element-b550d9cf\">\n<h2 class=\"gb-text\">Facade Blinds \u2013 Eko Okna<\/h2>\n\n\n\n<p class=\"gb-text gb-text-18eea2e4\">Eko Okna facade blinds are stylish and functional external coverings that provide effective sun protection and enhance thermal comfort inside the building.<\/p>\n\n\n\n<a class=\"gb-text gb-text-f78881eb\" href=\"https:\/\/ekookna.pl\/ekopl\/produkty\/oslony-okienne\/zaluzje-fasadowe\" target=\"_blank\" rel=\"noopener\">SEE MORE<\/a>\n<\/div>\n<\/div>\n\n\n\n<div class=\"gb-element-ffc045bf\">\n<div class=\"gb-element-e3de635c\"><\/div>\n<\/div>\n\n\n\n<div class=\"gb-element-d913f16c\">\n<div class=\"gb-element-d6396792\"><div class=\"wp-block-image\">\n<figure class=\"aligncenter size-full\"><img loading=\"lazy\" decoding=\"async\" width=\"800\" height=\"270\" src=\"https:\/\/investdom-ostrowmaz.pl\/en\/wp-content\/uploads\/2026\/02\/hanarol.png\" alt=\"\" class=\"wp-image-5950\" srcset=\"https:\/\/investdom-ostrowmaz.pl\/en\/wp-content\/uploads\/2026\/02\/hanarol.png 800w, https:\/\/investdom-ostrowmaz.pl\/en\/wp-content\/uploads\/2026\/02\/hanarol-300x101.png 300w, https:\/\/investdom-ostrowmaz.pl\/en\/wp-content\/uploads\/2026\/02\/hanarol-768x259.png 768w\" sizes=\"auto, (max-width: 800px) 100vw, 800px\" \/><\/figure>\n<\/div><\/div>\n\n\n\n<div class=\"gb-element-b4e61226\">\n<h2 class=\"gb-text\">Facade Blinds \u2013 Hanarol<\/h2>\n\n\n\n<p class=\"gb-text gb-text-a94a3f3e\">Hanarol facade blinds are modern sun protection systems that combine elegant design with functionality and effective shielding against indoor overheating.<\/p>\n\n\n\n<a class=\"gb-text gb-text-86a3bf8f\" href=\"https:\/\/www.hanarol.pl\/zaluzje-fasadowe.html\" target=\"_blank\" rel=\"noopener\">SEE MORE<\/a>\n<\/div>\n<\/div>\n\n\n\n<div class=\"gb-element-cfe10171\">\n<div class=\"gb-element-1a37acba\"><\/div>\n<\/div>\n\n\n\n<div class=\"gb-element-5ffb1925\">\n<div class=\"gb-element-b4706d81\"><div class=\"wp-block-image\">\n<figure class=\"aligncenter size-full\"><img loading=\"lazy\" decoding=\"async\" width=\"1001\" height=\"290\" src=\"https:\/\/investdom-ostrowmaz.pl\/en\/wp-content\/uploads\/2026\/02\/krishome.png\" alt=\"\" class=\"wp-image-5954\" srcset=\"https:\/\/investdom-ostrowmaz.pl\/en\/wp-content\/uploads\/2026\/02\/krishome.png 1001w, https:\/\/investdom-ostrowmaz.pl\/en\/wp-content\/uploads\/2026\/02\/krishome-300x87.png 300w, https:\/\/investdom-ostrowmaz.pl\/en\/wp-content\/uploads\/2026\/02\/krishome-768x222.png 768w\" sizes=\"auto, (max-width: 1001px) 100vw, 1001px\" \/><\/figure>\n<\/div><\/div>\n\n\n\n<div class=\"gb-element-c1f9d492\">\n<h2 class=\"gb-text\">Facade Blinds \u2013 Krishome<\/h2>\n\n\n\n<p class=\"gb-text gb-text-7cb63978\">Krishome facade blinds are modern sun protection systems that combine elegant design with functionality and effective protection against indoor overheating.<\/p>\n\n\n\n<a class=\"gb-text gb-text-0d0d9a90\" href=\"https:\/\/krishome.pl\/zaluzje-zewnetrzne\/\" target=\"_blank\" rel=\"noopener\">SEE MORE<\/a>\n<\/div>\n<\/div>\n\n\n\n<div class=\"gb-element-2f2f7e3b\">\n<div class=\"gb-element-54cbf0a2\"><\/div>\n<\/div>\n\n\n\n<div class=\"gb-element-3e9095dc\">\n<div class=\"gb-element-b4da68b9\"><div class=\"wp-block-image\">\n<figure class=\"aligncenter size-full\"><img loading=\"lazy\" decoding=\"async\" width=\"2560\" height=\"1412\" src=\"https:\/\/investdom-ostrowmaz.pl\/en\/wp-content\/uploads\/2026\/02\/portos-scaled.png\" alt=\"\" class=\"wp-image-5955\" srcset=\"https:\/\/investdom-ostrowmaz.pl\/en\/wp-content\/uploads\/2026\/02\/portos-scaled.png 2560w, https:\/\/investdom-ostrowmaz.pl\/en\/wp-content\/uploads\/2026\/02\/portos-300x166.png 300w, https:\/\/investdom-ostrowmaz.pl\/en\/wp-content\/uploads\/2026\/02\/portos-1024x565.png 1024w, https:\/\/investdom-ostrowmaz.pl\/en\/wp-content\/uploads\/2026\/02\/portos-768x424.png 768w, https:\/\/investdom-ostrowmaz.pl\/en\/wp-content\/uploads\/2026\/02\/portos-1536x847.png 1536w, https:\/\/investdom-ostrowmaz.pl\/en\/wp-content\/uploads\/2026\/02\/portos-2048x1130.png 2048w\" sizes=\"auto, (max-width: 2560px) 100vw, 2560px\" \/><\/figure>\n<\/div><\/div>\n\n\n\n<div class=\"gb-element-cc670aea\">\n<h2 class=\"gb-text\">Facade Blinds \u2013 Portos<\/h2>\n\n\n\n<p class=\"gb-text gb-text-c7326a6d\">Portos facade blinds are modern sun protection systems that combine elegant design with functionality and effective protection against indoor overheating.<\/p>\n\n\n\n<a class=\"gb-text gb-text-391f809f\" href=\"https:\/\/www.portosrolety.pl\/kategorie\/profile-do-zaluzji-fasadowych\/\" target=\"_blank\" rel=\"noopener\">SEE MORE<\/a>\n<\/div>\n<\/div>\n<\/div>\n","protected":false},"excerpt":{"rendered":"<p>Facade Blinds Facade blinds are a modern and elegant solution that provides effective protection from sunlight, improving both thermal and visual comfort inside the building. Thanks to adjustable slat angles, they allow precise control over the amount of natural light entering the interior. Ideal for contemporary homes and commercial buildings, these blinds combine functionality with &#8230; <a title=\"\u017baluzje fasadowe\" class=\"read-more\" href=\"https:\/\/investdom-ostrowmaz.pl\/en\/oslony-okienne\/zaluzje-fasadowe-2\/\" aria-label=\"Dowiedz si\u0119 wi\u0119cej o \u017baluzje fasadowe\">Czytaj dalej<\/a><\/p>\n","protected":false},"author":1,"featured_media":0,"parent":66,"menu_order":0,"comment_status":"closed","ping_status":"closed","template":"","meta":{"footnotes":""},"class_list":["post-2510","page","type-page","status-publish"],"_links":{"self":[{"href":"https:\/\/investdom-ostrowmaz.pl\/en\/wp-json\/wp\/v2\/pages\/2510","targetHints":{"allow":["GET"]}}],"collection":[{"href":"https:\/\/investdom-ostrowmaz.pl\/en\/wp-json\/wp\/v2\/pages"}],"about":[{"href":"https:\/\/investdom-ostrowmaz.pl\/en\/wp-json\/wp\/v2\/types\/page"}],"author":[{"embeddable":true,"href":"https:\/\/investdom-ostrowmaz.pl\/en\/wp-json\/wp\/v2\/users\/1"}],"replies":[{"embeddable":true,"href":"https:\/\/investdom-ostrowmaz.pl\/en\/wp-json\/wp\/v2\/comments?post=2510"}],"version-history":[{"count":0,"href":"https:\/\/investdom-ostrowmaz.pl\/en\/wp-json\/wp\/v2\/pages\/2510\/revisions"}],"up":[{"embeddable":true,"href":"https:\/\/investdom-ostrowmaz.pl\/en\/wp-json\/wp\/v2\/pages\/66"}],"wp:attachment":[{"href":"https:\/\/investdom-ostrowmaz.pl\/en\/wp-json\/wp\/v2\/media?parent=2510"}],"curies":[{"name":"wp","href":"https:\/\/api.w.org\/{rel}","templated":true}]}}