{"id":2529,"date":"2025-06-13T12:53:52","date_gmt":"2025-06-13T12:53:52","guid":{"rendered":"https:\/\/investdom-ostrowmaz.pl\/en\/?page_id=2529"},"modified":"2026-02-19T13:40:18","modified_gmt":"2026-02-19T13:40:18","slug":"bramy-garazowe-segmentowe-2","status":"publish","type":"page","link":"https:\/\/investdom-ostrowmaz.pl\/en\/bramy\/bramy-garazowe\/bramy-garazowe-segmentowe-2\/","title":{"rendered":"Bramy gara\u017cowe segmentowe"},"content":{"rendered":"\n<div class=\"gb-element-c9f533b8\">\n<div class=\"gb-element-7a1282a5\">\n<h1 class=\"gb-text gb-text-63cc3d35\">Sectional Garage Doors<\/h1>\n<\/div>\n\n\n\n<div class=\"gb-element-22f8b292\">\n<p class=\"gb-text gb-text-aa1ff2ce\">Sectional garage doors are a modern and functional solution, ideal for both residential and commercial buildings. They consist of hinged panels that slide vertically upwards when opened, saving space. These doors offer excellent thermal and acoustic insulation, and with a wide range of designs and colors available, they can be easily matched to the building&#8217;s facade.<\/p>\n<\/div>\n\n\n\n<div class=\"gb-element-707ca379\">\n<div class=\"gb-element-db5f49f6\"><\/div>\n<\/div>\n\n\n\n<div class=\"gb-element-6eaa73bd\">\n<div class=\"gb-element-f27ecf9b\"><div class=\"wp-block-image\">\n<figure class=\"aligncenter size-full\"><img loading=\"lazy\" decoding=\"async\" width=\"1000\" height=\"444\" src=\"https:\/\/investdom-ostrowmaz.pl\/en\/wp-content\/uploads\/2026\/02\/logo-eko-okna-2.png\" alt=\"\" class=\"wp-image-5903\" srcset=\"https:\/\/investdom-ostrowmaz.pl\/en\/wp-content\/uploads\/2026\/02\/logo-eko-okna-2.png 1000w, https:\/\/investdom-ostrowmaz.pl\/en\/wp-content\/uploads\/2026\/02\/logo-eko-okna-2-300x133.png 300w, https:\/\/investdom-ostrowmaz.pl\/en\/wp-content\/uploads\/2026\/02\/logo-eko-okna-2-768x341.png 768w\" sizes=\"auto, (max-width: 1000px) 100vw, 1000px\" \/><\/figure>\n<\/div><\/div>\n\n\n\n<div class=\"gb-element-b550d9cf\">\n<h2 class=\"gb-text\">Eko Okna Sectional Garage Doors<\/h2>\n\n\n\n<p class=\"gb-text gb-text-18eea2e4\">Eko Okna sectional garage doors are a durable and modern solution that offers convenience, insulation, and aesthetic appeal for any garage space.<\/p>\n\n\n\n<a class=\"gb-text gb-text-f78881eb\" href=\"https:\/\/ekookna.pl\/ekopl\/produkty\/bramy\/bramy-garazowe\/bramy-garazowe-segmentowe\" target=\"_blank\" rel=\"noopener\">SEE MORE<\/a>\n<\/div>\n<\/div>\n\n\n\n<div class=\"gb-element-ffc045bf\">\n<div class=\"gb-element-e3de635c\"><\/div>\n<\/div>\n\n\n\n<div class=\"gb-element-d913f16c\">\n<div class=\"gb-element-d6396792\"><div class=\"wp-block-image\">\n<figure class=\"aligncenter size-full\"><img loading=\"lazy\" decoding=\"async\" width=\"1001\" height=\"290\" src=\"https:\/\/investdom-ostrowmaz.pl\/en\/wp-content\/uploads\/2026\/02\/krishome.png\" alt=\"\" class=\"wp-image-5954\" srcset=\"https:\/\/investdom-ostrowmaz.pl\/en\/wp-content\/uploads\/2026\/02\/krishome.png 1001w, https:\/\/investdom-ostrowmaz.pl\/en\/wp-content\/uploads\/2026\/02\/krishome-300x87.png 300w, https:\/\/investdom-ostrowmaz.pl\/en\/wp-content\/uploads\/2026\/02\/krishome-768x222.png 768w\" sizes=\"auto, (max-width: 1001px) 100vw, 1001px\" \/><\/figure>\n<\/div><\/div>\n\n\n\n<div class=\"gb-element-b4e61226\">\n<h2 class=\"gb-text\">Krishome Sectional Garage Doors (formerly Krispol)<\/h2>\n\n\n\n<p class=\"gb-text gb-text-a94a3f3e\">Krishome sectional garage doors are modern and robust solutions that combine aesthetic design with excellent insulation and everyday convenience.<\/p>\n\n\n\n<a class=\"gb-text gb-text-86a3bf8f\" href=\"https:\/\/krishome.pl\/bramy-garazowe-segmentowe\/\" target=\"_blank\" rel=\"noopener\">SEE MORE<\/a>\n<\/div>\n<\/div>\n\n\n\n<div class=\"gb-element-cfe10171\">\n<div class=\"gb-element-1a37acba\"><\/div>\n<\/div>\n\n\n\n<div class=\"gb-element-5ffb1925\">\n<div class=\"gb-element-b4706d81\"><div class=\"wp-block-image\">\n<figure class=\"aligncenter size-full\"><img loading=\"lazy\" decoding=\"async\" width=\"500\" height=\"320\" src=\"https:\/\/investdom-ostrowmaz.pl\/en\/wp-content\/uploads\/2026\/02\/wisniowski.png\" alt=\"\" class=\"wp-image-5976\" srcset=\"https:\/\/investdom-ostrowmaz.pl\/en\/wp-content\/uploads\/2026\/02\/wisniowski.png 500w, https:\/\/investdom-ostrowmaz.pl\/en\/wp-content\/uploads\/2026\/02\/wisniowski-300x192.png 300w\" sizes=\"auto, (max-width: 500px) 100vw, 500px\" \/><\/figure>\n<\/div><\/div>\n\n\n\n<div class=\"gb-element-c1f9d492\">\n<h2 class=\"gb-text\">Wi\u015bniowski Sectional Garage Doors<\/h2>\n\n\n\n<p class=\"gb-text gb-text-7cb63978\">Wi\u015bniowski sectional garage doors combine modern design, durability, and excellent insulation. They are ideal for both residential and commercial buildings.<\/p>\n\n\n\n<a class=\"gb-text gb-text-0d0d9a90\" href=\"https:\/\/sklep.wisniowski.pl\/bramy-garazowe-segmentowe,c34.html\" target=\"_blank\" rel=\"noopener\">SEE MORE<\/a>\n<\/div>\n<\/div>\n<\/div>\n","protected":false},"excerpt":{"rendered":"<p>Sectional Garage Doors Sectional garage doors are a modern and functional solution, ideal for both residential and commercial buildings. They consist of hinged panels that slide vertically upwards when opened, saving space. These doors offer excellent thermal and acoustic insulation, and with a wide range of designs and colors available, they can be easily matched &#8230; <a title=\"Bramy gara\u017cowe segmentowe\" class=\"read-more\" href=\"https:\/\/investdom-ostrowmaz.pl\/en\/bramy\/bramy-garazowe\/bramy-garazowe-segmentowe-2\/\" aria-label=\"Dowiedz si\u0119 wi\u0119cej o Bramy gara\u017cowe segmentowe\">Czytaj dalej<\/a><\/p>\n","protected":false},"author":1,"featured_media":0,"parent":114,"menu_order":0,"comment_status":"closed","ping_status":"closed","template":"","meta":{"footnotes":""},"class_list":["post-2529","page","type-page","status-publish"],"_links":{"self":[{"href":"https:\/\/investdom-ostrowmaz.pl\/en\/wp-json\/wp\/v2\/pages\/2529","targetHints":{"allow":["GET"]}}],"collection":[{"href":"https:\/\/investdom-ostrowmaz.pl\/en\/wp-json\/wp\/v2\/pages"}],"about":[{"href":"https:\/\/investdom-ostrowmaz.pl\/en\/wp-json\/wp\/v2\/types\/page"}],"author":[{"embeddable":true,"href":"https:\/\/investdom-ostrowmaz.pl\/en\/wp-json\/wp\/v2\/users\/1"}],"replies":[{"embeddable":true,"href":"https:\/\/investdom-ostrowmaz.pl\/en\/wp-json\/wp\/v2\/comments?post=2529"}],"version-history":[{"count":0,"href":"https:\/\/investdom-ostrowmaz.pl\/en\/wp-json\/wp\/v2\/pages\/2529\/revisions"}],"up":[{"embeddable":true,"href":"https:\/\/investdom-ostrowmaz.pl\/en\/wp-json\/wp\/v2\/pages\/114"}],"wp:attachment":[{"href":"https:\/\/investdom-ostrowmaz.pl\/en\/wp-json\/wp\/v2\/media?parent=2529"}],"curies":[{"name":"wp","href":"https:\/\/api.w.org\/{rel}","templated":true}]}}