{"id":4371,"date":"2025-07-01T12:37:48","date_gmt":"2025-07-01T12:37:48","guid":{"rendered":"https:\/\/investdom-ostrowmaz.pl\/en\/?page_id=4371"},"modified":"2026-02-19T12:12:50","modified_gmt":"2026-02-19T12:12:50","slug":"parapety-zewnetrzne","status":"publish","type":"page","link":"https:\/\/investdom-ostrowmaz.pl\/en\/parapety-2\/parapety-zewnetrzne\/","title":{"rendered":"Parapety zewn\u0119trzne"},"content":{"rendered":"\n<div class=\"gb-element-c9f533b8\">\n<div class=\"gb-element-7a1282a5\">\n<h1 class=\"gb-text gb-text-63cc3d35\">Exterior Window Sills<\/h1>\n<\/div>\n\n\n\n<div class=\"gb-element-22f8b292\">\n<p class=\"gb-text gb-text-aa1ff2ce\">Exterior window sills serve an important protective and aesthetic function. They effectively channel rainwater away, protecting the fa\u00e7ade from moisture and damage. Made from durable materials, they are resistant to weather conditions and mechanical impact. A wide selection of colors and finishes allows them to match any architectural style, creating a cohesive and long-lasting composition with the window and building exterior.<\/p>\n<\/div>\n\n\n\n<div class=\"gb-element-707ca379\">\n<div class=\"gb-element-db5f49f6\"><\/div>\n<\/div>\n\n\n\n<div class=\"gb-element-6eaa73bd\">\n<div class=\"gb-element-f27ecf9b\"><div class=\"wp-block-image\">\n<figure class=\"aligncenter size-full\"><img loading=\"lazy\" decoding=\"async\" width=\"1000\" height=\"444\" src=\"https:\/\/investdom-ostrowmaz.pl\/en\/wp-content\/uploads\/2026\/02\/logo-eko-okna-2.png\" alt=\"\" class=\"wp-image-5903\" srcset=\"https:\/\/investdom-ostrowmaz.pl\/en\/wp-content\/uploads\/2026\/02\/logo-eko-okna-2.png 1000w, https:\/\/investdom-ostrowmaz.pl\/en\/wp-content\/uploads\/2026\/02\/logo-eko-okna-2-300x133.png 300w, https:\/\/investdom-ostrowmaz.pl\/en\/wp-content\/uploads\/2026\/02\/logo-eko-okna-2-768x341.png 768w\" sizes=\"auto, (max-width: 1000px) 100vw, 1000px\" \/><\/figure>\n<\/div><\/div>\n\n\n\n<div class=\"gb-element-b550d9cf\">\n<h2 class=\"gb-text\">Eko Okna Exterior Window Sills<\/h2>\n\n\n\n<p class=\"gb-text gb-text-18eea2e4\">Eko Okna exterior window sills are a durable and visually appealing solution that effectively protects the fa\u00e7ade from water and complements the appearance of the window joinery.<\/p>\n\n\n\n<a class=\"gb-text gb-text-f78881eb\" href=\"https:\/\/ekookna.pl\/ekopl\/produkty\/okna\/dodatki\/parapety\" target=\"_blank\" rel=\"noopener\">SEE MORE<\/a>\n<\/div>\n<\/div>\n\n\n\n<div class=\"gb-element-ffc045bf\">\n<div class=\"gb-element-e3de635c\"><\/div>\n<\/div>\n\n\n\n<div class=\"gb-element-d913f16c\">\n<div class=\"gb-element-d6396792\"><div class=\"wp-block-image\">\n<figure class=\"aligncenter size-full\"><img loading=\"lazy\" decoding=\"async\" width=\"330\" height=\"255\" src=\"https:\/\/investdom-ostrowmaz.pl\/en\/wp-content\/uploads\/2026\/02\/medos-logo.jpg\" alt=\"\" class=\"wp-image-5931\" srcset=\"https:\/\/investdom-ostrowmaz.pl\/en\/wp-content\/uploads\/2026\/02\/medos-logo.jpg 330w, https:\/\/investdom-ostrowmaz.pl\/en\/wp-content\/uploads\/2026\/02\/medos-logo-300x232.jpg 300w\" sizes=\"auto, (max-width: 330px) 100vw, 330px\" \/><\/figure>\n<\/div><\/div>\n\n\n\n<div class=\"gb-element-b4e61226\">\n<h2 class=\"gb-text\">Medos Exterior Window Sills<\/h2>\n\n\n\n<p class=\"gb-text gb-text-a94a3f3e\">Medos exterior window sills are durable and stylish components that effectively drain water and protect the fa\u00e7ade from moisture and damage.<\/p>\n\n\n\n<a class=\"gb-text gb-text-86a3bf8f\" href=\"https:\/\/zamowienia.medosparapety.pl\/do\/cat\/parapety_zewnetrzne\/Parapety-zewnetrzne\" target=\"_blank\" rel=\"noopener\">SEE MORE<\/a>\n<\/div>\n<\/div>\n\n\n\n<div class=\"gb-element-cfe10171\">\n<div class=\"gb-element-1a37acba\"><\/div>\n<\/div>\n\n\n\n<div class=\"gb-element-5ffb1925\">\n<div class=\"gb-element-b4706d81\"><div class=\"wp-block-image\">\n<figure class=\"aligncenter size-full\"><img loading=\"lazy\" decoding=\"async\" width=\"300\" height=\"150\" src=\"https:\/\/investdom-ostrowmaz.pl\/en\/wp-content\/uploads\/2026\/02\/romexwarszawa-logo.png\" alt=\"\" class=\"wp-image-5932\"\/><\/figure>\n<\/div><\/div>\n\n\n\n<div class=\"gb-element-c1f9d492\">\n<h2 class=\"gb-text\">Romex Exterior Window Sills<\/h2>\n\n\n\n<p class=\"gb-text gb-text-7cb63978\">Romex exterior window sills are durable and weather-resistant products that effectively protect the fa\u00e7ade and enhance the exterior appearance of windows.<\/p>\n\n\n\n<a class=\"gb-text gb-text-0d0d9a90\" href=\"http:\/\/www.romexwarszawa.pl\/parapety_zewnetrzne\/\" target=\"_blank\" rel=\"noopener\">SEE MORE<\/a>\n<\/div>\n<\/div>\n<\/div>\n","protected":false},"excerpt":{"rendered":"<p>Exterior Window Sills Exterior window sills serve an important protective and aesthetic function. They effectively channel rainwater away, protecting the fa\u00e7ade from moisture and damage. Made from durable materials, they are resistant to weather conditions and mechanical impact. A wide selection of colors and finishes allows them to match any architectural style, creating a cohesive &#8230; <a title=\"Parapety zewn\u0119trzne\" class=\"read-more\" href=\"https:\/\/investdom-ostrowmaz.pl\/en\/parapety-2\/parapety-zewnetrzne\/\" aria-label=\"Dowiedz si\u0119 wi\u0119cej o Parapety zewn\u0119trzne\">Czytaj dalej<\/a><\/p>\n","protected":false},"author":1,"featured_media":0,"parent":4367,"menu_order":0,"comment_status":"closed","ping_status":"closed","template":"","meta":{"footnotes":""},"class_list":["post-4371","page","type-page","status-publish"],"_links":{"self":[{"href":"https:\/\/investdom-ostrowmaz.pl\/en\/wp-json\/wp\/v2\/pages\/4371","targetHints":{"allow":["GET"]}}],"collection":[{"href":"https:\/\/investdom-ostrowmaz.pl\/en\/wp-json\/wp\/v2\/pages"}],"about":[{"href":"https:\/\/investdom-ostrowmaz.pl\/en\/wp-json\/wp\/v2\/types\/page"}],"author":[{"embeddable":true,"href":"https:\/\/investdom-ostrowmaz.pl\/en\/wp-json\/wp\/v2\/users\/1"}],"replies":[{"embeddable":true,"href":"https:\/\/investdom-ostrowmaz.pl\/en\/wp-json\/wp\/v2\/comments?post=4371"}],"version-history":[{"count":0,"href":"https:\/\/investdom-ostrowmaz.pl\/en\/wp-json\/wp\/v2\/pages\/4371\/revisions"}],"up":[{"embeddable":true,"href":"https:\/\/investdom-ostrowmaz.pl\/en\/wp-json\/wp\/v2\/pages\/4367"}],"wp:attachment":[{"href":"https:\/\/investdom-ostrowmaz.pl\/en\/wp-json\/wp\/v2\/media?parent=4371"}],"curies":[{"name":"wp","href":"https:\/\/api.w.org\/{rel}","templated":true}]}}