{"id":66,"date":"2025-04-30T07:43:25","date_gmt":"2025-04-30T07:43:25","guid":{"rendered":"https:\/\/investdom-ostrowmaz.pl\/en\/?page_id=66"},"modified":"2026-02-19T13:06:33","modified_gmt":"2026-02-19T13:06:33","slug":"oslony-okienne","status":"publish","type":"page","link":"https:\/\/investdom-ostrowmaz.pl\/en\/oslony-okienne\/","title":{"rendered":"Os\u0142ony okienne"},"content":{"rendered":"\n<div class=\"gb-element-c9f533b8\">\n<div class=\"gb-element-7a1282a5\">\n<h1 class=\"gb-text gb-text-63cc3d35\">Window Coverings<\/h1>\n<\/div>\n\n\n\n<div class=\"gb-element-22f8b292\">\n<p class=\"gb-text gb-text-aa1ff2ce\">Window coverings are functional and aesthetic elements that protect interiors from excessive sunlight, provide privacy, and enhance the look of a room. This category includes roller blinds, venetian blinds, pleated shades, and other solutions tailored to various needs and interior styles. They are a practical addition to window joinery, improving everyday comfort and usability of the space.<\/p>\n<\/div>\n\n\n\n<div class=\"gb-element-707ca379\">\n<div class=\"gb-element-db5f49f6\"><\/div>\n<\/div>\n\n\n\n<div class=\"gb-element-6eaa73bd\">\n<div class=\"gb-element-f27ecf9b\"><div class=\"wp-block-image\">\n<figure class=\"aligncenter size-full\"><img loading=\"lazy\" decoding=\"async\" width=\"9000\" height=\"4764\" src=\"https:\/\/investdom-ostrowmaz.pl\/en\/wp-content\/uploads\/2026\/02\/14-rolety.jpeg\" alt=\"\" class=\"wp-image-5940\" srcset=\"https:\/\/investdom-ostrowmaz.pl\/en\/wp-content\/uploads\/2026\/02\/14-rolety.jpeg 9000w, https:\/\/investdom-ostrowmaz.pl\/en\/wp-content\/uploads\/2026\/02\/14-rolety-300x159.jpeg 300w, https:\/\/investdom-ostrowmaz.pl\/en\/wp-content\/uploads\/2026\/02\/14-rolety-1024x542.jpeg 1024w, https:\/\/investdom-ostrowmaz.pl\/en\/wp-content\/uploads\/2026\/02\/14-rolety-768x407.jpeg 768w\" sizes=\"auto, (max-width: 9000px) 100vw, 9000px\" \/><\/figure>\n<\/div><\/div>\n\n\n\n<div class=\"gb-element-b550d9cf\">\n<h2 class=\"gb-text\">Roller Blinds<\/h2>\n\n\n\n<p class=\"gb-text gb-text-18eea2e4\">Roller blinds are modern and functional window coverings that provide sun protection, enhance privacy, and improve the aesthetics of both interiors and building facades.<\/p>\n\n\n\n<a class=\"gb-text gb-text-f78881eb\" href=\"https:\/\/investdom-ostrowmaz.pl\/en\/oslony-okienne\/rolety\/\">SEE MORE<\/a>\n<\/div>\n<\/div>\n\n\n\n<div class=\"gb-element-ffc045bf\">\n<div class=\"gb-element-e3de635c\"><\/div>\n<\/div>\n\n\n\n<div class=\"gb-element-d913f16c\">\n<div class=\"gb-element-d6396792\"><div class=\"wp-block-image\">\n<figure class=\"aligncenter size-full\"><img loading=\"lazy\" decoding=\"async\" width=\"2560\" height=\"1709\" src=\"https:\/\/investdom-ostrowmaz.pl\/en\/wp-content\/uploads\/2026\/02\/16-zaluzje-fasadowe-scaled.jpeg\" alt=\"\" class=\"wp-image-5942\" srcset=\"https:\/\/investdom-ostrowmaz.pl\/en\/wp-content\/uploads\/2026\/02\/16-zaluzje-fasadowe-scaled.jpeg 2560w, https:\/\/investdom-ostrowmaz.pl\/en\/wp-content\/uploads\/2026\/02\/16-zaluzje-fasadowe-300x200.jpeg 300w, https:\/\/investdom-ostrowmaz.pl\/en\/wp-content\/uploads\/2026\/02\/16-zaluzje-fasadowe-1024x683.jpeg 1024w, https:\/\/investdom-ostrowmaz.pl\/en\/wp-content\/uploads\/2026\/02\/16-zaluzje-fasadowe-768x513.jpeg 768w, https:\/\/investdom-ostrowmaz.pl\/en\/wp-content\/uploads\/2026\/02\/16-zaluzje-fasadowe-1536x1025.jpeg 1536w\" sizes=\"auto, (max-width: 2560px) 100vw, 2560px\" \/><\/figure>\n<\/div><\/div>\n\n\n\n<div class=\"gb-element-b4e61226\">\n<h2 class=\"gb-text\">Facade Blinds<\/h2>\n\n\n\n<p class=\"gb-text gb-text-a94a3f3e\">Facade blinds are modern exterior coverings that effectively protect against sunlight, improve building insulation, and give the facade a contemporary look.<\/p>\n\n\n\n<a class=\"gb-text gb-text-86a3bf8f\" href=\"https:\/\/investdom-ostrowmaz.pl\/en\/oslony-okienne\/zaluzje-fasadowe-2\/\">SEE MORE<\/a>\n<\/div>\n<\/div>\n\n\n\n<div class=\"gb-element-c11caeab\">\n<div class=\"gb-element-a7fc3583\"><\/div>\n<\/div>\n\n\n\n<div class=\"gb-element-2fab6f9d\">\n<div class=\"gb-element-9812b56c\"><div class=\"wp-block-image\">\n<figure class=\"aligncenter size-full\"><img loading=\"lazy\" decoding=\"async\" width=\"2560\" height=\"1440\" src=\"https:\/\/investdom-ostrowmaz.pl\/en\/wp-content\/uploads\/2026\/02\/17-okiennice-scaled.jpeg\" alt=\"\" class=\"wp-image-5944\" srcset=\"https:\/\/investdom-ostrowmaz.pl\/en\/wp-content\/uploads\/2026\/02\/17-okiennice-scaled.jpeg 2560w, https:\/\/investdom-ostrowmaz.pl\/en\/wp-content\/uploads\/2026\/02\/17-okiennice-300x169.jpeg 300w, https:\/\/investdom-ostrowmaz.pl\/en\/wp-content\/uploads\/2026\/02\/17-okiennice-1024x576.jpeg 1024w, https:\/\/investdom-ostrowmaz.pl\/en\/wp-content\/uploads\/2026\/02\/17-okiennice-768x432.jpeg 768w, https:\/\/investdom-ostrowmaz.pl\/en\/wp-content\/uploads\/2026\/02\/17-okiennice-1536x864.jpeg 1536w, https:\/\/investdom-ostrowmaz.pl\/en\/wp-content\/uploads\/2026\/02\/17-okiennice-2048x1152.jpeg 2048w\" sizes=\"auto, (max-width: 2560px) 100vw, 2560px\" \/><\/figure>\n<\/div><\/div>\n\n\n\n<div class=\"gb-element-415c041e\">\n<h2 class=\"gb-text\">Shutters<\/h2>\n\n\n\n<p class=\"gb-text gb-text-f8046cc7\">An excellent solution combining the durability of aluminum with the traditional design of shutters. Available with fixed or movable slats.<\/p>\n\n\n\n<a class=\"gb-text gb-text-03d1b22a\" href=\"https:\/\/investdom-ostrowmaz.pl\/en\/oslony-okienne\/okiennice\/\">SEE MORE<\/a>\n<\/div>\n<\/div>\n\n\n\n<div class=\"gb-element-8cd9cc8a\">\n<div class=\"gb-element-83adcf4e\"><\/div>\n<\/div>\n\n\n\n<div class=\"gb-element-9080999a\">\n<div class=\"gb-element-1c5844d8\"><div class=\"wp-block-image\">\n<figure class=\"aligncenter size-full\"><img loading=\"lazy\" decoding=\"async\" width=\"1000\" height=\"444\" src=\"https:\/\/investdom-ostrowmaz.pl\/en\/wp-content\/uploads\/2026\/02\/logo-eko-okna-2.png\" alt=\"\" class=\"wp-image-5903\" srcset=\"https:\/\/investdom-ostrowmaz.pl\/en\/wp-content\/uploads\/2026\/02\/logo-eko-okna-2.png 1000w, https:\/\/investdom-ostrowmaz.pl\/en\/wp-content\/uploads\/2026\/02\/logo-eko-okna-2-300x133.png 300w, https:\/\/investdom-ostrowmaz.pl\/en\/wp-content\/uploads\/2026\/02\/logo-eko-okna-2-768x341.png 768w\" sizes=\"auto, (max-width: 1000px) 100vw, 1000px\" \/><\/figure>\n<\/div><\/div>\n\n\n\n<div class=\"gb-element-5b8a8cde\">\n<h2 class=\"gb-text\">Accessories<\/h2>\n\n\n\n<p class=\"gb-text gb-text-35a1f4f3\">Accessories for window coverings enhance the functionality and appearance of blinds, shutters, or pleated shades \u2013 including guides, cassettes, mechanisms, and brackets.<\/p>\n\n\n\n<a class=\"gb-text gb-text-c3ae417f\" href=\"https:\/\/ekookna.pl\/ekopl\/produkty\/oslony-okienne\/dodatki\" target=\"_blank\" rel=\"noopener\">SEE MORE<\/a>\n<\/div>\n<\/div>\n<\/div>\n","protected":false},"excerpt":{"rendered":"<p>Window Coverings Window coverings are functional and aesthetic elements that protect interiors from excessive sunlight, provide privacy, and enhance the look of a room. This category includes roller blinds, venetian blinds, pleated shades, and other solutions tailored to various needs and interior styles. They are a practical addition to window joinery, improving everyday comfort and &#8230; <a title=\"Os\u0142ony okienne\" class=\"read-more\" href=\"https:\/\/investdom-ostrowmaz.pl\/en\/oslony-okienne\/\" aria-label=\"Dowiedz si\u0119 wi\u0119cej o Os\u0142ony okienne\">Czytaj dalej<\/a><\/p>\n","protected":false},"author":1,"featured_media":0,"parent":0,"menu_order":0,"comment_status":"closed","ping_status":"closed","template":"","meta":{"footnotes":""},"class_list":["post-66","page","type-page","status-publish"],"_links":{"self":[{"href":"https:\/\/investdom-ostrowmaz.pl\/en\/wp-json\/wp\/v2\/pages\/66","targetHints":{"allow":["GET"]}}],"collection":[{"href":"https:\/\/investdom-ostrowmaz.pl\/en\/wp-json\/wp\/v2\/pages"}],"about":[{"href":"https:\/\/investdom-ostrowmaz.pl\/en\/wp-json\/wp\/v2\/types\/page"}],"author":[{"embeddable":true,"href":"https:\/\/investdom-ostrowmaz.pl\/en\/wp-json\/wp\/v2\/users\/1"}],"replies":[{"embeddable":true,"href":"https:\/\/investdom-ostrowmaz.pl\/en\/wp-json\/wp\/v2\/comments?post=66"}],"version-history":[{"count":0,"href":"https:\/\/investdom-ostrowmaz.pl\/en\/wp-json\/wp\/v2\/pages\/66\/revisions"}],"wp:attachment":[{"href":"https:\/\/investdom-ostrowmaz.pl\/en\/wp-json\/wp\/v2\/media?parent=66"}],"curies":[{"name":"wp","href":"https:\/\/api.w.org\/{rel}","templated":true}]}}