{"id":11,"date":"2025-04-30T06:50:49","date_gmt":"2025-04-30T06:50:49","guid":{"rendered":"https:\/\/investdom-ostrowmaz.pl\/fr\/?page_id=11"},"modified":"2026-02-13T10:40:46","modified_gmt":"2026-02-13T10:40:46","slug":"polityka-prywatnosci","status":"publish","type":"page","link":"https:\/\/investdom-ostrowmaz.pl\/fr\/polityka-prywatnosci\/","title":{"rendered":"Polityka prywatno\u015bci"},"content":{"rendered":"\n<div class=\"gb-element-c9f533b8\">\n<div class=\"gb-element-7a1282a5\">\n<h1 class=\"gb-text gb-text-63cc3d35\">Politique de confidentialit\u00e9<\/h1>\n<\/div>\n\n\n\n<div class=\"gb-element-707ca379\">\n<div class=\"gb-element-db5f49f6\"><\/div>\n\n\n\n<div class=\"gb-element-da53074e\">\n<p><strong>1. Informations g\u00e9n\u00e9rales<\/strong><\/p>\n\n\n\n<p>La pr\u00e9sente politique concerne le site web fonctionnant \u00e0 l&#8217;adresse URL : https:\/\/investdom-ostrowmaz.pl. L&#8217;op\u00e9rateur du site et le Responsable du traitement des donn\u00e9es personnelles est : INVEST DOM ANDRZEJ BUCZY\u0143SKI, pl. Plac Ksi\u0119\u017cnej Anny Mazowieckiej 4\/2, 07-300 Ostr\u00f3w Mazowiecka, Pologne.<\/p>\n\n\n\n<p>Adresse e-mail de contact de l&#8217;op\u00e9rateur : andrzejbuczynski@op.pl<\/p>\n\n\n\n<p>L&#8217;op\u00e9rateur est le Responsable du traitement de vos donn\u00e9es personnelles en ce qui concerne les donn\u00e9es fournies volontairement sur le Site. Le Site utilise les donn\u00e9es personnelles aux fins suivantes :<\/p>\n\n\n\n<ul class=\"wp-block-list\">\n<li>Gestion des demandes via le formulaire<\/li>\n\n\n\n<li>R\u00e9alisation des services command\u00e9s<\/li>\n\n\n\n<li>Pr\u00e9sentation de l&#8217;offre ou d&#8217;informations<\/li>\n<\/ul>\n\n\n\n<p>Le Site r\u00e9alise des fonctions d&#8217;acquisition d&#8217;informations sur les utilisateurs et leur comportement de la mani\u00e8re suivante :<\/p>\n\n\n\n<ul class=\"wp-block-list\">\n<li>Par le biais de donn\u00e9es saisies volontairement dans les formulaires, qui sont introduites dans les syst\u00e8mes de l&#8217;Op\u00e9rateur.<\/li>\n\n\n\n<li>Par l&#8217;enregistrement de fichiers cookies (ci-apr\u00e8s \u00ab cookies \u00bb) sur les terminaux.<\/li>\n<\/ul>\n\n\n\n<p><strong>2. M\u00e9thodes de protection des donn\u00e9es s\u00e9lectionn\u00e9es utilis\u00e9es par l&#8217;Op\u00e9rateur<\/strong><\/p>\n\n\n\n<p>Les lieux de connexion et de saisie des donn\u00e9es personnelles sont prot\u00e9g\u00e9s au niveau de la couche de transmission (certificat SSL). Gr\u00e2ce \u00e0 cela, les donn\u00e9es personnelles et les donn\u00e9es de connexion saisies sur le site sont chiffr\u00e9es sur l&#8217;ordinateur de l&#8217;utilisateur et ne peuvent \u00eatre lues que sur le serveur cible.<\/p>\n\n\n\n<p><strong>3. H\u00e9bergement<\/strong><\/p>\n\n\n\n<p>Le Site est h\u00e9berg\u00e9 (maintenu techniquement) sur le serveur de l&#8217;op\u00e9rateur : cyberFolks.pl. Afin d&#8217;assurer la fiabilit\u00e9 technique, la soci\u00e9t\u00e9 d&#8217;h\u00e9bergement conserve des journaux (logs) au niveau du serveur. L&#8217;enregistrement peut concerner :<\/p>\n\n\n\n<ul class=\"wp-block-list\">\n<li>les ressources identifi\u00e9es par l&#8217;URL (adresses des ressources demand\u00e9es \u2013 pages, fichiers),<\/li>\n\n\n\n<li>l&#8217;heure d&#8217;arriv\u00e9e de la requ\u00eate,<\/li>\n\n\n\n<li>l&#8217;heure d&#8217;envoi de la r\u00e9ponse,<\/li>\n\n\n\n<li>le nom de la station client \u2013 identification r\u00e9alis\u00e9e par le protocole HTTP,<\/li>\n\n\n\n<li>les informations sur les erreurs survenues lors de la r\u00e9alisation de la transaction HTTP,<\/li>\n\n\n\n<li>l&#8217;adresse URL de la page pr\u00e9c\u00e9demment visit\u00e9e par l&#8217;utilisateur (referer link) \u2013 dans le cas o\u00f9 l&#8217;acc\u00e8s au Site a eu lieu via un lien,<\/li>\n\n\n\n<li>les informations sur le navigateur de l&#8217;utilisateur,<\/li>\n\n\n\n<li>les informations sur l&#8217;adresse IP,<\/li>\n\n\n\n<li>les informations diagnostiques li\u00e9es au processus de commande autonome de services via les enregistreurs sur le site,<\/li>\n\n\n\n<li>les informations li\u00e9es \u00e0 la gestion du courrier \u00e9lectronique adress\u00e9 \u00e0 l&#8217;Op\u00e9rateur et envoy\u00e9 par l&#8217;Op\u00e9rateur.<\/li>\n<\/ul>\n\n\n\n<p><strong>4. Vos droits et informations suppl\u00e9mentaires sur l&#8217;utilisation des donn\u00e9es<\/strong><\/p>\n\n\n\n<p>Dans certaines situations, le Responsable du traitement a le droit de transf\u00e9rer vos donn\u00e9es personnelles \u00e0 d&#8217;autres destinataires, si cela est n\u00e9cessaire pour l&#8217;ex\u00e9cution du contrat conclu avec vous ou pour l&#8217;accomplissement des obligations incombant au Responsable du traitement. Cela concerne les groupes de destinataires suivants :<\/p>\n\n\n\n<ul class=\"wp-block-list\">\n<li>soci\u00e9t\u00e9 d&#8217;h\u00e9bergement sur la base de la sous-traitance,<\/li>\n\n\n\n<li>entreprises fournissant des services de marketing pour le compte du Responsable du traitement.<\/li>\n<\/ul>\n\n\n\n<p>Vos donn\u00e9es personnelles sont trait\u00e9es par le Responsable du traitement pas plus longtemps qu&#8217;il n&#8217;est n\u00e9cessaire pour effectuer les activit\u00e9s connexes d\u00e9finies par des r\u00e9glementations distinctes (par exemple, sur la tenue de la comptabilit\u00e9). En ce qui concerne les donn\u00e9es marketing, les donn\u00e9es ne seront pas trait\u00e9es pendant plus de 3 ans.<\/p>\n\n\n\n<p>Vous avez le droit de demander au Responsable du traitement :<\/p>\n\n\n\n<ul class=\"wp-block-list\">\n<li>l&#8217;acc\u00e8s aux donn\u00e9es personnelles vous concernant,<\/li>\n\n\n\n<li>leur rectification,<\/li>\n\n\n\n<li>leur effacement,<\/li>\n\n\n\n<li>la limitation du traitement,<\/li>\n\n\n\n<li>ainsi que la portabilit\u00e9 des donn\u00e9es.<\/li>\n<\/ul>\n\n\n\n<p>Vous avez le droit de vous opposer, dans le cadre du traitement indiqu\u00e9 au point 3.3 c), au traitement des donn\u00e9es personnelles aux fins de la r\u00e9alisation des int\u00e9r\u00eats l\u00e9gitimes poursuivis par le Responsable du traitement, y compris le profilage, \u00e9tant entendu que le droit d&#8217;opposition ne pourra \u00eatre exerc\u00e9 en cas d&#8217;existence de motifs l\u00e9gitimes imp\u00e9rieux pour le traitement, pr\u00e9valant sur vos int\u00e9r\u00eats, droits et libert\u00e9s, en particulier la constatation, l&#8217;exercice ou la d\u00e9fense de droits en justice.<\/p>\n\n\n\n<p>Vous avez le droit d&#8217;introduire une r\u00e9clamation aupr\u00e8s du Pr\u00e9sident de l&#8217;Office de protection des donn\u00e9es personnelles (Prezes Urz\u0119du Ochrony Danych Osobowych), ul. Stawki 2, 00-193 Varsovie.<\/p>\n\n\n\n<p>La fourniture de donn\u00e9es personnelles est volontaire, mais n\u00e9cessaire pour utiliser le Site.<\/p>\n\n\n\n<p>Des activit\u00e9s consistant en une prise de d\u00e9cision automatis\u00e9e, y compris le profilage, peuvent \u00eatre entreprises \u00e0 votre \u00e9gard afin de fournir des services dans le cadre du contrat conclu et afin de mener un marketing direct par le Responsable du traitement.<\/p>\n\n\n\n<p><strong>5. Informations dans les formulaires<\/strong><\/p>\n\n\n\n<p>Le Site recueille les informations fournies volontairement par l&#8217;utilisateur, y compris les donn\u00e9es personnelles, si elles sont fournies. Le Site peut enregistrer des informations sur les param\u00e8tres de connexion (marquage temporel, adresse IP). Le Site, dans certains cas, peut enregistrer une information facilitant la liaison des donn\u00e9es du formulaire avec l&#8217;adresse e-mail de l&#8217;utilisateur remplissant le formulaire. Dans ce cas, l&#8217;adresse e-mail de l&#8217;utilisateur appara\u00eet \u00e0 l&#8217;int\u00e9rieur de l&#8217;adresse URL de la page contenant le formulaire. Les donn\u00e9es fournies dans le formulaire sont trait\u00e9es \u00e0 des fins r\u00e9sultant de la fonction d&#8217;un formulaire sp\u00e9cifique, par exemple pour effectuer le processus de traitement d&#8217;une demande de service ou de contact commercial, l&#8217;enregistrement de services, etc. \u00c0 chaque fois, le contexte et la description du formulaire informent clairement de son utilit\u00e9.<\/p>\n\n\n\n<p><strong>6. Logs du Responsable du traitement<\/strong><\/p>\n\n\n\n<p>Les informations sur le comportement des utilisateurs sur le site peuvent \u00eatre soumises \u00e0 une journalisation (logs). Ces donn\u00e9es sont utilis\u00e9es pour l&#8217;administration du site.<\/p>\n\n\n\n<p><strong>7. Techniques de marketing importantes<\/strong><\/p>\n\n\n\n<p><strong>8. Informations sur les fichiers cookies<\/strong><\/p>\n\n\n\n<p>Le Site utilise des fichiers cookies. Les fichiers cookies (ci-apr\u00e8s \u00ab cookies \u00bb) sont des donn\u00e9es informatiques, en particulier des fichiers texte, qui sont stock\u00e9s sur le terminal de l&#8217;Utilisateur du Site et sont destin\u00e9s \u00e0 l&#8217;utilisation des pages web du Site. Les cookies contiennent g\u00e9n\u00e9ralement le nom du site web dont ils proviennent, la dur\u00e9e de leur stockage sur le terminal et un num\u00e9ro unique. L&#8217;entit\u00e9 pla\u00e7ant des fichiers cookies sur le terminal de l&#8217;Utilisateur du Site et y acc\u00e9dant est l&#8217;op\u00e9rateur du Site. Les fichiers cookies sont utilis\u00e9s aux fins suivantes :<\/p>\n\n\n\n<ul class=\"wp-block-list\">\n<li>maintenir la session de l&#8217;utilisateur du Site (apr\u00e8s connexion), gr\u00e2ce \u00e0 laquelle l&#8217;utilisateur n&#8217;a pas \u00e0 saisir \u00e0 nouveau son identifiant et son mot de passe sur chaque sous-page du Site ;<\/li>\n\n\n\n<li>r\u00e9aliser les objectifs d\u00e9finis ci-dessus dans la section \u00ab Techniques de marketing importantes \u00bb ;<\/li>\n<\/ul>\n\n\n\n<p>Dans le cadre du Site, deux types principaux de fichiers cookies sont utilis\u00e9s : les cookies \u00ab de session \u00bb (session cookies) et les cookies \u00ab persistants \u00bb (persistent cookies). Les cookies \u00ab de session \u00bb sont des fichiers temporaires qui sont stock\u00e9s sur le terminal de l&#8217;Utilisateur jusqu&#8217;\u00e0 la d\u00e9connexion, le d\u00e9part du site web ou la d\u00e9sactivation du logiciel (navigateur web). Les fichiers cookies \u00ab persistants \u00bb sont stock\u00e9s sur le terminal de l&#8217;Utilisateur pendant la dur\u00e9e sp\u00e9cifi\u00e9e dans les param\u00e8tres des fichiers cookies ou jusqu&#8217;\u00e0 leur suppression par l&#8217;Utilisateur.<\/p>\n\n\n\n<p>Le logiciel de navigation sur les pages web (navigateur web) autorise g\u00e9n\u00e9ralement par d\u00e9faut le stockage de fichiers cookies sur le terminal de l&#8217;Utilisateur. Les Utilisateurs du Site peuvent modifier les param\u00e8tres \u00e0 cet \u00e9gard. Le navigateur web permet de supprimer les fichiers cookies. Il est \u00e9galement possible de bloquer automatiquement les fichiers cookies. Des informations d\u00e9taill\u00e9es \u00e0 ce sujet sont contenues dans l&#8217;aide ou la documentation du navigateur web. Les restrictions sur l&#8217;utilisation des fichiers cookies peuvent affecter certaines fonctionnalit\u00e9s disponibles sur les pages web du Site.<\/p>\n\n\n\n<p><strong>9. Gestion des fichiers cookies \u2013 comment exprimer et retirer son consentement en pratique ?<\/strong><\/p>\n\n\n\n<p id=\"p-rc_4d2ac3802c055639-19\">Si l&#8217;utilisateur ne souhaite pas recevoir de fichiers cookies, il peut modifier les param\u00e8tres de son navigateur. Nous nous r\u00e9servons le droit de signaler que la d\u00e9sactivation des fichiers cookies n\u00e9cessaires aux processus d&#8217;authentification, de s\u00e9curit\u00e9, de maintien des pr\u00e9f\u00e9rences de l&#8217;utilisateur peut rendre difficile, et dans des cas extr\u00eames, impossibl<sup><\/sup>e l&#8217;utilisation des pages web.<\/p>\n<\/div>\n<\/div>\n<\/div>\n","protected":false},"excerpt":{"rendered":"<p>Politique de confidentialit\u00e9 1. Informations g\u00e9n\u00e9rales La pr\u00e9sente politique concerne le site web fonctionnant \u00e0 l&#8217;adresse URL : https:\/\/investdom-ostrowmaz.pl. L&#8217;op\u00e9rateur du site et le Responsable du traitement des donn\u00e9es personnelles est : INVEST DOM ANDRZEJ BUCZY\u0143SKI, pl. Plac Ksi\u0119\u017cnej Anny Mazowieckiej 4\/2, 07-300 Ostr\u00f3w Mazowiecka, Pologne. Adresse e-mail de contact de l&#8217;op\u00e9rateur : andrzejbuczynski@op.pl L&#8217;op\u00e9rateur &#8230; <a title=\"Polityka prywatno\u015bci\" class=\"read-more\" href=\"https:\/\/investdom-ostrowmaz.pl\/fr\/polityka-prywatnosci\/\" aria-label=\"Dowiedz si\u0119 wi\u0119cej o Polityka prywatno\u015bci\">Czytaj dalej<\/a><\/p>\n","protected":false},"author":1,"featured_media":0,"parent":0,"menu_order":0,"comment_status":"closed","ping_status":"closed","template":"","meta":{"footnotes":""},"class_list":["post-11","page","type-page","status-publish"],"_links":{"self":[{"href":"https:\/\/investdom-ostrowmaz.pl\/fr\/wp-json\/wp\/v2\/pages\/11","targetHints":{"allow":["GET"]}}],"collection":[{"href":"https:\/\/investdom-ostrowmaz.pl\/fr\/wp-json\/wp\/v2\/pages"}],"about":[{"href":"https:\/\/investdom-ostrowmaz.pl\/fr\/wp-json\/wp\/v2\/types\/page"}],"author":[{"embeddable":true,"href":"https:\/\/investdom-ostrowmaz.pl\/fr\/wp-json\/wp\/v2\/users\/1"}],"replies":[{"embeddable":true,"href":"https:\/\/investdom-ostrowmaz.pl\/fr\/wp-json\/wp\/v2\/comments?post=11"}],"version-history":[{"count":0,"href":"https:\/\/investdom-ostrowmaz.pl\/fr\/wp-json\/wp\/v2\/pages\/11\/revisions"}],"wp:attachment":[{"href":"https:\/\/investdom-ostrowmaz.pl\/fr\/wp-json\/wp\/v2\/media?parent=11"}],"curies":[{"name":"wp","href":"https:\/\/api.w.org\/{rel}","templated":true}]}}