{"id":112,"date":"2025-04-30T08:03:59","date_gmt":"2025-04-30T08:03:59","guid":{"rendered":"https:\/\/investdom-ostrowmaz.pl\/fr\/?page_id=112"},"modified":"2026-02-25T13:08:43","modified_gmt":"2026-02-25T13:08:43","slug":"bramy","status":"publish","type":"page","link":"https:\/\/investdom-ostrowmaz.pl\/fr\/bramy\/","title":{"rendered":"Bramy"},"content":{"rendered":"\n<div class=\"gb-element-c9f533b8\">\n<div class=\"gb-element-7a1282a5\">\n<h1 class=\"gb-text gb-text-63cc3d35\">Portes de garage et industrielles<\/h1>\n<\/div>\n\n\n\n<div class=\"gb-element-22f8b292\">\n<p class=\"gb-text gb-text-aa1ff2ce\">Opis: Les portails sont un \u00e9l\u00e9ment cl\u00e9 de toute cl\u00f4ture, alliant fonctionnalit\u00e9 et esth\u00e9tique. Ils offrent un acc\u00e8s pratique et s\u00e9curis\u00e9 \u00e0 la propri\u00e9t\u00e9, tout en en constituant la finition repr\u00e9sentative. Selon vos besoins, diff\u00e9rents types de portails sont disponibles &#8211; coulissants, battants ou automatiques &#8211; qui peuvent \u00eatre adapt\u00e9s au style de la cl\u00f4ture et aux conditions techniques du terrain.<\/p>\n<\/div>\n\n\n\n<div class=\"gb-element-707ca379\">\n<div class=\"gb-element-db5f49f6\"><\/div>\n<\/div>\n\n\n\n<div class=\"gb-element-6eaa73bd\">\n<div class=\"gb-element-f27ecf9b\"><div class=\"wp-block-image\">\n<figure class=\"aligncenter size-full\"><img loading=\"lazy\" decoding=\"async\" width=\"2560\" height=\"1709\" src=\"https:\/\/investdom-ostrowmaz.pl\/fr\/wp-content\/uploads\/2026\/02\/6-scaled.jpeg\" alt=\"\" class=\"wp-image-5832\" srcset=\"https:\/\/investdom-ostrowmaz.pl\/fr\/wp-content\/uploads\/2026\/02\/6-scaled.jpeg 2560w, https:\/\/investdom-ostrowmaz.pl\/fr\/wp-content\/uploads\/2026\/02\/6-300x200.jpeg 300w, https:\/\/investdom-ostrowmaz.pl\/fr\/wp-content\/uploads\/2026\/02\/6-1024x683.jpeg 1024w, https:\/\/investdom-ostrowmaz.pl\/fr\/wp-content\/uploads\/2026\/02\/6-768x513.jpeg 768w, https:\/\/investdom-ostrowmaz.pl\/fr\/wp-content\/uploads\/2026\/02\/6-1536x1025.jpeg 1536w\" sizes=\"auto, (max-width: 2560px) 100vw, 2560px\" \/><\/figure>\n<\/div><\/div>\n\n\n\n<div class=\"gb-element-b550d9cf\">\n<h2 class=\"gb-text\">Portes de garage<\/h2>\n\n\n\n<p class=\"gb-text gb-text-18eea2e4\">Les portes de garage offrent une fermeture s\u00fbre et pratique pour votre garage, le prot\u00e9geant des intemp\u00e9ries et des acc\u00e8s non autoris\u00e9s. Disponibles en de nombreuses variantes.<\/p>\n\n\n\n<a class=\"gb-text gb-text-f78881eb\" href=\"https:\/\/investdom-ostrowmaz.pl\/fr\/bramy\/bramy-garazowe\/\">VOIR PLUS<\/a>\n<\/div>\n<\/div>\n\n\n\n<div class=\"gb-element-ffc045bf\">\n<div class=\"gb-element-e3de635c\"><\/div>\n<\/div>\n\n\n\n<div class=\"gb-element-d913f16c\">\n<div class=\"gb-element-d6396792\"><div class=\"wp-block-image\">\n<figure class=\"aligncenter size-full\"><img loading=\"lazy\" decoding=\"async\" width=\"1000\" height=\"444\" src=\"https:\/\/investdom-ostrowmaz.pl\/fr\/wp-content\/uploads\/2026\/02\/logo-eko-okna-2.png\" alt=\"\" class=\"wp-image-5838\" srcset=\"https:\/\/investdom-ostrowmaz.pl\/fr\/wp-content\/uploads\/2026\/02\/logo-eko-okna-2.png 1000w, https:\/\/investdom-ostrowmaz.pl\/fr\/wp-content\/uploads\/2026\/02\/logo-eko-okna-2-300x133.png 300w, https:\/\/investdom-ostrowmaz.pl\/fr\/wp-content\/uploads\/2026\/02\/logo-eko-okna-2-768x341.png 768w\" sizes=\"auto, (max-width: 1000px) 100vw, 1000px\" \/><\/figure>\n<\/div><\/div>\n\n\n\n<div class=\"gb-element-b4e61226\">\n<h2 class=\"gb-text\">Grilles roulantes<\/h2>\n\n\n\n<p class=\"gb-text gb-text-a94a3f3e\">Les grilles roulantes sont une protection pratique pour les entr\u00e9es et les vitrines. Elles allient une fonction de s\u00e9curit\u00e9 \u00e0 une bonne visibilit\u00e9 et ventilation. Elles sont id\u00e9ales pour les locaux commerciaux.<\/p>\n\n\n\n<a class=\"gb-text gb-text-86a3bf8f\" href=\"https:\/\/ekookna.pl\/ekopl\/produkty\/krata-rolowana\" target=\"_blank\" rel=\"noopener\">VOIR PLUS<\/a>\n<\/div>\n<\/div>\n\n\n\n<div class=\"gb-element-cfe10171\">\n<div class=\"gb-element-1a37acba\"><\/div>\n<\/div>\n\n\n\n<div class=\"gb-element-5ffb1925\">\n<div class=\"gb-element-b4706d81\"><div class=\"wp-block-image\">\n<figure class=\"aligncenter size-full\"><img loading=\"lazy\" decoding=\"async\" width=\"1000\" height=\"444\" src=\"https:\/\/investdom-ostrowmaz.pl\/fr\/wp-content\/uploads\/2026\/02\/logo-eko-okna-2.png\" alt=\"\" class=\"wp-image-5838\" srcset=\"https:\/\/investdom-ostrowmaz.pl\/fr\/wp-content\/uploads\/2026\/02\/logo-eko-okna-2.png 1000w, https:\/\/investdom-ostrowmaz.pl\/fr\/wp-content\/uploads\/2026\/02\/logo-eko-okna-2-300x133.png 300w, https:\/\/investdom-ostrowmaz.pl\/fr\/wp-content\/uploads\/2026\/02\/logo-eko-okna-2-768x341.png 768w\" sizes=\"auto, (max-width: 1000px) 100vw, 1000px\" \/><\/figure>\n<\/div><\/div>\n\n\n\n<div class=\"gb-element-c1f9d492\">\n<h2 class=\"gb-text\">Accessoires<\/h2>\n\n\n\n<p class=\"gb-text gb-text-7cb63978\">Les accessoires pour portails sont des \u00e9l\u00e9ments qui augmentent le confort et la fonctionnalit\u00e9, tels que les motorisations, les t\u00e9l\u00e9commandes, les cellules photo\u00e9lectriques ou les syst\u00e8mes de s\u00e9curit\u00e9 anti-effraction.<\/p>\n\n\n\n<a class=\"gb-text gb-text-0d0d9a90\" href=\"https:\/\/ekookna.pl\/ekopl\/produkty\/bramy\/dodatki\" target=\"_blank\" rel=\"noopener\">VOIR PLUS<\/a>\n<\/div>\n<\/div>\n<\/div>\n","protected":false},"excerpt":{"rendered":"<p>Portes de garage et industrielles Opis: Les portails sont un \u00e9l\u00e9ment cl\u00e9 de toute cl\u00f4ture, alliant fonctionnalit\u00e9 et esth\u00e9tique. Ils offrent un acc\u00e8s pratique et s\u00e9curis\u00e9 \u00e0 la propri\u00e9t\u00e9, tout en en constituant la finition repr\u00e9sentative. Selon vos besoins, diff\u00e9rents types de portails sont disponibles &#8211; coulissants, battants ou automatiques &#8211; qui peuvent \u00eatre adapt\u00e9s &#8230; <a title=\"Bramy\" class=\"read-more\" href=\"https:\/\/investdom-ostrowmaz.pl\/fr\/bramy\/\" aria-label=\"Dowiedz si\u0119 wi\u0119cej o Bramy\">Czytaj dalej<\/a><\/p>\n","protected":false},"author":1,"featured_media":0,"parent":0,"menu_order":0,"comment_status":"closed","ping_status":"closed","template":"","meta":{"footnotes":""},"class_list":["post-112","page","type-page","status-publish"],"_links":{"self":[{"href":"https:\/\/investdom-ostrowmaz.pl\/fr\/wp-json\/wp\/v2\/pages\/112","targetHints":{"allow":["GET"]}}],"collection":[{"href":"https:\/\/investdom-ostrowmaz.pl\/fr\/wp-json\/wp\/v2\/pages"}],"about":[{"href":"https:\/\/investdom-ostrowmaz.pl\/fr\/wp-json\/wp\/v2\/types\/page"}],"author":[{"embeddable":true,"href":"https:\/\/investdom-ostrowmaz.pl\/fr\/wp-json\/wp\/v2\/users\/1"}],"replies":[{"embeddable":true,"href":"https:\/\/investdom-ostrowmaz.pl\/fr\/wp-json\/wp\/v2\/comments?post=112"}],"version-history":[{"count":0,"href":"https:\/\/investdom-ostrowmaz.pl\/fr\/wp-json\/wp\/v2\/pages\/112\/revisions"}],"wp:attachment":[{"href":"https:\/\/investdom-ostrowmaz.pl\/fr\/wp-json\/wp\/v2\/media?parent=112"}],"curies":[{"name":"wp","href":"https:\/\/api.w.org\/{rel}","templated":true}]}}