{"id":114,"date":"2025-04-30T08:04:23","date_gmt":"2025-04-30T08:04:23","guid":{"rendered":"https:\/\/investdom-ostrowmaz.pl\/fr\/?page_id=114"},"modified":"2026-02-25T13:10:35","modified_gmt":"2026-02-25T13:10:35","slug":"bramy-garazowe","status":"publish","type":"page","link":"https:\/\/investdom-ostrowmaz.pl\/fr\/bramy\/bramy-garazowe\/","title":{"rendered":"Bramy gara\u017cowe"},"content":{"rendered":"\n<div class=\"gb-element-c9f533b8\">\n<div class=\"gb-element-7a1282a5\">\n<h1 class=\"gb-text gb-text-63cc3d35\">Portes de garage<\/h1>\n<\/div>\n\n\n\n<div class=\"gb-element-22f8b292\">\n<p class=\"gb-text gb-text-aa1ff2ce\">Les portes de garage sont un \u00e9l\u00e9ment indispensable de toute maison et de tout b\u00e2timent utilitaire. Elles assurent la s\u00e9curit\u00e9, la protection contre les intemp\u00e9ries et une finition esth\u00e9tique de la fa\u00e7ade. Selon vos besoins et les sp\u00e9cificit\u00e9s du b\u00e2timent, diff\u00e9rentes solutions sont disponibles : sectionnelles, roulantes ou basculantes. Les syst\u00e8mes de commande modernes et la construction solide garantissent un confort et une fiabilit\u00e9 d&#8217;utilisation pour de nombreuses ann\u00e9es.<\/p>\n<\/div>\n\n\n\n<div class=\"gb-element-707ca379\">\n<div class=\"gb-element-db5f49f6\"><\/div>\n<\/div>\n\n\n\n<div class=\"gb-element-6eaa73bd\">\n<div class=\"gb-element-f27ecf9b\"><div class=\"wp-block-image\">\n<figure class=\"aligncenter size-full\"><img loading=\"lazy\" decoding=\"async\" width=\"2560\" height=\"1709\" src=\"https:\/\/investdom-ostrowmaz.pl\/fr\/wp-content\/uploads\/2026\/02\/6-scaled.jpeg\" alt=\"\" class=\"wp-image-5832\" srcset=\"https:\/\/investdom-ostrowmaz.pl\/fr\/wp-content\/uploads\/2026\/02\/6-scaled.jpeg 2560w, https:\/\/investdom-ostrowmaz.pl\/fr\/wp-content\/uploads\/2026\/02\/6-300x200.jpeg 300w, https:\/\/investdom-ostrowmaz.pl\/fr\/wp-content\/uploads\/2026\/02\/6-1024x683.jpeg 1024w, https:\/\/investdom-ostrowmaz.pl\/fr\/wp-content\/uploads\/2026\/02\/6-768x513.jpeg 768w, https:\/\/investdom-ostrowmaz.pl\/fr\/wp-content\/uploads\/2026\/02\/6-1536x1025.jpeg 1536w\" sizes=\"auto, (max-width: 2560px) 100vw, 2560px\" \/><\/figure>\n<\/div><\/div>\n\n\n\n<div class=\"gb-element-b550d9cf\">\n<h2 class=\"gb-text\">Portes de garage sectionnelles<\/h2>\n\n\n\n<p class=\"gb-text gb-text-18eea2e4\">Les portes de garage sectionnelles sont une solution moderne et pratique qui assure une excellente isolation thermique et un gain de place lors de l&#8217;ouverture.<\/p>\n\n\n\n<a class=\"gb-text gb-text-f78881eb\" href=\"https:\/\/investdom-ostrowmaz.pl\/fr\/bramy\/bramy-garazowe\/bramy-garazowe-segmentowe-2\/\">VOIR PLUS<\/a>\n<\/div>\n<\/div>\n\n\n\n<div class=\"gb-element-ffc045bf\">\n<div class=\"gb-element-e3de635c\"><\/div>\n<\/div>\n\n\n\n<div class=\"gb-element-d913f16c\">\n<div class=\"gb-element-d6396792\"><div class=\"wp-block-image\">\n<figure class=\"aligncenter size-full\"><img loading=\"lazy\" decoding=\"async\" width=\"2560\" height=\"1396\" src=\"https:\/\/investdom-ostrowmaz.pl\/fr\/wp-content\/uploads\/2026\/02\/19-bramy-garazowe-rozwierne-scaled.png\" alt=\"\" class=\"wp-image-5905\" srcset=\"https:\/\/investdom-ostrowmaz.pl\/fr\/wp-content\/uploads\/2026\/02\/19-bramy-garazowe-rozwierne-scaled.png 2560w, https:\/\/investdom-ostrowmaz.pl\/fr\/wp-content\/uploads\/2026\/02\/19-bramy-garazowe-rozwierne-300x164.png 300w, https:\/\/investdom-ostrowmaz.pl\/fr\/wp-content\/uploads\/2026\/02\/19-bramy-garazowe-rozwierne-1024x559.png 1024w, https:\/\/investdom-ostrowmaz.pl\/fr\/wp-content\/uploads\/2026\/02\/19-bramy-garazowe-rozwierne-768x419.png 768w, https:\/\/investdom-ostrowmaz.pl\/fr\/wp-content\/uploads\/2026\/02\/19-bramy-garazowe-rozwierne-1536x838.png 1536w, https:\/\/investdom-ostrowmaz.pl\/fr\/wp-content\/uploads\/2026\/02\/19-bramy-garazowe-rozwierne-2048x1117.png 2048w\" sizes=\"auto, (max-width: 2560px) 100vw, 2560px\" \/><\/figure>\n<\/div><\/div>\n\n\n\n<div class=\"gb-element-b4e61226\">\n<h2 class=\"gb-text\">Portes de garage battantes<\/h2>\n\n\n\n<p class=\"gb-text gb-text-a94a3f3e\">Les portes de garage battantes sont une solution classique et solide, id\u00e9ale pour les b\u00e2timents \u00e0 l&#8217;architecture traditionnelle et aux exigences d&#8217;utilisation simples.<\/p>\n\n\n\n<a class=\"gb-text gb-text-86a3bf8f\" href=\"https:\/\/investdom-ostrowmaz.pl\/fr\/bramy\/bramy-garazowe\/bramy-garazowe-rozwierne-2\/\">VOIR PLUS<\/a>\n<\/div>\n<\/div>\n\n\n\n<div class=\"gb-element-cfe10171\">\n<div class=\"gb-element-1a37acba\"><\/div>\n<\/div>\n\n\n\n<div class=\"gb-element-5ffb1925\">\n<div class=\"gb-element-b4706d81\"><div class=\"wp-block-image\">\n<figure class=\"aligncenter size-full\"><img loading=\"lazy\" decoding=\"async\" width=\"2560\" height=\"1752\" src=\"https:\/\/investdom-ostrowmaz.pl\/fr\/wp-content\/uploads\/2026\/02\/20-bramy-rolowane-scaled.jpeg\" alt=\"\" class=\"wp-image-5906\" srcset=\"https:\/\/investdom-ostrowmaz.pl\/fr\/wp-content\/uploads\/2026\/02\/20-bramy-rolowane-scaled.jpeg 2560w, https:\/\/investdom-ostrowmaz.pl\/fr\/wp-content\/uploads\/2026\/02\/20-bramy-rolowane-300x205.jpeg 300w, https:\/\/investdom-ostrowmaz.pl\/fr\/wp-content\/uploads\/2026\/02\/20-bramy-rolowane-1024x701.jpeg 1024w, https:\/\/investdom-ostrowmaz.pl\/fr\/wp-content\/uploads\/2026\/02\/20-bramy-rolowane-768x526.jpeg 768w, https:\/\/investdom-ostrowmaz.pl\/fr\/wp-content\/uploads\/2026\/02\/20-bramy-rolowane-1536x1051.jpeg 1536w, https:\/\/investdom-ostrowmaz.pl\/fr\/wp-content\/uploads\/2026\/02\/20-bramy-rolowane-2048x1402.jpeg 2048w\" sizes=\"auto, (max-width: 2560px) 100vw, 2560px\" \/><\/figure>\n<\/div><\/div>\n\n\n\n<div class=\"gb-element-c1f9d492\">\n<h2 class=\"gb-text\">Portes roulantes<\/h2>\n\n\n\n<p class=\"gb-text gb-text-7cb63978\">Les portes roulantes sont une solution pratique qui \u00e9conomise de l&#8217;espace et assure un confort d&#8217;utilisation au quotidien. Elles conviennent aux garages et aux b\u00e2timents industriels.<\/p>\n\n\n\n<a class=\"gb-text gb-text-0d0d9a90\" href=\"https:\/\/investdom-ostrowmaz.pl\/fr\/bramy\/bramy-garazowe\/bramy-rolowane-2\/\">VOIR PLUS<\/a>\n<\/div>\n<\/div>\n<\/div>\n","protected":false},"excerpt":{"rendered":"<p>Portes de garage Les portes de garage sont un \u00e9l\u00e9ment indispensable de toute maison et de tout b\u00e2timent utilitaire. Elles assurent la s\u00e9curit\u00e9, la protection contre les intemp\u00e9ries et une finition esth\u00e9tique de la fa\u00e7ade. Selon vos besoins et les sp\u00e9cificit\u00e9s du b\u00e2timent, diff\u00e9rentes solutions sont disponibles : sectionnelles, roulantes ou basculantes. Les syst\u00e8mes de &#8230; <a title=\"Bramy gara\u017cowe\" class=\"read-more\" href=\"https:\/\/investdom-ostrowmaz.pl\/fr\/bramy\/bramy-garazowe\/\" aria-label=\"Dowiedz si\u0119 wi\u0119cej o Bramy gara\u017cowe\">Czytaj dalej<\/a><\/p>\n","protected":false},"author":1,"featured_media":0,"parent":112,"menu_order":0,"comment_status":"closed","ping_status":"closed","template":"","meta":{"footnotes":""},"class_list":["post-114","page","type-page","status-publish"],"_links":{"self":[{"href":"https:\/\/investdom-ostrowmaz.pl\/fr\/wp-json\/wp\/v2\/pages\/114","targetHints":{"allow":["GET"]}}],"collection":[{"href":"https:\/\/investdom-ostrowmaz.pl\/fr\/wp-json\/wp\/v2\/pages"}],"about":[{"href":"https:\/\/investdom-ostrowmaz.pl\/fr\/wp-json\/wp\/v2\/types\/page"}],"author":[{"embeddable":true,"href":"https:\/\/investdom-ostrowmaz.pl\/fr\/wp-json\/wp\/v2\/users\/1"}],"replies":[{"embeddable":true,"href":"https:\/\/investdom-ostrowmaz.pl\/fr\/wp-json\/wp\/v2\/comments?post=114"}],"version-history":[{"count":0,"href":"https:\/\/investdom-ostrowmaz.pl\/fr\/wp-json\/wp\/v2\/pages\/114\/revisions"}],"up":[{"embeddable":true,"href":"https:\/\/investdom-ostrowmaz.pl\/fr\/wp-json\/wp\/v2\/pages\/112"}],"wp:attachment":[{"href":"https:\/\/investdom-ostrowmaz.pl\/fr\/wp-json\/wp\/v2\/media?parent=114"}],"curies":[{"name":"wp","href":"https:\/\/api.w.org\/{rel}","templated":true}]}}