{"id":13,"date":"2025-04-30T06:51:10","date_gmt":"2025-04-30T06:51:10","guid":{"rendered":"https:\/\/investdom-ostrowmaz.pl\/fr\/?page_id=13"},"modified":"2026-02-26T12:28:24","modified_gmt":"2026-02-26T12:28:24","slug":"strona-glowna","status":"publish","type":"page","link":"https:\/\/investdom-ostrowmaz.pl\/fr\/","title":{"rendered":"Strona g\u0142\u00f3wna"},"content":{"rendered":"\n<div>\n<div class=\"gb-element-710ee56b\">\n<div class=\"gb-element-aa33da29\">\n<h1 class=\"gb-text gb-text-26783931\">Invest Dom Ostr\u00f3w Mazowiecka<\/h1>\n\n\n\n<h2 class=\"gb-text gb-text-ec99ded4\"><strong>Pose pr\u00e9cise, r\u00e9sultat durable \u2013 fen\u00eatres et portes pour des ann\u00e9es<\/strong><\/h2>\n\n\n\n<a class=\"gb-text-96df5d70 smooth-scroll\" href=\"#mmstrony-kontakt\"><span class=\"gb-shape\"><svg aria-hidden=\"true\" role=\"img\" height=\"1em\" width=\"1em\" viewBox=\"0 0 512 512\" xmlns=\"http:\/\/www.w3.org\/2000\/svg\"><path fill=\"currentColor\" d=\"M464 64H48C21.49 64 0 85.49 0 112v288c0 26.51 21.49 48 48 48h416c26.51 0 48-21.49 48-48V112c0-26.51-21.49-48-48-48zm0 48v40.805c-22.422 18.259-58.168 46.651-134.587 106.49-16.841 13.247-50.201 45.072-73.413 44.701-23.208.375-56.579-31.459-73.413-44.701C106.18 199.465 70.425 171.067 48 152.805V112h416zM48 400V214.398c22.914 18.251 55.409 43.862 104.938 82.646 21.857 17.205 60.134 55.186 103.062 54.955 42.717.231 80.509-37.199 103.053-54.947 49.528-38.783 82.032-64.401 104.947-82.653V400H48z\"><\/path><\/svg><\/span><span class=\"gb-text\"><strong>Contactez-nous<\/strong><\/span><\/a>\n<\/div>\n<\/div>\n\n\n\n<div class=\"gb-element-ce08bbbd\">\n<div class=\"gb-element-f3a23e75\">\n<figure class=\"wp-block-image size-large\"><img loading=\"lazy\" decoding=\"async\" width=\"1024\" height=\"683\" src=\"https:\/\/investdom-ostrowmaz.pl\/fr\/wp-content\/uploads\/2026\/02\/2-1024x683.jpeg\" alt=\"\" class=\"wp-image-5826\" srcset=\"https:\/\/investdom-ostrowmaz.pl\/fr\/wp-content\/uploads\/2026\/02\/2-1024x683.jpeg 1024w, https:\/\/investdom-ostrowmaz.pl\/fr\/wp-content\/uploads\/2026\/02\/2-300x200.jpeg 300w, https:\/\/investdom-ostrowmaz.pl\/fr\/wp-content\/uploads\/2026\/02\/2-768x513.jpeg 768w, https:\/\/investdom-ostrowmaz.pl\/fr\/wp-content\/uploads\/2026\/02\/2-1536x1025.jpeg 1536w, https:\/\/investdom-ostrowmaz.pl\/fr\/wp-content\/uploads\/2026\/02\/2-2048x1367.jpeg 2048w\" sizes=\"auto, (max-width: 1024px) 100vw, 1024px\" \/><\/figure>\n<\/div>\n\n\n\n<div class=\"gb-element-a730d5b2\">\n<h2 class=\"gb-text\"><strong><strong>Des fen\u00eatres qui garantissent un confort durable<\/strong><\/strong><\/h2>\n\n\n\n<p>Choisissez des fen\u00eatres modernes alliant esth\u00e9tique, efficacit\u00e9 \u00e9nerg\u00e9tique et durabilit\u00e9. Nous proposons un large choix de mod\u00e8les \u00e9prouv\u00e9s \u2013 des plus classiques aux plus contemporains \u2013 adapt\u00e9s \u00e0 votre style et \u00e0 vos besoins. D\u00e9couvrez notre offre et trouvez les fen\u00eatres id\u00e9ales pour votre maison.<\/p>\n\n\n\n<a class=\"gb-text-dbeda693\" href=\"https:\/\/investdom-ostrowmaz.pl\/fr\/okna\/\"><span class=\"gb-shape\"><svg aria-hidden=\"true\" role=\"img\" height=\"1em\" width=\"1em\" viewBox=\"0 0 256 512\" xmlns=\"http:\/\/www.w3.org\/2000\/svg\"><path fill=\"currentColor\" d=\"M224.3 273l-136 136c-9.4 9.4-24.6 9.4-33.9 0l-22.6-22.6c-9.4-9.4-9.4-24.6 0-33.9l96.4-96.4-96.4-96.4c-9.4-9.4-9.4-24.6 0-33.9L54.3 103c9.4-9.4 24.6-9.4 33.9 0l136 136c9.5 9.4 9.5 24.6.1 34z\"><\/path><\/svg><\/span><span class=\"gb-text\">VOIR LES FEN\u00caTRES<\/span><\/a>\n<\/div>\n<\/div>\n\n\n\n<div class=\"gb-element-13dbc755\">\n<div class=\"gb-element-d6004687\">\n<h2 class=\"gb-text\"><strong><strong>Des portes qui prot\u00e8gent et mettent en valeur le caract\u00e8re de votre maison<\/strong><\/strong><\/h2>\n\n\n\n<p>Nous proposons des portes ext\u00e9rieures et int\u00e9rieures solides et \u00e9l\u00e9gantes, alliant s\u00e9curit\u00e9 et esth\u00e9tique. Que vous recherchiez des portes classiques, modernes ou blind\u00e9es, nous vous aiderons \u00e0 choisir la solution parfaitement adapt\u00e9e \u00e0 votre int\u00e9rieur et \u00e0 vos attentes. D\u00e9couvrez notre offre et misez sur la qualit\u00e9.<\/p>\n\n\n\n<a class=\"gb-text-0517f924\" href=\"https:\/\/investdom-ostrowmaz.pl\/fr\/drzwi\/\"><span class=\"gb-shape\"><svg aria-hidden=\"true\" role=\"img\" height=\"1em\" width=\"1em\" viewBox=\"0 0 256 512\" xmlns=\"http:\/\/www.w3.org\/2000\/svg\"><path fill=\"currentColor\" d=\"M224.3 273l-136 136c-9.4 9.4-24.6 9.4-33.9 0l-22.6-22.6c-9.4-9.4-9.4-24.6 0-33.9l96.4-96.4-96.4-96.4c-9.4-9.4-9.4-24.6 0-33.9L54.3 103c9.4-9.4 24.6-9.4 33.9 0l136 136c9.5 9.4 9.5 24.6.1 34z\"><\/path><\/svg><\/span><span class=\"gb-text\">VOIR LES PORTES<\/span><\/a>\n<\/div>\n\n\n\n<div class=\"gb-element-b700b477\">\n<figure class=\"wp-block-image size-full\"><img loading=\"lazy\" decoding=\"async\" width=\"2560\" height=\"1707\" src=\"https:\/\/investdom-ostrowmaz.pl\/fr\/wp-content\/uploads\/2026\/02\/3-scaled.jpeg\" alt=\"\" class=\"wp-image-5828\" srcset=\"https:\/\/investdom-ostrowmaz.pl\/fr\/wp-content\/uploads\/2026\/02\/3-scaled.jpeg 2560w, https:\/\/investdom-ostrowmaz.pl\/fr\/wp-content\/uploads\/2026\/02\/3-300x200.jpeg 300w, https:\/\/investdom-ostrowmaz.pl\/fr\/wp-content\/uploads\/2026\/02\/3-1024x683.jpeg 1024w, https:\/\/investdom-ostrowmaz.pl\/fr\/wp-content\/uploads\/2026\/02\/3-768x512.jpeg 768w, https:\/\/investdom-ostrowmaz.pl\/fr\/wp-content\/uploads\/2026\/02\/3-1536x1024.jpeg 1536w, https:\/\/investdom-ostrowmaz.pl\/fr\/wp-content\/uploads\/2026\/02\/3-2048x1366.jpeg 2048w\" sizes=\"auto, (max-width: 2560px) 100vw, 2560px\" \/><\/figure>\n<\/div>\n<\/div>\n\n\n\n<div class=\"gb-element-4f82ea52\">\n<div class=\"gb-element-7a903217\">\n<figure class=\"wp-block-image size-large\"><img loading=\"lazy\" decoding=\"async\" width=\"1024\" height=\"574\" src=\"https:\/\/investdom-ostrowmaz.pl\/fr\/wp-content\/uploads\/2026\/02\/4-1024x574.jpeg\" alt=\"\" class=\"wp-image-5829\" srcset=\"https:\/\/investdom-ostrowmaz.pl\/fr\/wp-content\/uploads\/2026\/02\/4-1024x574.jpeg 1024w, https:\/\/investdom-ostrowmaz.pl\/fr\/wp-content\/uploads\/2026\/02\/4-300x168.jpeg 300w, https:\/\/investdom-ostrowmaz.pl\/fr\/wp-content\/uploads\/2026\/02\/4-768x430.jpeg 768w, https:\/\/investdom-ostrowmaz.pl\/fr\/wp-content\/uploads\/2026\/02\/4-1536x861.jpeg 1536w, https:\/\/investdom-ostrowmaz.pl\/fr\/wp-content\/uploads\/2026\/02\/4-2048x1148.jpeg 2048w\" sizes=\"auto, (max-width: 1024px) 100vw, 1024px\" \/><\/figure>\n<\/div>\n\n\n\n<div class=\"gb-element-806b3ccc\">\n<h2 class=\"gb-text\"><strong><strong>Syst\u00e8mes coulissants modernes \u2013 plus de lumi\u00e8re, plus d\u2019espace<\/strong><\/strong><\/h2>\n\n\n\n<p>Les syst\u00e8mes coulissants sont la solution id\u00e9ale pour ceux qui appr\u00e9cient l\u2019espace, la fonctionnalit\u00e9 et le design contemporain. Ouvrez votre maison sur le jardin, la terrasse ou le balcon sans renoncer au confort thermique ni \u00e0 l\u2019esth\u00e9tique. D\u00e9couvrez notre gamme de portes coulissantes et voyez comment gagner en lumi\u00e8re naturelle et en libert\u00e9 d\u2019am\u00e9nagement.<\/p>\n\n\n\n<a class=\"gb-text-aebc29bf\" href=\"https:\/\/investdom-ostrowmaz.pl\/fr\/systemy-przesuwne\/\"><span class=\"gb-shape\"><svg aria-hidden=\"true\" role=\"img\" height=\"1em\" width=\"1em\" viewBox=\"0 0 256 512\" xmlns=\"http:\/\/www.w3.org\/2000\/svg\"><path fill=\"currentColor\" d=\"M224.3 273l-136 136c-9.4 9.4-24.6 9.4-33.9 0l-22.6-22.6c-9.4-9.4-9.4-24.6 0-33.9l96.4-96.4-96.4-96.4c-9.4-9.4-9.4-24.6 0-33.9L54.3 103c9.4-9.4 24.6-9.4 33.9 0l136 136c9.5 9.4 9.5 24.6.1 34z\"><\/path><\/svg><\/span><span class=\"gb-text\">VOIR LES SYST\u00c8MES<\/span><\/a>\n<\/div>\n<\/div>\n\n\n\n<div class=\"gb-element-3697a1d3\">\n<div class=\"gb-element-16046c5a\">\n<h2 class=\"gb-text\"><strong><strong>Protections solaires \u2013 confort, intimit\u00e9 et style r\u00e9unis<\/strong><\/strong><\/h2>\n\n\n\n<p>Stores, volets, pliss\u00e9s \u2013 nous proposons des protections solaires modernes adapt\u00e9es \u00e0 chaque int\u00e9rieur et \u00e0 tous les besoins. Elles prot\u00e8gent du soleil, garantissent l\u2019intimit\u00e9 et apportent une touche d\u2019\u00e9l\u00e9gance \u00e0 vos pi\u00e8ces. D\u00e9couvrez nos solutions et optez pour la fonctionnalit\u00e9 dans sa meilleure version.<\/p>\n\n\n\n<a class=\"gb-text-99100565\" href=\"https:\/\/investdom-ostrowmaz.pl\/fr\/oslony-okienne\/\"><span class=\"gb-shape\"><svg aria-hidden=\"true\" role=\"img\" height=\"1em\" width=\"1em\" viewBox=\"0 0 256 512\" xmlns=\"http:\/\/www.w3.org\/2000\/svg\"><path fill=\"currentColor\" d=\"M224.3 273l-136 136c-9.4 9.4-24.6 9.4-33.9 0l-22.6-22.6c-9.4-9.4-9.4-24.6 0-33.9l96.4-96.4-96.4-96.4c-9.4-9.4-9.4-24.6 0-33.9L54.3 103c9.4-9.4 24.6-9.4 33.9 0l136 136c9.5 9.4 9.5 24.6.1 34z\"><\/path><\/svg><\/span><span class=\"gb-text\">VOIR LES PROTECTIONS<\/span><\/a>\n<\/div>\n\n\n\n<div class=\"gb-element-44ee7515\">\n<figure class=\"wp-block-image size-full\"><img loading=\"lazy\" decoding=\"async\" width=\"2560\" height=\"1707\" src=\"https:\/\/investdom-ostrowmaz.pl\/fr\/wp-content\/uploads\/2026\/02\/5-scaled.jpeg\" alt=\"\" class=\"wp-image-5830\" srcset=\"https:\/\/investdom-ostrowmaz.pl\/fr\/wp-content\/uploads\/2026\/02\/5-scaled.jpeg 2560w, https:\/\/investdom-ostrowmaz.pl\/fr\/wp-content\/uploads\/2026\/02\/5-300x200.jpeg 300w, https:\/\/investdom-ostrowmaz.pl\/fr\/wp-content\/uploads\/2026\/02\/5-1024x683.jpeg 1024w, https:\/\/investdom-ostrowmaz.pl\/fr\/wp-content\/uploads\/2026\/02\/5-768x512.jpeg 768w, https:\/\/investdom-ostrowmaz.pl\/fr\/wp-content\/uploads\/2026\/02\/5-1536x1024.jpeg 1536w, https:\/\/investdom-ostrowmaz.pl\/fr\/wp-content\/uploads\/2026\/02\/5-2048x1365.jpeg 2048w\" sizes=\"auto, (max-width: 2560px) 100vw, 2560px\" \/><\/figure>\n<\/div>\n<\/div>\n\n\n\n<div class=\"gb-element-5b2f8bac\">\n<div class=\"gb-element-ce4c9b94\">\n<figure class=\"wp-block-image size-large\"><img loading=\"lazy\" decoding=\"async\" width=\"1024\" height=\"683\" src=\"https:\/\/investdom-ostrowmaz.pl\/fr\/wp-content\/uploads\/2026\/02\/6-1024x683.jpeg\" alt=\"\" class=\"wp-image-5832\" srcset=\"https:\/\/investdom-ostrowmaz.pl\/fr\/wp-content\/uploads\/2026\/02\/6-1024x683.jpeg 1024w, https:\/\/investdom-ostrowmaz.pl\/fr\/wp-content\/uploads\/2026\/02\/6-300x200.jpeg 300w, https:\/\/investdom-ostrowmaz.pl\/fr\/wp-content\/uploads\/2026\/02\/6-768x513.jpeg 768w, https:\/\/investdom-ostrowmaz.pl\/fr\/wp-content\/uploads\/2026\/02\/6-1536x1025.jpeg 1536w\" sizes=\"auto, (max-width: 1024px) 100vw, 1024px\" \/><\/figure>\n<\/div>\n\n\n\n<div class=\"gb-element-a3ba665d\">\n<h2 class=\"gb-text\"><strong><strong><strong>Des portails adapt\u00e9s \u00e0 vos besoins \u2013 fonctionnalit\u00e9 et s\u00e9curit\u00e9<\/strong><\/strong><\/strong><\/h2>\n\n\n\n<p>Nous proposons des portails d\u2019entr\u00e9e et des portes de garage alliant confort d\u2019utilisation, solidit\u00e9 et esth\u00e9tique. Que vous recherchiez un portail automatique, coulissant ou battant, nous vous aiderons \u00e0 choisir la solution id\u00e9ale pour votre propri\u00e9t\u00e9. D\u00e9couvrez notre offre et optez pour des syst\u00e8mes fiables.<\/p>\n\n\n\n<a class=\"gb-text-f384ee65\" href=\"https:\/\/investdom-ostrowmaz.pl\/fr\/bramy\/\"><span class=\"gb-shape\"><svg aria-hidden=\"true\" role=\"img\" height=\"1em\" width=\"1em\" viewBox=\"0 0 256 512\" xmlns=\"http:\/\/www.w3.org\/2000\/svg\"><path fill=\"currentColor\" d=\"M224.3 273l-136 136c-9.4 9.4-24.6 9.4-33.9 0l-22.6-22.6c-9.4-9.4-9.4-24.6 0-33.9l96.4-96.4-96.4-96.4c-9.4-9.4-9.4-24.6 0-33.9L54.3 103c9.4-9.4 24.6-9.4 33.9 0l136 136c9.5 9.4 9.5 24.6.1 34z\"><\/path><\/svg><\/span><span class=\"gb-text\">VOIR LES PORTAILS<\/span><\/a>\n<\/div>\n<\/div>\n\n\n\n<div class=\"gb-element-c6317a70\">\n<div class=\"gb-element-b8a70cad\">\n<h2 class=\"gb-text\"><strong><strong><strong>Moustiquaires \u2013 une protection efficace contre les insectes<\/strong><\/strong><\/strong><\/h2>\n\n\n\n<p>Profitez de l\u2019air frais sans visiteurs ind\u00e9sirables. Nos moustiquaires sont une solution pratique et esth\u00e9tique qui prot\u00e8ge efficacement vos int\u00e9rieurs des insectes, sans limiter la visibilit\u00e9 ni la lumi\u00e8re naturelle. Nous proposons des moustiquaires adapt\u00e9es \u00e0 tous types de fen\u00eatres et de portes \u2013 d\u00e9couvrez nos mod\u00e8les disponibles.<\/p>\n\n\n\n<a class=\"gb-text-8dc11f5a\" href=\"https:\/\/investdom-ostrowmaz.pl\/fr\/moskitiery\/\"><span class=\"gb-shape\"><svg aria-hidden=\"true\" role=\"img\" height=\"1em\" width=\"1em\" viewBox=\"0 0 256 512\" xmlns=\"http:\/\/www.w3.org\/2000\/svg\"><path fill=\"currentColor\" d=\"M224.3 273l-136 136c-9.4 9.4-24.6 9.4-33.9 0l-22.6-22.6c-9.4-9.4-9.4-24.6 0-33.9l96.4-96.4-96.4-96.4c-9.4-9.4-9.4-24.6 0-33.9L54.3 103c9.4-9.4 24.6-9.4 33.9 0l136 136c9.5 9.4 9.5 24.6.1 34z\"><\/path><\/svg><\/span><span class=\"gb-text\">ZOBACZ MOSKITIERY<\/span><\/a>\n<\/div>\n\n\n\n<div class=\"gb-element-ab096780\">\n<figure class=\"wp-block-image size-full\"><img loading=\"lazy\" decoding=\"async\" width=\"2560\" height=\"1707\" src=\"https:\/\/investdom-ostrowmaz.pl\/fr\/wp-content\/uploads\/2026\/02\/7-scaled.jpeg\" alt=\"\" class=\"wp-image-5833\" srcset=\"https:\/\/investdom-ostrowmaz.pl\/fr\/wp-content\/uploads\/2026\/02\/7-scaled.jpeg 2560w, https:\/\/investdom-ostrowmaz.pl\/fr\/wp-content\/uploads\/2026\/02\/7-300x200.jpeg 300w, https:\/\/investdom-ostrowmaz.pl\/fr\/wp-content\/uploads\/2026\/02\/7-1024x683.jpeg 1024w, https:\/\/investdom-ostrowmaz.pl\/fr\/wp-content\/uploads\/2026\/02\/7-768x512.jpeg 768w, https:\/\/investdom-ostrowmaz.pl\/fr\/wp-content\/uploads\/2026\/02\/7-1536x1024.jpeg 1536w\" sizes=\"auto, (max-width: 2560px) 100vw, 2560px\" \/><\/figure>\n<\/div>\n<\/div>\n\n\n\n<div class=\"gb-element-68ad9589\">\n<div class=\"gb-element-bf9d91dd\">\n<figure class=\"wp-block-image size-large\"><img loading=\"lazy\" decoding=\"async\" width=\"1024\" height=\"684\" src=\"https:\/\/investdom-ostrowmaz.pl\/fr\/wp-content\/uploads\/2026\/02\/8-1024x684.jpeg\" alt=\"\" class=\"wp-image-5834\" srcset=\"https:\/\/investdom-ostrowmaz.pl\/fr\/wp-content\/uploads\/2026\/02\/8-1024x684.jpeg 1024w, https:\/\/investdom-ostrowmaz.pl\/fr\/wp-content\/uploads\/2026\/02\/8-300x200.jpeg 300w, https:\/\/investdom-ostrowmaz.pl\/fr\/wp-content\/uploads\/2026\/02\/8-768x513.jpeg 768w, https:\/\/investdom-ostrowmaz.pl\/fr\/wp-content\/uploads\/2026\/02\/8-1536x1025.jpeg 1536w, https:\/\/investdom-ostrowmaz.pl\/fr\/wp-content\/uploads\/2026\/02\/8-2048x1367.jpeg 2048w\" sizes=\"auto, (max-width: 1024px) 100vw, 1024px\" \/><\/figure>\n<\/div>\n\n\n\n<div class=\"gb-element-579e95ee\">\n<h2 class=\"gb-text\"><strong><strong><strong><strong>Vitrages adapt\u00e9s \u00e0 vos besoins \u2013 confort, s\u00e9curit\u00e9 et performance \u00e9nerg\u00e9tique<\/strong><\/strong><\/strong><\/strong><\/h2>\n\n\n\n<p>Nous proposons un large choix de vitrages isolants, anti-effraction, acoustiques et thermiques. Un vitrage bien choisi est la cl\u00e9 d\u2019une maison chaude, silencieuse et s\u00e9curis\u00e9e. D\u00e9couvrez nos solutions disponibles et choisissez les caract\u00e9ristiques parfaitement adapt\u00e9es \u00e0 votre b\u00e2timent et \u00e0 votre mode de vie.<\/p>\n\n\n\n<a class=\"gb-text-87cb40bb\" href=\"https:\/\/investdom-ostrowmaz.pl\/fr\/szyby\/\"><span class=\"gb-shape\"><svg aria-hidden=\"true\" role=\"img\" height=\"1em\" width=\"1em\" viewBox=\"0 0 256 512\" xmlns=\"http:\/\/www.w3.org\/2000\/svg\"><path fill=\"currentColor\" d=\"M224.3 273l-136 136c-9.4 9.4-24.6 9.4-33.9 0l-22.6-22.6c-9.4-9.4-9.4-24.6 0-33.9l96.4-96.4-96.4-96.4c-9.4-9.4-9.4-24.6 0-33.9L54.3 103c9.4-9.4 24.6-9.4 33.9 0l136 136c9.5 9.4 9.5 24.6.1 34z\"><\/path><\/svg><\/span><span class=\"gb-text\">VOIR LES VITRAGES<\/span><\/a>\n<\/div>\n<\/div>\n\n\n\n<div class=\"gb-element-388f64f4\">\n<div class=\"gb-element-766db172\">\n<h2 class=\"gb-text\"><strong><strong><strong><strong>Pergolas \u2013 un espace \u00e9l\u00e9gant en plein air toute l\u2019ann\u00e9e<\/strong><\/strong><\/strong><\/strong><\/h2>\n\n\n\n<p>Cr\u00e9ez un espace confortable pour vous d\u00e9tendre dans votre jardin ou sur votre terrasse. Nos pergolas sont des structures \u00e9l\u00e9gantes et fonctionnelles qui prot\u00e8gent du soleil, de la pluie et du vent, tout en apportant du caract\u00e8re \u00e0 votre espace ext\u00e9rieur. D\u00e9couvrez nos mod\u00e8les disponibles et concevez votre zone de d\u00e9tente.<\/p>\n\n\n\n<a class=\"gb-text-e8fceece\" href=\"https:\/\/investdom-ostrowmaz.pl\/fr\/pergole\/\"><span class=\"gb-shape\"><svg aria-hidden=\"true\" role=\"img\" height=\"1em\" width=\"1em\" viewBox=\"0 0 256 512\" xmlns=\"http:\/\/www.w3.org\/2000\/svg\"><path fill=\"currentColor\" d=\"M224.3 273l-136 136c-9.4 9.4-24.6 9.4-33.9 0l-22.6-22.6c-9.4-9.4-9.4-24.6 0-33.9l96.4-96.4-96.4-96.4c-9.4-9.4-9.4-24.6 0-33.9L54.3 103c9.4-9.4 24.6-9.4 33.9 0l136 136c9.5 9.4 9.5 24.6.1 34z\"><\/path><\/svg><\/span><span class=\"gb-text\">VOIR LES PERGOLAS<\/span><\/a>\n<\/div>\n\n\n\n<div class=\"gb-element-21ab1e7d\">\n<figure class=\"wp-block-image size-full\"><img loading=\"lazy\" decoding=\"async\" width=\"2560\" height=\"1707\" src=\"https:\/\/investdom-ostrowmaz.pl\/fr\/wp-content\/uploads\/2026\/02\/9-scaled.jpeg\" alt=\"\" class=\"wp-image-5835\" srcset=\"https:\/\/investdom-ostrowmaz.pl\/fr\/wp-content\/uploads\/2026\/02\/9-scaled.jpeg 2560w, https:\/\/investdom-ostrowmaz.pl\/fr\/wp-content\/uploads\/2026\/02\/9-300x200.jpeg 300w, https:\/\/investdom-ostrowmaz.pl\/fr\/wp-content\/uploads\/2026\/02\/9-1024x683.jpeg 1024w, https:\/\/investdom-ostrowmaz.pl\/fr\/wp-content\/uploads\/2026\/02\/9-768x512.jpeg 768w, https:\/\/investdom-ostrowmaz.pl\/fr\/wp-content\/uploads\/2026\/02\/9-1536x1024.jpeg 1536w, https:\/\/investdom-ostrowmaz.pl\/fr\/wp-content\/uploads\/2026\/02\/9-2048x1365.jpeg 2048w\" sizes=\"auto, (max-width: 2560px) 100vw, 2560px\" \/><\/figure>\n<\/div>\n<\/div>\n<\/div>\n","protected":false},"excerpt":{"rendered":"<p>Invest Dom Ostr\u00f3w Mazowiecka Pose pr\u00e9cise, r\u00e9sultat durable \u2013 fen\u00eatres et portes pour des ann\u00e9es Contactez-nous Des fen\u00eatres qui garantissent un confort durable Choisissez des fen\u00eatres modernes alliant esth\u00e9tique, efficacit\u00e9 \u00e9nerg\u00e9tique et durabilit\u00e9. Nous proposons un large choix de mod\u00e8les \u00e9prouv\u00e9s \u2013 des plus classiques aux plus contemporains \u2013 adapt\u00e9s \u00e0 votre style et \u00e0 &#8230; <a title=\"Strona g\u0142\u00f3wna\" class=\"read-more\" href=\"https:\/\/investdom-ostrowmaz.pl\/fr\/\" aria-label=\"Dowiedz si\u0119 wi\u0119cej o Strona g\u0142\u00f3wna\">Czytaj dalej<\/a><\/p>\n","protected":false},"author":1,"featured_media":0,"parent":0,"menu_order":0,"comment_status":"closed","ping_status":"closed","template":"","meta":{"footnotes":""},"class_list":["post-13","page","type-page","status-publish"],"_links":{"self":[{"href":"https:\/\/investdom-ostrowmaz.pl\/fr\/wp-json\/wp\/v2\/pages\/13","targetHints":{"allow":["GET"]}}],"collection":[{"href":"https:\/\/investdom-ostrowmaz.pl\/fr\/wp-json\/wp\/v2\/pages"}],"about":[{"href":"https:\/\/investdom-ostrowmaz.pl\/fr\/wp-json\/wp\/v2\/types\/page"}],"author":[{"embeddable":true,"href":"https:\/\/investdom-ostrowmaz.pl\/fr\/wp-json\/wp\/v2\/users\/1"}],"replies":[{"embeddable":true,"href":"https:\/\/investdom-ostrowmaz.pl\/fr\/wp-json\/wp\/v2\/comments?post=13"}],"version-history":[{"count":0,"href":"https:\/\/investdom-ostrowmaz.pl\/fr\/wp-json\/wp\/v2\/pages\/13\/revisions"}],"wp:attachment":[{"href":"https:\/\/investdom-ostrowmaz.pl\/fr\/wp-json\/wp\/v2\/media?parent=13"}],"curies":[{"name":"wp","href":"https:\/\/api.w.org\/{rel}","templated":true}]}}