{"id":140,"date":"2025-04-30T08:15:10","date_gmt":"2025-04-30T08:15:10","guid":{"rendered":"https:\/\/investdom-ostrowmaz.pl\/fr\/?page_id=140"},"modified":"2026-02-25T13:33:34","modified_gmt":"2026-02-25T13:33:34","slug":"szyby","status":"publish","type":"page","link":"https:\/\/investdom-ostrowmaz.pl\/fr\/szyby\/","title":{"rendered":"Szyby"},"content":{"rendered":"\n<div class=\"gb-element-c9f533b8\">\n<div class=\"gb-element-7a1282a5\">\n<h1 class=\"gb-text gb-text-63cc3d35\">Vitrages<\/h1>\n<\/div>\n\n\n\n<div class=\"gb-element-22f8b292\">\n<p class=\"gb-text gb-text-aa1ff2ce\">Les vitrages constituent un \u00e9l\u00e9ment cl\u00e9 des menuiseries de fen\u00eatres et de portes, influen\u00e7ant l&#8217;isolation thermique, l&#8217;acoustique et la s\u00e9curit\u00e9. Selon les besoins, vous pouvez choisir des vitrages \u00e0 haute efficacit\u00e9 \u00e9nerg\u00e9tique, anti-effraction, acoustiques, de contr\u00f4le solaire ou ornementaux. Les technologies modernes permettent de combiner l&#8217;esth\u00e9tique et la fonctionnalit\u00e9, garantissant confort et protection dans chaque type de b\u00e2timent \u2014 des appartements aux propri\u00e9t\u00e9s commerciales.<\/p>\n<\/div>\n\n\n\n<div class=\"gb-element-707ca379\">\n<div class=\"gb-element-db5f49f6\"><\/div>\n<\/div>\n\n\n\n<div class=\"gb-element-6eaa73bd\">\n<div class=\"gb-element-f27ecf9b\"><div class=\"wp-block-image\">\n<figure class=\"aligncenter size-full\"><img loading=\"lazy\" decoding=\"async\" width=\"1000\" height=\"444\" src=\"https:\/\/investdom-ostrowmaz.pl\/fr\/wp-content\/uploads\/2026\/02\/logo-eko-okna-2.png\" alt=\"\" class=\"wp-image-5838\" srcset=\"https:\/\/investdom-ostrowmaz.pl\/fr\/wp-content\/uploads\/2026\/02\/logo-eko-okna-2.png 1000w, https:\/\/investdom-ostrowmaz.pl\/fr\/wp-content\/uploads\/2026\/02\/logo-eko-okna-2-300x133.png 300w, https:\/\/investdom-ostrowmaz.pl\/fr\/wp-content\/uploads\/2026\/02\/logo-eko-okna-2-768x341.png 768w\" sizes=\"auto, (max-width: 1000px) 100vw, 1000px\" \/><\/figure>\n<\/div><\/div>\n\n\n\n<div class=\"gb-element-b550d9cf\">\n<h2 class=\"gb-text\">Doubles et triples vitrages<\/h2>\n\n\n\n<p class=\"gb-text gb-text-18eea2e4\">Les doubles et triples vitrages sont des ensembles de vitres scell\u00e9es qui assurent une excellente isolation thermique et acoustique, augmentant le confort et l&#8217;efficacit\u00e9 \u00e9nerg\u00e9tique du b\u00e2timent.<\/p>\n\n\n\n<a class=\"gb-text gb-text-f78881eb\" href=\"https:\/\/ekookna.pl\/ekopl\/produkty\/szyby\/pakiety-szybowe\" target=\"_blank\" rel=\"noopener\">VOIR PLUS<\/a>\n<\/div>\n<\/div>\n\n\n\n<div class=\"gb-element-ffc045bf\">\n<div class=\"gb-element-e3de635c\"><\/div>\n<\/div>\n\n\n\n<div class=\"gb-element-d913f16c\">\n<div class=\"gb-element-d6396792\"><div class=\"wp-block-image\">\n<figure class=\"aligncenter size-full\"><img loading=\"lazy\" decoding=\"async\" width=\"1000\" height=\"444\" src=\"https:\/\/investdom-ostrowmaz.pl\/fr\/wp-content\/uploads\/2026\/02\/logo-eko-okna-2.png\" alt=\"\" class=\"wp-image-5838\" srcset=\"https:\/\/investdom-ostrowmaz.pl\/fr\/wp-content\/uploads\/2026\/02\/logo-eko-okna-2.png 1000w, https:\/\/investdom-ostrowmaz.pl\/fr\/wp-content\/uploads\/2026\/02\/logo-eko-okna-2-300x133.png 300w, https:\/\/investdom-ostrowmaz.pl\/fr\/wp-content\/uploads\/2026\/02\/logo-eko-okna-2-768x341.png 768w\" sizes=\"auto, (max-width: 1000px) 100vw, 1000px\" \/><\/figure>\n<\/div><\/div>\n\n\n\n<div class=\"gb-element-b4e61226\">\n<h2 class=\"gb-text\">Types de vitrages<\/h2>\n\n\n\n<p class=\"gb-text gb-text-a94a3f3e\">Diff\u00e9rents types de vitrages \u2013 des vitrages anti-effraction aux vitrages acoustiques \u2013 permettent d&#8217;adapter les surfaces vitr\u00e9es aux besoins et exigences individuels du b\u00e2timent.<\/p>\n\n\n\n<a class=\"gb-text gb-text-86a3bf8f\" href=\"https:\/\/ekookna.pl\/ekopl\/produkty\/szyby\/rodzaje-szyb\" target=\"_blank\" rel=\"noopener\">VOIR PLUS<\/a>\n<\/div>\n<\/div>\n\n\n\n<div class=\"gb-element-cfe10171\">\n<div class=\"gb-element-1a37acba\"><\/div>\n<\/div>\n\n\n\n<div class=\"gb-element-5ffb1925\">\n<div class=\"gb-element-b4706d81\"><div class=\"wp-block-image\">\n<figure class=\"aligncenter size-full\"><img loading=\"lazy\" decoding=\"async\" width=\"1000\" height=\"444\" src=\"https:\/\/investdom-ostrowmaz.pl\/fr\/wp-content\/uploads\/2026\/02\/logo-eko-okna-2.png\" alt=\"\" class=\"wp-image-5838\" srcset=\"https:\/\/investdom-ostrowmaz.pl\/fr\/wp-content\/uploads\/2026\/02\/logo-eko-okna-2.png 1000w, https:\/\/investdom-ostrowmaz.pl\/fr\/wp-content\/uploads\/2026\/02\/logo-eko-okna-2-300x133.png 300w, https:\/\/investdom-ostrowmaz.pl\/fr\/wp-content\/uploads\/2026\/02\/logo-eko-okna-2-768x341.png 768w\" sizes=\"auto, (max-width: 1000px) 100vw, 1000px\" \/><\/figure>\n<\/div><\/div>\n\n\n\n<div class=\"gb-element-c1f9d492\">\n<h2 class=\"gb-text\">Accessoires<\/h2>\n\n\n\n<p class=\"gb-text gb-text-7cb63978\">Les accessoires pour vitrages sont des \u00e9l\u00e9ments qui augmentent leur fonctionnalit\u00e9, leur esth\u00e9tique ou leur s\u00e9curit\u00e9 \u2013 tels que les intercalaires, les petits-bois ou les rev\u00eatements de protection.<\/p>\n\n\n\n<a class=\"gb-text gb-text-0d0d9a90\" href=\"https:\/\/ekookna.pl\/ekopl\/produkty\/szyby\/dodatki\" target=\"_blank\" rel=\"noopener\">VOIR PLUS<\/a>\n<\/div>\n<\/div>\n<\/div>\n","protected":false},"excerpt":{"rendered":"<p>Vitrages Les vitrages constituent un \u00e9l\u00e9ment cl\u00e9 des menuiseries de fen\u00eatres et de portes, influen\u00e7ant l&#8217;isolation thermique, l&#8217;acoustique et la s\u00e9curit\u00e9. Selon les besoins, vous pouvez choisir des vitrages \u00e0 haute efficacit\u00e9 \u00e9nerg\u00e9tique, anti-effraction, acoustiques, de contr\u00f4le solaire ou ornementaux. Les technologies modernes permettent de combiner l&#8217;esth\u00e9tique et la fonctionnalit\u00e9, garantissant confort et protection dans &#8230; <a title=\"Szyby\" class=\"read-more\" href=\"https:\/\/investdom-ostrowmaz.pl\/fr\/szyby\/\" aria-label=\"Dowiedz si\u0119 wi\u0119cej o Szyby\">Czytaj dalej<\/a><\/p>\n","protected":false},"author":1,"featured_media":0,"parent":0,"menu_order":0,"comment_status":"closed","ping_status":"closed","template":"","meta":{"footnotes":""},"class_list":["post-140","page","type-page","status-publish"],"_links":{"self":[{"href":"https:\/\/investdom-ostrowmaz.pl\/fr\/wp-json\/wp\/v2\/pages\/140","targetHints":{"allow":["GET"]}}],"collection":[{"href":"https:\/\/investdom-ostrowmaz.pl\/fr\/wp-json\/wp\/v2\/pages"}],"about":[{"href":"https:\/\/investdom-ostrowmaz.pl\/fr\/wp-json\/wp\/v2\/types\/page"}],"author":[{"embeddable":true,"href":"https:\/\/investdom-ostrowmaz.pl\/fr\/wp-json\/wp\/v2\/users\/1"}],"replies":[{"embeddable":true,"href":"https:\/\/investdom-ostrowmaz.pl\/fr\/wp-json\/wp\/v2\/comments?post=140"}],"version-history":[{"count":0,"href":"https:\/\/investdom-ostrowmaz.pl\/fr\/wp-json\/wp\/v2\/pages\/140\/revisions"}],"wp:attachment":[{"href":"https:\/\/investdom-ostrowmaz.pl\/fr\/wp-json\/wp\/v2\/media?parent=140"}],"curies":[{"name":"wp","href":"https:\/\/api.w.org\/{rel}","templated":true}]}}