{"id":148,"date":"2025-04-30T08:16:30","date_gmt":"2025-04-30T08:16:30","guid":{"rendered":"https:\/\/investdom-ostrowmaz.pl\/fr\/?page_id=148"},"modified":"2026-02-25T13:41:11","modified_gmt":"2026-02-25T13:41:11","slug":"pergole","status":"publish","type":"page","link":"https:\/\/investdom-ostrowmaz.pl\/fr\/pergole\/","title":{"rendered":"Pergole"},"content":{"rendered":"\n<div class=\"gb-element-c9f533b8\">\n<div class=\"gb-element-7a1282a5\">\n<h1 class=\"gb-text gb-text-63cc3d35\">Pergolas<\/h1>\n<\/div>\n\n\n\n<div class=\"gb-element-22f8b292\">\n<p class=\"gb-text gb-text-aa1ff2ce\">Les pergolas sont des structures de couverture modernes qui allient fonctionnalit\u00e9 et esth\u00e9tique. Elles offrent une protection efficace contre le soleil et la pluie, cr\u00e9ant un espace de d\u00e9tente confortable sur une terrasse ou dans un jardin. Gr\u00e2ce \u00e0 la possibilit\u00e9 de r\u00e9gler le toit et de les int\u00e9grer avec des \u00e9l\u00e9ments suppl\u00e9mentaires, tels que l&#8217;\u00e9clairage ou des stores lat\u00e9raux, les pergolas s&#8217;adaptent parfaitement aux besoins des utilisateurs tout au long de l&#8217;ann\u00e9e.<\/p>\n<\/div>\n\n\n\n<div class=\"gb-element-707ca379\">\n<div class=\"gb-element-db5f49f6\"><\/div>\n<\/div>\n\n\n\n<div class=\"gb-element-6eaa73bd\">\n<div class=\"gb-element-f27ecf9b\"><div class=\"wp-block-image\">\n<figure class=\"aligncenter size-full\"><img loading=\"lazy\" decoding=\"async\" width=\"1000\" height=\"444\" src=\"https:\/\/investdom-ostrowmaz.pl\/fr\/wp-content\/uploads\/2026\/02\/logo-eko-okna-2.png\" alt=\"\" class=\"wp-image-5838\" srcset=\"https:\/\/investdom-ostrowmaz.pl\/fr\/wp-content\/uploads\/2026\/02\/logo-eko-okna-2.png 1000w, https:\/\/investdom-ostrowmaz.pl\/fr\/wp-content\/uploads\/2026\/02\/logo-eko-okna-2-300x133.png 300w, https:\/\/investdom-ostrowmaz.pl\/fr\/wp-content\/uploads\/2026\/02\/logo-eko-okna-2-768x341.png 768w\" sizes=\"auto, (max-width: 1000px) 100vw, 1000px\" \/><\/figure>\n<\/div><\/div>\n\n\n\n<div class=\"gb-element-b550d9cf\">\n<h2 class=\"gb-text\">Pergolas Eko Okna<\/h2>\n\n\n\n<p class=\"gb-text gb-text-18eea2e4\">Les pergolas bioclimatiques Eko Okna sont des couvertures modernes avec des lames orientables, qui permettent de r\u00e9guler la lumi\u00e8re et la ventilation, assurant un confort par tous les temps.<\/p>\n\n\n\n<a class=\"gb-text gb-text-f78881eb\" href=\"https:\/\/ekookna.pl\/ekopl\/produkty\/pergole\" target=\"_blank\" rel=\"noopener\">VOIR PLUS<\/a>\n<\/div>\n<\/div>\n\n\n\n<div class=\"gb-element-ffc045bf\">\n<div class=\"gb-element-e3de635c\"><\/div>\n<\/div>\n\n\n\n<div class=\"gb-element-147e3cd0\">\n<div class=\"gb-element-c7bd616f\"><div class=\"wp-block-image\">\n<figure class=\"aligncenter size-full\"><img loading=\"lazy\" decoding=\"async\" width=\"2560\" height=\"1412\" src=\"https:\/\/investdom-ostrowmaz.pl\/fr\/wp-content\/uploads\/2026\/02\/portos-scaled.png\" alt=\"\" class=\"wp-image-5894\" srcset=\"https:\/\/investdom-ostrowmaz.pl\/fr\/wp-content\/uploads\/2026\/02\/portos-scaled.png 2560w, https:\/\/investdom-ostrowmaz.pl\/fr\/wp-content\/uploads\/2026\/02\/portos-300x166.png 300w, https:\/\/investdom-ostrowmaz.pl\/fr\/wp-content\/uploads\/2026\/02\/portos-1024x565.png 1024w, https:\/\/investdom-ostrowmaz.pl\/fr\/wp-content\/uploads\/2026\/02\/portos-768x424.png 768w, https:\/\/investdom-ostrowmaz.pl\/fr\/wp-content\/uploads\/2026\/02\/portos-1536x847.png 1536w, https:\/\/investdom-ostrowmaz.pl\/fr\/wp-content\/uploads\/2026\/02\/portos-2048x1130.png 2048w\" sizes=\"auto, (max-width: 2560px) 100vw, 2560px\" \/><\/figure>\n<\/div><\/div>\n\n\n\n<div class=\"gb-element-7d3ff5ac\">\n<h2 class=\"gb-text\">Pergolas Portos<\/h2>\n\n\n\n<p class=\"gb-text gb-text-3212f8fc\">Les pergolas Portos sont la solution id\u00e9ale pour cr\u00e9er un espace de d\u00e9tente ext\u00e9rieur \u00e9l\u00e9gant et fonctionnel. Elles offrent une protection contre le soleil et la pluie, tout en rehaussant l&#8217;esth\u00e9tique du jardin ou de la terrasse.<\/p>\n\n\n\n<a class=\"gb-text gb-text-49a34cbb\" href=\"https:\/\/www.pergolaportos.eu\/\" target=\"_blank\" rel=\"noopener\">VOIR PLUS<\/a>\n<\/div>\n<\/div>\n\n\n\n<div class=\"gb-element-4df36336\">\n<div class=\"gb-element-d71d4b38\"><\/div>\n<\/div>\n\n\n\n<div class=\"gb-element-d913f16c\">\n<div class=\"gb-element-d6396792\"><div class=\"wp-block-image\">\n<figure class=\"aligncenter size-full\"><img loading=\"lazy\" decoding=\"async\" width=\"1000\" height=\"444\" src=\"https:\/\/investdom-ostrowmaz.pl\/fr\/wp-content\/uploads\/2026\/02\/logo-eko-okna-2.png\" alt=\"\" class=\"wp-image-5838\" srcset=\"https:\/\/investdom-ostrowmaz.pl\/fr\/wp-content\/uploads\/2026\/02\/logo-eko-okna-2.png 1000w, https:\/\/investdom-ostrowmaz.pl\/fr\/wp-content\/uploads\/2026\/02\/logo-eko-okna-2-300x133.png 300w, https:\/\/investdom-ostrowmaz.pl\/fr\/wp-content\/uploads\/2026\/02\/logo-eko-okna-2-768x341.png 768w\" sizes=\"auto, (max-width: 1000px) 100vw, 1000px\" \/><\/figure>\n<\/div><\/div>\n\n\n\n<div class=\"gb-element-b4e61226\">\n<h2 class=\"gb-text\">Accessoires<\/h2>\n\n\n\n<p class=\"gb-text gb-text-a94a3f3e\">Les accessoires pour pergolas augmentent leur fonctionnalit\u00e9 et le confort d&#8217;utilisation, incluant notamment l&#8217;\u00e9clairage, les chauffages de terrasse, les stores lat\u00e9raux ou les capteurs m\u00e9t\u00e9orologiques.<\/p>\n\n\n\n<a class=\"gb-text gb-text-86a3bf8f\" href=\"https:\/\/ekookna.pl\/ekopl\/produkty\/pergole\/dodatki\" target=\"_blank\" rel=\"noopener\">VOIR PLUS<\/a>\n<\/div>\n<\/div>\n<\/div>\n","protected":false},"excerpt":{"rendered":"<p>Pergolas Les pergolas sont des structures de couverture modernes qui allient fonctionnalit\u00e9 et esth\u00e9tique. Elles offrent une protection efficace contre le soleil et la pluie, cr\u00e9ant un espace de d\u00e9tente confortable sur une terrasse ou dans un jardin. Gr\u00e2ce \u00e0 la possibilit\u00e9 de r\u00e9gler le toit et de les int\u00e9grer avec des \u00e9l\u00e9ments suppl\u00e9mentaires, tels &#8230; <a title=\"Pergole\" class=\"read-more\" href=\"https:\/\/investdom-ostrowmaz.pl\/fr\/pergole\/\" aria-label=\"Dowiedz si\u0119 wi\u0119cej o Pergole\">Czytaj dalej<\/a><\/p>\n","protected":false},"author":1,"featured_media":0,"parent":0,"menu_order":0,"comment_status":"closed","ping_status":"closed","template":"","meta":{"footnotes":""},"class_list":["post-148","page","type-page","status-publish"],"_links":{"self":[{"href":"https:\/\/investdom-ostrowmaz.pl\/fr\/wp-json\/wp\/v2\/pages\/148","targetHints":{"allow":["GET"]}}],"collection":[{"href":"https:\/\/investdom-ostrowmaz.pl\/fr\/wp-json\/wp\/v2\/pages"}],"about":[{"href":"https:\/\/investdom-ostrowmaz.pl\/fr\/wp-json\/wp\/v2\/types\/page"}],"author":[{"embeddable":true,"href":"https:\/\/investdom-ostrowmaz.pl\/fr\/wp-json\/wp\/v2\/users\/1"}],"replies":[{"embeddable":true,"href":"https:\/\/investdom-ostrowmaz.pl\/fr\/wp-json\/wp\/v2\/comments?post=148"}],"version-history":[{"count":0,"href":"https:\/\/investdom-ostrowmaz.pl\/fr\/wp-json\/wp\/v2\/pages\/148\/revisions"}],"wp:attachment":[{"href":"https:\/\/investdom-ostrowmaz.pl\/fr\/wp-json\/wp\/v2\/media?parent=148"}],"curies":[{"name":"wp","href":"https:\/\/api.w.org\/{rel}","templated":true}]}}