{"id":16,"date":"2025-04-30T06:52:26","date_gmt":"2025-04-30T06:52:26","guid":{"rendered":"https:\/\/investdom-ostrowmaz.pl\/fr\/?page_id=16"},"modified":"2026-02-24T10:12:17","modified_gmt":"2026-02-24T10:12:17","slug":"okna","status":"publish","type":"page","link":"https:\/\/investdom-ostrowmaz.pl\/fr\/okna\/","title":{"rendered":"Okna"},"content":{"rendered":"\n<div class=\"gb-element-c9f533b8\">\n<div class=\"gb-element-7a1282a5\">\n<h1 class=\"gb-text gb-text-63cc3d35\">Fen\u00eatres<\/h1>\n<\/div>\n\n\n\n<div class=\"gb-element-22f8b292\">\n<p class=\"gb-text gb-text-aa1ff2ce\">Nous proposons des fen\u00eatres modernes provenant de fabricants de confiance tels qu\u2019Eko-Okna, en assurant non seulement la vente, mais aussi une installation professionnelle. Nous offrons des solutions adapt\u00e9es \u00e0 diff\u00e9rents types de projets \u2013 des maisons individuelles aux b\u00e2timents plus importants. Nous garantissons une qualit\u00e9 sup\u00e9rieure, des performances \u00e9nerg\u00e9tiques optimales et une esth\u00e9tique conforme aux besoins du client.<\/p>\n<\/div>\n\n\n\n<div class=\"gb-element-707ca379\">\n<div class=\"gb-element-db5f49f6\"><\/div>\n<\/div>\n\n\n\n<div class=\"gb-element-6eaa73bd\">\n<div class=\"gb-element-f27ecf9b\"><div class=\"wp-block-image\">\n<figure class=\"aligncenter size-full\"><img loading=\"lazy\" decoding=\"async\" width=\"1000\" height=\"444\" src=\"https:\/\/investdom-ostrowmaz.pl\/fr\/wp-content\/uploads\/2026\/02\/logo-eko-okna-2.png\" alt=\"\" class=\"wp-image-5838\" srcset=\"https:\/\/investdom-ostrowmaz.pl\/fr\/wp-content\/uploads\/2026\/02\/logo-eko-okna-2.png 1000w, https:\/\/investdom-ostrowmaz.pl\/fr\/wp-content\/uploads\/2026\/02\/logo-eko-okna-2-300x133.png 300w, https:\/\/investdom-ostrowmaz.pl\/fr\/wp-content\/uploads\/2026\/02\/logo-eko-okna-2-768x341.png 768w\" sizes=\"auto, (max-width: 1000px) 100vw, 1000px\" \/><\/figure>\n<\/div><\/div>\n\n\n\n<div class=\"gb-element-b550d9cf\">\n<h2 class=\"gb-text\">Fen\u00eatres PVC<\/h2>\n\n\n\n<p class=\"gb-text gb-text-18eea2e4\">Les fen\u00eatres en PVC sont des fen\u00eatres modernes en mat\u00e9riau synth\u00e9tique, alliant durabilit\u00e9, bonne isolation thermique et prix attractif. Elles sont faciles \u00e0 entretenir et disponibles en de nombreuses variantes.<\/p>\n\n\n\n<a class=\"gb-text gb-text-f78881eb\" href=\"https:\/\/ekookna.pl\/ekopl\/produkty\/okna\/okna-pvc\" target=\"_blank\" rel=\"noopener\">VOIR PLUS<\/a>\n<\/div>\n<\/div>\n\n\n\n<div class=\"gb-element-ffc045bf\">\n<div class=\"gb-element-e3de635c\"><\/div>\n<\/div>\n\n\n\n<div class=\"gb-element-d913f16c\">\n<div class=\"gb-element-d6396792\"><div class=\"wp-block-image\">\n<figure class=\"aligncenter size-full\"><img loading=\"lazy\" decoding=\"async\" width=\"1000\" height=\"444\" src=\"https:\/\/investdom-ostrowmaz.pl\/fr\/wp-content\/uploads\/2026\/02\/logo-eko-okna-2.png\" alt=\"\" class=\"wp-image-5838\" srcset=\"https:\/\/investdom-ostrowmaz.pl\/fr\/wp-content\/uploads\/2026\/02\/logo-eko-okna-2.png 1000w, https:\/\/investdom-ostrowmaz.pl\/fr\/wp-content\/uploads\/2026\/02\/logo-eko-okna-2-300x133.png 300w, https:\/\/investdom-ostrowmaz.pl\/fr\/wp-content\/uploads\/2026\/02\/logo-eko-okna-2-768x341.png 768w\" sizes=\"auto, (max-width: 1000px) 100vw, 1000px\" \/><\/figure>\n<\/div><\/div>\n\n\n\n<div class=\"gb-element-b4e61226\">\n<h2 class=\"gb-text\">Fen\u00eatres en aluminium<\/h2>\n\n\n\n<p class=\"gb-text gb-text-a94a3f3e\">Les fen\u00eatres en aluminium sont une solution moderne et robuste, id\u00e9ale pour les grandes surfaces vitr\u00e9es. Elles se distinguent par leur profil fin, leur durabilit\u00e9 et leur haute r\u00e9sistance aux conditions climatiques.<\/p>\n\n\n\n<a class=\"gb-text gb-text-86a3bf8f\" href=\"https:\/\/ekookna.pl\/ekopl\/produkty\/okna\/okna-aluminiowe\" target=\"_blank\" rel=\"noopener\">VOIR PLUS<\/a>\n<\/div>\n<\/div>\n\n\n\n<div class=\"gb-element-c11caeab\">\n<div class=\"gb-element-a7fc3583\"><\/div>\n<\/div>\n\n\n\n<div class=\"gb-element-2fab6f9d\">\n<div class=\"gb-element-9812b56c\"><div class=\"wp-block-image\">\n<figure class=\"aligncenter size-full\"><img loading=\"lazy\" decoding=\"async\" width=\"1000\" height=\"444\" src=\"https:\/\/investdom-ostrowmaz.pl\/fr\/wp-content\/uploads\/2026\/02\/logo-eko-okna-2.png\" alt=\"\" class=\"wp-image-5838\" srcset=\"https:\/\/investdom-ostrowmaz.pl\/fr\/wp-content\/uploads\/2026\/02\/logo-eko-okna-2.png 1000w, https:\/\/investdom-ostrowmaz.pl\/fr\/wp-content\/uploads\/2026\/02\/logo-eko-okna-2-300x133.png 300w, https:\/\/investdom-ostrowmaz.pl\/fr\/wp-content\/uploads\/2026\/02\/logo-eko-okna-2-768x341.png 768w\" sizes=\"auto, (max-width: 1000px) 100vw, 1000px\" \/><\/figure>\n<\/div><\/div>\n\n\n\n<div class=\"gb-element-415c041e\">\n<h2 class=\"gb-text\">Fen\u00eatres en acier<\/h2>\n\n\n\n<p class=\"gb-text gb-text-f8046cc7\">Les fen\u00eatres en acier sont une solution solide et durable, souvent choisie pour les b\u00e2timents industriels et les lofts. Elles se caract\u00e9risent par des profils fins et une rigidit\u00e9 exceptionnelle de la structure.<\/p>\n\n\n\n<a class=\"gb-text gb-text-03d1b22a\" href=\"https:\/\/ekookna.pl\/ekopl\/produkty\/okna\/okna-stalowe\" target=\"_blank\" rel=\"noopener\">VOIR PLUS<\/a>\n<\/div>\n<\/div>\n\n\n\n<div class=\"gb-element-c80b14f6\">\n<div class=\"gb-element-dd6a8380\"><\/div>\n<\/div>\n\n\n\n<div class=\"gb-element-023a9d32\">\n<div class=\"gb-element-47f7ff75\"><div class=\"wp-block-image\">\n<figure class=\"aligncenter size-full\"><img loading=\"lazy\" decoding=\"async\" width=\"1000\" height=\"444\" src=\"https:\/\/investdom-ostrowmaz.pl\/fr\/wp-content\/uploads\/2026\/02\/logo-eko-okna-2.png\" alt=\"\" class=\"wp-image-5838\" srcset=\"https:\/\/investdom-ostrowmaz.pl\/fr\/wp-content\/uploads\/2026\/02\/logo-eko-okna-2.png 1000w, https:\/\/investdom-ostrowmaz.pl\/fr\/wp-content\/uploads\/2026\/02\/logo-eko-okna-2-300x133.png 300w, https:\/\/investdom-ostrowmaz.pl\/fr\/wp-content\/uploads\/2026\/02\/logo-eko-okna-2-768x341.png 768w\" sizes=\"auto, (max-width: 1000px) 100vw, 1000px\" \/><\/figure>\n<\/div><\/div>\n\n\n\n<div class=\"gb-element-bedfdb9c\">\n<h2 class=\"gb-text\">Fen\u00eatres en bois<\/h2>\n\n\n\n<p class=\"gb-text gb-text-146330dd\">Les fen\u00eatres en bois sont une solution \u00e9l\u00e9gante et naturelle, alliant esth\u00e9tique et bonnes propri\u00e9t\u00e9s isolantes. Fabriqu\u00e9es \u00e0 partir de bois de haute qualit\u00e9, elles apportent une atmosph\u00e8re chaleureuse \u00e0 l\u2019int\u00e9rieur.<\/p>\n\n\n\n<a class=\"gb-text gb-text-3979b105\" href=\"https:\/\/ekookna.pl\/ekopl\/produkty\/okna\/okna-drewniane\" target=\"_blank\" rel=\"noopener\">VOIR PLUS<\/a>\n<\/div>\n<\/div>\n\n\n\n<div class=\"gb-element-e0315e20\">\n<div class=\"gb-element-b260f1a3\"><\/div>\n<\/div>\n\n\n\n<div class=\"gb-element-d6d98ba7\">\n<div class=\"gb-element-1400ae99\"><div class=\"wp-block-image\">\n<figure class=\"aligncenter size-full\"><img loading=\"lazy\" decoding=\"async\" width=\"1000\" height=\"444\" src=\"https:\/\/investdom-ostrowmaz.pl\/fr\/wp-content\/uploads\/2026\/02\/logo-eko-okna-2.png\" alt=\"\" class=\"wp-image-5838\" srcset=\"https:\/\/investdom-ostrowmaz.pl\/fr\/wp-content\/uploads\/2026\/02\/logo-eko-okna-2.png 1000w, https:\/\/investdom-ostrowmaz.pl\/fr\/wp-content\/uploads\/2026\/02\/logo-eko-okna-2-300x133.png 300w, https:\/\/investdom-ostrowmaz.pl\/fr\/wp-content\/uploads\/2026\/02\/logo-eko-okna-2-768x341.png 768w\" sizes=\"auto, (max-width: 1000px) 100vw, 1000px\" \/><\/figure>\n<\/div><\/div>\n\n\n\n<div class=\"gb-element-d8053a3d\">\n<h2 class=\"gb-text\">Accessoires<\/h2>\n\n\n\n<p class=\"gb-text gb-text-d2d3d482\">Dans cette cat\u00e9gorie, vous trouverez des accessoires pratiques pour les fen\u00eatres \u2013 notamment des a\u00e9rateurs, poign\u00e9es, ferrures, but\u00e9es et autres solutions am\u00e9liorant le confort, la s\u00e9curit\u00e9 et l\u2019esth\u00e9tique.<\/p>\n\n\n\n<a class=\"gb-text gb-text-c5bcf7ab\" href=\"https:\/\/ekookna.pl\/ekopl\/produkty\/okna\/dodatki\" target=\"_blank\" rel=\"noopener\">VOIR PLUS<\/a>\n<\/div>\n<\/div>\n<\/div>\n","protected":false},"excerpt":{"rendered":"<p>Fen\u00eatres Nous proposons des fen\u00eatres modernes provenant de fabricants de confiance tels qu\u2019Eko-Okna, en assurant non seulement la vente, mais aussi une installation professionnelle. Nous offrons des solutions adapt\u00e9es \u00e0 diff\u00e9rents types de projets \u2013 des maisons individuelles aux b\u00e2timents plus importants. Nous garantissons une qualit\u00e9 sup\u00e9rieure, des performances \u00e9nerg\u00e9tiques optimales et une esth\u00e9tique conforme &#8230; <a title=\"Okna\" class=\"read-more\" href=\"https:\/\/investdom-ostrowmaz.pl\/fr\/okna\/\" aria-label=\"Dowiedz si\u0119 wi\u0119cej o Okna\">Czytaj dalej<\/a><\/p>\n","protected":false},"author":1,"featured_media":0,"parent":0,"menu_order":0,"comment_status":"closed","ping_status":"closed","template":"","meta":{"footnotes":""},"class_list":["post-16","page","type-page","status-publish"],"_links":{"self":[{"href":"https:\/\/investdom-ostrowmaz.pl\/fr\/wp-json\/wp\/v2\/pages\/16","targetHints":{"allow":["GET"]}}],"collection":[{"href":"https:\/\/investdom-ostrowmaz.pl\/fr\/wp-json\/wp\/v2\/pages"}],"about":[{"href":"https:\/\/investdom-ostrowmaz.pl\/fr\/wp-json\/wp\/v2\/types\/page"}],"author":[{"embeddable":true,"href":"https:\/\/investdom-ostrowmaz.pl\/fr\/wp-json\/wp\/v2\/users\/1"}],"replies":[{"embeddable":true,"href":"https:\/\/investdom-ostrowmaz.pl\/fr\/wp-json\/wp\/v2\/comments?post=16"}],"version-history":[{"count":0,"href":"https:\/\/investdom-ostrowmaz.pl\/fr\/wp-json\/wp\/v2\/pages\/16\/revisions"}],"wp:attachment":[{"href":"https:\/\/investdom-ostrowmaz.pl\/fr\/wp-json\/wp\/v2\/media?parent=16"}],"curies":[{"name":"wp","href":"https:\/\/api.w.org\/{rel}","templated":true}]}}