{"id":2524,"date":"2025-06-13T12:48:56","date_gmt":"2025-06-13T12:48:56","guid":{"rendered":"https:\/\/investdom-ostrowmaz.pl\/fr\/?page_id=2524"},"modified":"2026-02-25T13:14:07","modified_gmt":"2026-02-25T13:14:07","slug":"bramy-garazowe-rozwierne-2","status":"publish","type":"page","link":"https:\/\/investdom-ostrowmaz.pl\/fr\/bramy\/bramy-garazowe\/bramy-garazowe-rozwierne-2\/","title":{"rendered":"Bramy gara\u017cowe rozwierne"},"content":{"rendered":"\n<div class=\"gb-element-c9f533b8\">\n<div class=\"gb-element-7a1282a5\">\n<h1 class=\"gb-text gb-text-63cc3d35\">Portes de garage battantes<\/h1>\n<\/div>\n\n\n\n<div class=\"gb-element-22f8b292\">\n<p class=\"gb-text gb-text-aa1ff2ce\">Les portes de garage battantes sont une solution classique \u00e0 la conception \u00e9prouv\u00e9e, appr\u00e9ci\u00e9e pour sa simplicit\u00e9 et sa fiabilit\u00e9. Elles sont compos\u00e9es de deux vantaux qui s&#8217;ouvrent vers l&#8217;ext\u00e9rieur, ce qui permet de tirer pleinement parti de l&#8217;espace \u00e0 l&#8217;int\u00e9rieur du garage. Elles sont faciles \u00e0 utiliser, durables et r\u00e9sistantes aux intemp\u00e9ries. Gr\u00e2ce \u00e0 la possibilit\u00e9 de choisir diff\u00e9rents motifs et couleurs, elles s&#8217;adaptent parfaitement \u00e0 l&#8217;architecture du b\u00e2timent.<\/p>\n<\/div>\n\n\n\n<div class=\"gb-element-707ca379\">\n<div class=\"gb-element-db5f49f6\"><\/div>\n<\/div>\n\n\n\n<div class=\"gb-element-6eaa73bd\">\n<div class=\"gb-element-f27ecf9b\"><div class=\"wp-block-image\">\n<figure class=\"aligncenter size-full\"><img loading=\"lazy\" decoding=\"async\" width=\"1000\" height=\"444\" src=\"https:\/\/investdom-ostrowmaz.pl\/fr\/wp-content\/uploads\/2026\/02\/logo-eko-okna-2.png\" alt=\"\" class=\"wp-image-5838\" srcset=\"https:\/\/investdom-ostrowmaz.pl\/fr\/wp-content\/uploads\/2026\/02\/logo-eko-okna-2.png 1000w, https:\/\/investdom-ostrowmaz.pl\/fr\/wp-content\/uploads\/2026\/02\/logo-eko-okna-2-300x133.png 300w, https:\/\/investdom-ostrowmaz.pl\/fr\/wp-content\/uploads\/2026\/02\/logo-eko-okna-2-768x341.png 768w\" sizes=\"auto, (max-width: 1000px) 100vw, 1000px\" \/><\/figure>\n<\/div><\/div>\n\n\n\n<div class=\"gb-element-b550d9cf\">\n<h2 class=\"gb-text\">Portes battantes Eko Okna<\/h2>\n\n\n\n<p class=\"gb-text gb-text-18eea2e4\">Les portes battantes Eko Okna sont une solution solide et classique qui allie une manipulation simple \u00e0 la durabilit\u00e9 et \u00e0 une esth\u00e9tique adapt\u00e9e \u00e0 diff\u00e9rents styles architecturaux.<\/p>\n\n\n\n<a class=\"gb-text gb-text-f78881eb\" href=\"https:\/\/ekookna.pl\/ekopl\/produkty\/bramy\/bramy-garazowe\/bramy-garazowe-rozwierne\" target=\"_blank\" rel=\"noopener\">VOIR PLUS<\/a>\n<\/div>\n<\/div>\n\n\n\n<div class=\"gb-element-ffc045bf\">\n<div class=\"gb-element-e3de635c\"><\/div>\n<\/div>\n\n\n\n<div class=\"gb-element-d913f16c\">\n<div class=\"gb-element-d6396792\"><div class=\"wp-block-image\">\n<figure class=\"aligncenter size-full\"><img loading=\"lazy\" decoding=\"async\" width=\"1001\" height=\"290\" src=\"https:\/\/investdom-ostrowmaz.pl\/fr\/wp-content\/uploads\/2026\/02\/krishome-1.png\" alt=\"\" class=\"wp-image-5909\" srcset=\"https:\/\/investdom-ostrowmaz.pl\/fr\/wp-content\/uploads\/2026\/02\/krishome-1.png 1001w, https:\/\/investdom-ostrowmaz.pl\/fr\/wp-content\/uploads\/2026\/02\/krishome-1-300x87.png 300w, https:\/\/investdom-ostrowmaz.pl\/fr\/wp-content\/uploads\/2026\/02\/krishome-1-768x222.png 768w\" sizes=\"auto, (max-width: 1001px) 100vw, 1001px\" \/><\/figure>\n<\/div><\/div>\n\n\n\n<div class=\"gb-element-b4e61226\">\n<h2 class=\"gb-text\">Portes battantes Krishome (anciennement Krispol)<\/h2>\n\n\n\n<p class=\"gb-text gb-text-a94a3f3e\">Les portes battantes Krishome sont une solution classique et solide qui allie une conception simple \u00e0 la durabilit\u00e9 et \u00e0 une esth\u00e9tique adapt\u00e9e aux diff\u00e9rents styles de b\u00e2timents.<\/p>\n\n\n\n<a class=\"gb-text gb-text-86a3bf8f\" href=\"https:\/\/krishome.pl\/bramy-garazowe-rozwierne\/\" target=\"_blank\" rel=\"noopener\">VOIR PLUS<\/a>\n<\/div>\n<\/div>\n\n\n\n<div class=\"gb-element-cfe10171\">\n<div class=\"gb-element-1a37acba\"><\/div>\n<\/div>\n\n\n\n<div class=\"gb-element-5ffb1925\">\n<div class=\"gb-element-b4706d81\"><div class=\"wp-block-image\">\n<figure class=\"aligncenter size-full\"><img loading=\"lazy\" decoding=\"async\" width=\"500\" height=\"320\" src=\"https:\/\/investdom-ostrowmaz.pl\/fr\/wp-content\/uploads\/2026\/02\/wisniowski.png\" alt=\"\" class=\"wp-image-5910\" srcset=\"https:\/\/investdom-ostrowmaz.pl\/fr\/wp-content\/uploads\/2026\/02\/wisniowski.png 500w, https:\/\/investdom-ostrowmaz.pl\/fr\/wp-content\/uploads\/2026\/02\/wisniowski-300x192.png 300w\" sizes=\"auto, (max-width: 500px) 100vw, 500px\" \/><\/figure>\n<\/div><\/div>\n\n\n\n<div class=\"gb-element-c1f9d492\">\n<h2 class=\"gb-text\">Portes battantes Wi\u015bniowski<\/h2>\n\n\n\n<p class=\"gb-text gb-text-7cb63978\">Les portes battantes Wi\u015bniowski sont une solution classique et durable, id\u00e9ale pour les garages avec un espace limit\u00e9. Elles offrent solidit\u00e9, s\u00e9curit\u00e9 et une finition esth\u00e9tique.<\/p>\n\n\n\n<a class=\"gb-text gb-text-0d0d9a90\" href=\"https:\/\/sklep.wisniowski.pl\/bramy-garazowe-rozwierne-wisniowski,c181.html\" target=\"_blank\" rel=\"noopener\">VOIR PLUS<\/a>\n<\/div>\n<\/div>\n<\/div>\n","protected":false},"excerpt":{"rendered":"<p>Portes de garage battantes Les portes de garage battantes sont une solution classique \u00e0 la conception \u00e9prouv\u00e9e, appr\u00e9ci\u00e9e pour sa simplicit\u00e9 et sa fiabilit\u00e9. Elles sont compos\u00e9es de deux vantaux qui s&#8217;ouvrent vers l&#8217;ext\u00e9rieur, ce qui permet de tirer pleinement parti de l&#8217;espace \u00e0 l&#8217;int\u00e9rieur du garage. Elles sont faciles \u00e0 utiliser, durables et r\u00e9sistantes &#8230; <a title=\"Bramy gara\u017cowe rozwierne\" class=\"read-more\" href=\"https:\/\/investdom-ostrowmaz.pl\/fr\/bramy\/bramy-garazowe\/bramy-garazowe-rozwierne-2\/\" aria-label=\"Dowiedz si\u0119 wi\u0119cej o Bramy gara\u017cowe rozwierne\">Czytaj dalej<\/a><\/p>\n","protected":false},"author":1,"featured_media":0,"parent":114,"menu_order":0,"comment_status":"closed","ping_status":"closed","template":"","meta":{"footnotes":""},"class_list":["post-2524","page","type-page","status-publish"],"_links":{"self":[{"href":"https:\/\/investdom-ostrowmaz.pl\/fr\/wp-json\/wp\/v2\/pages\/2524","targetHints":{"allow":["GET"]}}],"collection":[{"href":"https:\/\/investdom-ostrowmaz.pl\/fr\/wp-json\/wp\/v2\/pages"}],"about":[{"href":"https:\/\/investdom-ostrowmaz.pl\/fr\/wp-json\/wp\/v2\/types\/page"}],"author":[{"embeddable":true,"href":"https:\/\/investdom-ostrowmaz.pl\/fr\/wp-json\/wp\/v2\/users\/1"}],"replies":[{"embeddable":true,"href":"https:\/\/investdom-ostrowmaz.pl\/fr\/wp-json\/wp\/v2\/comments?post=2524"}],"version-history":[{"count":0,"href":"https:\/\/investdom-ostrowmaz.pl\/fr\/wp-json\/wp\/v2\/pages\/2524\/revisions"}],"up":[{"embeddable":true,"href":"https:\/\/investdom-ostrowmaz.pl\/fr\/wp-json\/wp\/v2\/pages\/114"}],"wp:attachment":[{"href":"https:\/\/investdom-ostrowmaz.pl\/fr\/wp-json\/wp\/v2\/media?parent=2524"}],"curies":[{"name":"wp","href":"https:\/\/api.w.org\/{rel}","templated":true}]}}