{"id":4367,"date":"2025-07-01T12:37:09","date_gmt":"2025-07-01T12:37:09","guid":{"rendered":"https:\/\/investdom-ostrowmaz.pl\/fr\/?page_id=4367"},"modified":"2026-02-24T10:30:49","modified_gmt":"2026-02-24T10:30:49","slug":"parapety-2","status":"publish","type":"page","link":"https:\/\/investdom-ostrowmaz.pl\/fr\/parapety-2\/","title":{"rendered":"Parapety"},"content":{"rendered":"\n<div class=\"gb-element-c9f533b8\">\n<div class=\"gb-element-7a1282a5\">\n<h1 class=\"gb-text gb-text-63cc3d35\">Appuis de fen\u00eatre<\/h1>\n<\/div>\n\n\n\n<div class=\"gb-element-22f8b292\">\n<p class=\"gb-text gb-text-aa1ff2ce\">Les appuis de fen\u00eatre sont un \u00e9l\u00e9ment indispensable de chaque fen\u00eatre \u2013 ils remplissent \u00e0 la fois une fonction esth\u00e9tique et pratique. Ils prot\u00e8gent les murs contre la salet\u00e9 et l\u2019humidit\u00e9 tout en apportant une finition \u00e9l\u00e9gante \u00e0 l\u2019int\u00e9rieur ou \u00e0 la fa\u00e7ade. Disponibles dans de nombreux mat\u00e9riaux, coloris et formes, ils s\u2019adaptent \u00e0 tous les styles architecturaux. Durables, faciles d\u2019entretien et fonctionnels \u2013 id\u00e9als pour la maison comme pour le bureau.<\/p>\n<\/div>\n\n\n\n<div class=\"gb-element-707ca379\">\n<div class=\"gb-element-db5f49f6\"><\/div>\n<\/div>\n\n\n\n<div class=\"gb-element-6eaa73bd\">\n<div class=\"gb-element-f27ecf9b\"><div class=\"wp-block-image\">\n<figure class=\"aligncenter size-full\"><img loading=\"lazy\" decoding=\"async\" width=\"2560\" height=\"1707\" src=\"https:\/\/investdom-ostrowmaz.pl\/fr\/wp-content\/uploads\/2026\/02\/12-parapety-wewnetrzne-1-scaled.jpeg\" alt=\"\" class=\"wp-image-5866\" srcset=\"https:\/\/investdom-ostrowmaz.pl\/fr\/wp-content\/uploads\/2026\/02\/12-parapety-wewnetrzne-1-scaled.jpeg 2560w, https:\/\/investdom-ostrowmaz.pl\/fr\/wp-content\/uploads\/2026\/02\/12-parapety-wewnetrzne-1-300x200.jpeg 300w, https:\/\/investdom-ostrowmaz.pl\/fr\/wp-content\/uploads\/2026\/02\/12-parapety-wewnetrzne-1-1024x683.jpeg 1024w, https:\/\/investdom-ostrowmaz.pl\/fr\/wp-content\/uploads\/2026\/02\/12-parapety-wewnetrzne-1-768x512.jpeg 768w, https:\/\/investdom-ostrowmaz.pl\/fr\/wp-content\/uploads\/2026\/02\/12-parapety-wewnetrzne-1-1536x1024.jpeg 1536w, https:\/\/investdom-ostrowmaz.pl\/fr\/wp-content\/uploads\/2026\/02\/12-parapety-wewnetrzne-1-2048x1365.jpeg 2048w\" sizes=\"auto, (max-width: 2560px) 100vw, 2560px\" \/><\/figure>\n<\/div><\/div>\n\n\n\n<div class=\"gb-element-b550d9cf\">\n<h2 class=\"gb-text\">Appuis de fen\u00eatre int\u00e9rieurs<\/h2>\n\n\n\n<p class=\"gb-text gb-text-18eea2e4\">Les appuis de fen\u00eatre int\u00e9rieurs sont une finition de fen\u00eatre pratique et esth\u00e9tique qui prot\u00e8ge contre la salet\u00e9, am\u00e9liore l&#8217;isolation et compl\u00e8te l&#8217;apparence de l&#8217;int\u00e9rieur.<\/p>\n\n\n\n<a class=\"gb-text gb-text-f78881eb\" href=\"https:\/\/investdom-ostrowmaz.pl\/fr\/parapety-2\/parapety-wewnetrzne\/\">VOIR PLUS<\/a>\n<\/div>\n<\/div>\n\n\n\n<div class=\"gb-element-ffc045bf\">\n<div class=\"gb-element-e3de635c\"><\/div>\n<\/div>\n\n\n\n<div class=\"gb-element-d913f16c\">\n<div class=\"gb-element-d6396792\"><div class=\"wp-block-image\">\n<figure class=\"aligncenter size-full\"><img loading=\"lazy\" decoding=\"async\" width=\"2560\" height=\"1396\" src=\"https:\/\/investdom-ostrowmaz.pl\/fr\/wp-content\/uploads\/2026\/02\/13-parapety-zewnetrzne-scaled.png\" alt=\"\" class=\"wp-image-5867\" srcset=\"https:\/\/investdom-ostrowmaz.pl\/fr\/wp-content\/uploads\/2026\/02\/13-parapety-zewnetrzne-scaled.png 2560w, https:\/\/investdom-ostrowmaz.pl\/fr\/wp-content\/uploads\/2026\/02\/13-parapety-zewnetrzne-300x164.png 300w, https:\/\/investdom-ostrowmaz.pl\/fr\/wp-content\/uploads\/2026\/02\/13-parapety-zewnetrzne-1024x559.png 1024w, https:\/\/investdom-ostrowmaz.pl\/fr\/wp-content\/uploads\/2026\/02\/13-parapety-zewnetrzne-768x419.png 768w, https:\/\/investdom-ostrowmaz.pl\/fr\/wp-content\/uploads\/2026\/02\/13-parapety-zewnetrzne-1536x838.png 1536w, https:\/\/investdom-ostrowmaz.pl\/fr\/wp-content\/uploads\/2026\/02\/13-parapety-zewnetrzne-2048x1117.png 2048w\" sizes=\"auto, (max-width: 2560px) 100vw, 2560px\" \/><\/figure>\n<\/div><\/div>\n\n\n\n<div class=\"gb-element-b4e61226\">\n<h2 class=\"gb-text\">Appuis de fen\u00eatre ext\u00e9rieurs<\/h2>\n\n\n\n<p class=\"gb-text gb-text-a94a3f3e\">Les appuis de fen\u00eatre ext\u00e9rieurs \u00e9vacuent efficacement l&#8217;eau de pluie, prot\u00e8gent la fa\u00e7ade de l&#8217;humidit\u00e9 et constituent une finition esth\u00e9tique de la fen\u00eatre c\u00f4t\u00e9 ext\u00e9rieur.<\/p>\n\n\n\n<a class=\"gb-text gb-text-86a3bf8f\" href=\"https:\/\/investdom-ostrowmaz.pl\/fr\/parapety-2\/parapety-zewnetrzne\/\">VOIR PLUS<\/a>\n<\/div>\n<\/div>\n<\/div>\n","protected":false},"excerpt":{"rendered":"<p>Appuis de fen\u00eatre Les appuis de fen\u00eatre sont un \u00e9l\u00e9ment indispensable de chaque fen\u00eatre \u2013 ils remplissent \u00e0 la fois une fonction esth\u00e9tique et pratique. Ils prot\u00e8gent les murs contre la salet\u00e9 et l\u2019humidit\u00e9 tout en apportant une finition \u00e9l\u00e9gante \u00e0 l\u2019int\u00e9rieur ou \u00e0 la fa\u00e7ade. Disponibles dans de nombreux mat\u00e9riaux, coloris et formes, ils &#8230; <a title=\"Parapety\" class=\"read-more\" href=\"https:\/\/investdom-ostrowmaz.pl\/fr\/parapety-2\/\" aria-label=\"Dowiedz si\u0119 wi\u0119cej o Parapety\">Czytaj dalej<\/a><\/p>\n","protected":false},"author":1,"featured_media":0,"parent":0,"menu_order":0,"comment_status":"closed","ping_status":"closed","template":"","meta":{"footnotes":""},"class_list":["post-4367","page","type-page","status-publish"],"_links":{"self":[{"href":"https:\/\/investdom-ostrowmaz.pl\/fr\/wp-json\/wp\/v2\/pages\/4367","targetHints":{"allow":["GET"]}}],"collection":[{"href":"https:\/\/investdom-ostrowmaz.pl\/fr\/wp-json\/wp\/v2\/pages"}],"about":[{"href":"https:\/\/investdom-ostrowmaz.pl\/fr\/wp-json\/wp\/v2\/types\/page"}],"author":[{"embeddable":true,"href":"https:\/\/investdom-ostrowmaz.pl\/fr\/wp-json\/wp\/v2\/users\/1"}],"replies":[{"embeddable":true,"href":"https:\/\/investdom-ostrowmaz.pl\/fr\/wp-json\/wp\/v2\/comments?post=4367"}],"version-history":[{"count":0,"href":"https:\/\/investdom-ostrowmaz.pl\/fr\/wp-json\/wp\/v2\/pages\/4367\/revisions"}],"wp:attachment":[{"href":"https:\/\/investdom-ostrowmaz.pl\/fr\/wp-json\/wp\/v2\/media?parent=4367"}],"curies":[{"name":"wp","href":"https:\/\/api.w.org\/{rel}","templated":true}]}}