{"id":4369,"date":"2025-07-01T12:37:28","date_gmt":"2025-07-01T12:37:28","guid":{"rendered":"https:\/\/investdom-ostrowmaz.pl\/fr\/?page_id=4369"},"modified":"2026-02-24T10:32:57","modified_gmt":"2026-02-24T10:32:57","slug":"parapety-wewnetrzne","status":"publish","type":"page","link":"https:\/\/investdom-ostrowmaz.pl\/fr\/parapety-2\/parapety-wewnetrzne\/","title":{"rendered":"Parapety wewn\u0119trzne"},"content":{"rendered":"\n<div class=\"gb-element-c9f533b8\">\n<div class=\"gb-element-7a1282a5\">\n<h1 class=\"gb-text gb-text-63cc3d35\">Appuis de fen\u00eatre int\u00e9rieurs<\/h1>\n<\/div>\n\n\n\n<div class=\"gb-element-22f8b292\">\n<p class=\"gb-text gb-text-aa1ff2ce\">Les appuis de fen\u00eatre int\u00e9rieurs ne sont pas seulement une finition pratique pour la fen\u00eatre, mais aussi un \u00e9l\u00e9ment important de la d\u00e9coration int\u00e9rieure. Ils prot\u00e8gent les murs de la salet\u00e9 et de l&#8217;humidit\u00e9, et am\u00e9liorent l&#8217;isolation thermique autour de la fen\u00eatre. Disponibles dans une vari\u00e9t\u00e9 de mat\u00e9riaux, de couleurs et de finitions, ils peuvent \u00eatre adapt\u00e9s au style de n&#8217;importe quelle pi\u00e8ce. C&#8217;est une solution durable et esth\u00e9tique qui allie fonctionnalit\u00e9 et caract\u00e8re d\u00e9coratif.<\/p>\n<\/div>\n\n\n\n<div class=\"gb-element-707ca379\">\n<div class=\"gb-element-db5f49f6\"><\/div>\n<\/div>\n\n\n\n<div class=\"gb-element-6eaa73bd\">\n<div class=\"gb-element-f27ecf9b\"><div class=\"wp-block-image\">\n<figure class=\"aligncenter size-full\"><img loading=\"lazy\" decoding=\"async\" width=\"1000\" height=\"444\" src=\"https:\/\/investdom-ostrowmaz.pl\/fr\/wp-content\/uploads\/2026\/02\/logo-eko-okna-2.png\" alt=\"\" class=\"wp-image-5838\" srcset=\"https:\/\/investdom-ostrowmaz.pl\/fr\/wp-content\/uploads\/2026\/02\/logo-eko-okna-2.png 1000w, https:\/\/investdom-ostrowmaz.pl\/fr\/wp-content\/uploads\/2026\/02\/logo-eko-okna-2-300x133.png 300w, https:\/\/investdom-ostrowmaz.pl\/fr\/wp-content\/uploads\/2026\/02\/logo-eko-okna-2-768x341.png 768w\" sizes=\"auto, (max-width: 1000px) 100vw, 1000px\" \/><\/figure>\n<\/div><\/div>\n\n\n\n<div class=\"gb-element-b550d9cf\">\n<h2 class=\"gb-text\">Appuis de fen\u00eatre int\u00e9rieurs Eko Okna<\/h2>\n\n\n\n<p class=\"gb-text gb-text-18eea2e4\">Les appuis de fen\u00eatre Eko Okna sont une finition solide et esth\u00e9tique pour tout int\u00e9rieur. Durables, faciles \u00e0 entretenir et adapt\u00e9s \u00e0 diff\u00e9rents styles et types de fen\u00eatres.<\/p>\n\n\n\n<a class=\"gb-text gb-text-f78881eb\" href=\"https:\/\/ekookna.pl\/ekopl\/produkty\/okna\/dodatki\/parapety\" target=\"_blank\" rel=\"noopener\">VOIR PLUS<\/a>\n<\/div>\n<\/div>\n\n\n\n<div class=\"gb-element-ffc045bf\">\n<div class=\"gb-element-e3de635c\"><\/div>\n<\/div>\n\n\n\n<div class=\"gb-element-d913f16c\">\n<div class=\"gb-element-d6396792\"><div class=\"wp-block-image\">\n<figure class=\"aligncenter size-full\"><img loading=\"lazy\" decoding=\"async\" width=\"330\" height=\"255\" src=\"https:\/\/investdom-ostrowmaz.pl\/fr\/wp-content\/uploads\/2026\/02\/medos-logo.jpg\" alt=\"\" class=\"wp-image-5870\" srcset=\"https:\/\/investdom-ostrowmaz.pl\/fr\/wp-content\/uploads\/2026\/02\/medos-logo.jpg 330w, https:\/\/investdom-ostrowmaz.pl\/fr\/wp-content\/uploads\/2026\/02\/medos-logo-300x232.jpg 300w\" sizes=\"auto, (max-width: 330px) 100vw, 330px\" \/><\/figure>\n<\/div><\/div>\n\n\n\n<div class=\"gb-element-b4e61226\">\n<h2 class=\"gb-text\">Appuis de fen\u00eatre int\u00e9rieurs Medos<\/h2>\n\n\n\n<p class=\"gb-text gb-text-a94a3f3e\">Les appuis de fen\u00eatre Medos sont une solution durable et esth\u00e9tique pour tout int\u00e9rieur. Ils se distinguent par leur fabrication solide et leur design moderne, id\u00e9aux pour les maisons et les bureaux.<\/p>\n\n\n\n<a class=\"gb-text gb-text-86a3bf8f\" href=\"https:\/\/zamowienia.medosparapety.pl\/do\/cat\/parapety_wewnetrzne\/Parapety-wewnetrzne\" target=\"_blank\" rel=\"noopener\">VOIR PLUS<\/a>\n<\/div>\n<\/div>\n\n\n\n<div class=\"gb-element-cfe10171\">\n<div class=\"gb-element-1a37acba\"><\/div>\n<\/div>\n\n\n\n<div class=\"gb-element-5ffb1925\">\n<div class=\"gb-element-b4706d81\"><div class=\"wp-block-image\">\n<figure class=\"aligncenter size-full\"><img loading=\"lazy\" decoding=\"async\" width=\"300\" height=\"150\" src=\"https:\/\/investdom-ostrowmaz.pl\/fr\/wp-content\/uploads\/2026\/02\/romexwarszawa-logo.png\" alt=\"\" class=\"wp-image-5871\"\/><\/figure>\n<\/div><\/div>\n\n\n\n<div class=\"gb-element-c1f9d492\">\n<h2 class=\"gb-text\">Appuis de fen\u00eatre int\u00e9rieurs Romex<\/h2>\n\n\n\n<p class=\"gb-text gb-text-7cb63978\">Les appuis de fen\u00eatre Romex allient durabilit\u00e9 et esth\u00e9tisme. Ils offrent un large choix de motifs et de couleurs, s&#8217;adaptant \u00e0 diff\u00e9rents styles d&#8217;int\u00e9rieur et de fa\u00e7ades.<\/p>\n\n\n\n<a class=\"gb-text gb-text-0d0d9a90\" href=\"http:\/\/www.romexwarszawa.pl\/parapety_wewnetrzne\/\" target=\"_blank\" rel=\"noopener\">VOIR PLUS<\/a>\n<\/div>\n<\/div>\n<\/div>\n","protected":false},"excerpt":{"rendered":"<p>Appuis de fen\u00eatre int\u00e9rieurs Les appuis de fen\u00eatre int\u00e9rieurs ne sont pas seulement une finition pratique pour la fen\u00eatre, mais aussi un \u00e9l\u00e9ment important de la d\u00e9coration int\u00e9rieure. Ils prot\u00e8gent les murs de la salet\u00e9 et de l&#8217;humidit\u00e9, et am\u00e9liorent l&#8217;isolation thermique autour de la fen\u00eatre. Disponibles dans une vari\u00e9t\u00e9 de mat\u00e9riaux, de couleurs et &#8230; <a title=\"Parapety wewn\u0119trzne\" class=\"read-more\" href=\"https:\/\/investdom-ostrowmaz.pl\/fr\/parapety-2\/parapety-wewnetrzne\/\" aria-label=\"Dowiedz si\u0119 wi\u0119cej o Parapety wewn\u0119trzne\">Czytaj dalej<\/a><\/p>\n","protected":false},"author":1,"featured_media":0,"parent":4367,"menu_order":0,"comment_status":"closed","ping_status":"closed","template":"","meta":{"footnotes":""},"class_list":["post-4369","page","type-page","status-publish"],"_links":{"self":[{"href":"https:\/\/investdom-ostrowmaz.pl\/fr\/wp-json\/wp\/v2\/pages\/4369","targetHints":{"allow":["GET"]}}],"collection":[{"href":"https:\/\/investdom-ostrowmaz.pl\/fr\/wp-json\/wp\/v2\/pages"}],"about":[{"href":"https:\/\/investdom-ostrowmaz.pl\/fr\/wp-json\/wp\/v2\/types\/page"}],"author":[{"embeddable":true,"href":"https:\/\/investdom-ostrowmaz.pl\/fr\/wp-json\/wp\/v2\/users\/1"}],"replies":[{"embeddable":true,"href":"https:\/\/investdom-ostrowmaz.pl\/fr\/wp-json\/wp\/v2\/comments?post=4369"}],"version-history":[{"count":0,"href":"https:\/\/investdom-ostrowmaz.pl\/fr\/wp-json\/wp\/v2\/pages\/4369\/revisions"}],"up":[{"embeddable":true,"href":"https:\/\/investdom-ostrowmaz.pl\/fr\/wp-json\/wp\/v2\/pages\/4367"}],"wp:attachment":[{"href":"https:\/\/investdom-ostrowmaz.pl\/fr\/wp-json\/wp\/v2\/media?parent=4369"}],"curies":[{"name":"wp","href":"https:\/\/api.w.org\/{rel}","templated":true}]}}