{"id":48,"date":"2025-04-30T07:34:02","date_gmt":"2025-04-30T07:34:02","guid":{"rendered":"https:\/\/investdom-ostrowmaz.pl\/fr\/?page_id=48"},"modified":"2026-02-24T10:39:02","modified_gmt":"2026-02-24T10:39:02","slug":"systemy-przesuwne","status":"publish","type":"page","link":"https:\/\/investdom-ostrowmaz.pl\/fr\/systemy-przesuwne\/","title":{"rendered":"Systemy przesuwne"},"content":{"rendered":"\n<div class=\"gb-element-c9f533b8\">\n<div class=\"gb-element-7a1282a5\">\n<h1 class=\"gb-text gb-text-63cc3d35\">Syst\u00e8mes coulissants<\/h1>\n<\/div>\n\n\n\n<div class=\"gb-element-22f8b292\">\n<p class=\"gb-text gb-text-aa1ff2ce\">Les syst\u00e8mes coulissants sont des solutions modernes qui permettent de cr\u00e9er de grandes surfaces vitr\u00e9es sans sacrifier le confort et l&#8217;isolation. Ils sont id\u00e9aux pour les salons, les jardins d&#8217;hiver ou les terrasses, assurant une transition fluide entre l&#8217;int\u00e9rieur et l&#8217;environnement ext\u00e9rieur. Gr\u00e2ce \u00e0 leur facilit\u00e9 d&#8217;utilisation et \u00e0 leur aspect esth\u00e9tique, ils constituent un \u00e9l\u00e9ment pratique et spectaculaire de l&#8217;architecture moderne.<\/p>\n<\/div>\n\n\n\n<div class=\"gb-element-707ca379\">\n<div class=\"gb-element-db5f49f6\"><\/div>\n<\/div>\n\n\n\n<div class=\"gb-element-6eaa73bd\">\n<div class=\"gb-element-f27ecf9b\"><div class=\"wp-block-image\">\n<figure class=\"aligncenter size-full\"><img loading=\"lazy\" decoding=\"async\" width=\"1000\" height=\"444\" src=\"https:\/\/investdom-ostrowmaz.pl\/fr\/wp-content\/uploads\/2026\/02\/logo-eko-okna-2.png\" alt=\"\" class=\"wp-image-5838\" srcset=\"https:\/\/investdom-ostrowmaz.pl\/fr\/wp-content\/uploads\/2026\/02\/logo-eko-okna-2.png 1000w, https:\/\/investdom-ostrowmaz.pl\/fr\/wp-content\/uploads\/2026\/02\/logo-eko-okna-2-300x133.png 300w, https:\/\/investdom-ostrowmaz.pl\/fr\/wp-content\/uploads\/2026\/02\/logo-eko-okna-2-768x341.png 768w\" sizes=\"auto, (max-width: 1000px) 100vw, 1000px\" \/><\/figure>\n<\/div><\/div>\n\n\n\n<div class=\"gb-element-b550d9cf\">\n<h2 class=\"gb-text\">Syst\u00e8mes en PVC<\/h2>\n\n\n\n<p class=\"gb-text gb-text-18eea2e4\">Les syst\u00e8mes coulissants en PVC sont une solution pratique et \u00e9conomique qui allie une bonne isolation, une manipulation ais\u00e9e et un design moderne &#8211; id\u00e9al pour les maisons et les appartements.<\/p>\n\n\n\n<a class=\"gb-text gb-text-f78881eb\" href=\"https:\/\/ekookna.pl\/ekopl\/produkty\/systemy-przesuwne\/systemy-pvc\" target=\"_blank\" rel=\"noopener\">VOIR PLUS<\/a>\n<\/div>\n<\/div>\n\n\n\n<div class=\"gb-element-ffc045bf\">\n<div class=\"gb-element-e3de635c\"><\/div>\n<\/div>\n\n\n\n<div class=\"gb-element-d913f16c\">\n<div class=\"gb-element-d6396792\"><div class=\"wp-block-image\">\n<figure class=\"aligncenter size-full\"><img loading=\"lazy\" decoding=\"async\" width=\"1000\" height=\"444\" src=\"https:\/\/investdom-ostrowmaz.pl\/fr\/wp-content\/uploads\/2026\/02\/logo-eko-okna-2.png\" alt=\"\" class=\"wp-image-5838\" srcset=\"https:\/\/investdom-ostrowmaz.pl\/fr\/wp-content\/uploads\/2026\/02\/logo-eko-okna-2.png 1000w, https:\/\/investdom-ostrowmaz.pl\/fr\/wp-content\/uploads\/2026\/02\/logo-eko-okna-2-300x133.png 300w, https:\/\/investdom-ostrowmaz.pl\/fr\/wp-content\/uploads\/2026\/02\/logo-eko-okna-2-768x341.png 768w\" sizes=\"auto, (max-width: 1000px) 100vw, 1000px\" \/><\/figure>\n<\/div><\/div>\n\n\n\n<div class=\"gb-element-b4e61226\">\n<h2 class=\"gb-text\">Syst\u00e8mes en aluminium<\/h2>\n\n\n\n<p class=\"gb-text gb-text-a94a3f3e\">Les syst\u00e8mes coulissants en aluminium sont des solutions modernes, durables et \u00e9l\u00e9gantes. Ils permettent de cr\u00e9er de grands vitrages avec une excellente isolation et une grande esth\u00e9tique.<\/p>\n\n\n\n<a class=\"gb-text gb-text-86a3bf8f\" href=\"https:\/\/ekookna.pl\/ekopl\/produkty\/systemy-przesuwne\/systemy-aluminiowe\" target=\"_blank\" rel=\"noopener\">VOIR PLUS<\/a>\n<\/div>\n<\/div>\n\n\n\n<div class=\"gb-element-c11caeab\">\n<div class=\"gb-element-a7fc3583\"><\/div>\n<\/div>\n\n\n\n<div class=\"gb-element-2fab6f9d\">\n<div class=\"gb-element-9812b56c\"><div class=\"wp-block-image\">\n<figure class=\"aligncenter size-full\"><img loading=\"lazy\" decoding=\"async\" width=\"1000\" height=\"444\" src=\"https:\/\/investdom-ostrowmaz.pl\/fr\/wp-content\/uploads\/2026\/02\/logo-eko-okna-2.png\" alt=\"\" class=\"wp-image-5838\" srcset=\"https:\/\/investdom-ostrowmaz.pl\/fr\/wp-content\/uploads\/2026\/02\/logo-eko-okna-2.png 1000w, https:\/\/investdom-ostrowmaz.pl\/fr\/wp-content\/uploads\/2026\/02\/logo-eko-okna-2-300x133.png 300w, https:\/\/investdom-ostrowmaz.pl\/fr\/wp-content\/uploads\/2026\/02\/logo-eko-okna-2-768x341.png 768w\" sizes=\"auto, (max-width: 1000px) 100vw, 1000px\" \/><\/figure>\n<\/div><\/div>\n\n\n\n<div class=\"gb-element-415c041e\">\n<h2 class=\"gb-text\">Syst\u00e8mes en acier<\/h2>\n\n\n\n<p class=\"gb-text gb-text-f8046cc7\">Les syst\u00e8mes coulissants en acier sont des solutions extr\u00eamement robustes, id\u00e9ales pour les int\u00e9rieurs modernes et industriels. Ils garantissent une grande stabilit\u00e9 et un style unique.<\/p>\n\n\n\n<a class=\"gb-text gb-text-03d1b22a\" href=\"https:\/\/ekookna.pl\/ekopl\/produkty\/systemy-przesuwne\/systemy-stalowe\" target=\"_blank\" rel=\"noopener\">VOIR PLUS<\/a>\n<\/div>\n<\/div>\n\n\n\n<div class=\"gb-element-8cd9cc8a\">\n<div class=\"gb-element-83adcf4e\"><\/div>\n<\/div>\n\n\n\n<div class=\"gb-element-9080999a\">\n<div class=\"gb-element-1c5844d8\"><div class=\"wp-block-image\">\n<figure class=\"aligncenter size-full\"><img loading=\"lazy\" decoding=\"async\" width=\"1000\" height=\"444\" src=\"https:\/\/investdom-ostrowmaz.pl\/fr\/wp-content\/uploads\/2026\/02\/logo-eko-okna-2.png\" alt=\"\" class=\"wp-image-5838\" srcset=\"https:\/\/investdom-ostrowmaz.pl\/fr\/wp-content\/uploads\/2026\/02\/logo-eko-okna-2.png 1000w, https:\/\/investdom-ostrowmaz.pl\/fr\/wp-content\/uploads\/2026\/02\/logo-eko-okna-2-300x133.png 300w, https:\/\/investdom-ostrowmaz.pl\/fr\/wp-content\/uploads\/2026\/02\/logo-eko-okna-2-768x341.png 768w\" sizes=\"auto, (max-width: 1000px) 100vw, 1000px\" \/><\/figure>\n<\/div><\/div>\n\n\n\n<div class=\"gb-element-5b8a8cde\">\n<h2 class=\"gb-text\">Syst\u00e8mes en bois<\/h2>\n\n\n\n<p class=\"gb-text gb-text-35a1f4f3\">Les syst\u00e8mes coulissants en bois allient l&#8217;aspect naturel \u00e0 la fonctionnalit\u00e9. Ils apportent de la chaleur \u00e0 l&#8217;int\u00e9rieur et s&#8217;adaptent aussi bien aux am\u00e9nagements classiques que modernes.<\/p>\n\n\n\n<a class=\"gb-text gb-text-c3ae417f\" href=\"https:\/\/ekookna.pl\/ekopl\/produkty\/systemy-przesuwne\/systemy-drewniane\" target=\"_blank\" rel=\"noopener\">VOIR PLUS<\/a>\n<\/div>\n<\/div>\n<\/div>\n","protected":false},"excerpt":{"rendered":"<p>Syst\u00e8mes coulissants Les syst\u00e8mes coulissants sont des solutions modernes qui permettent de cr\u00e9er de grandes surfaces vitr\u00e9es sans sacrifier le confort et l&#8217;isolation. Ils sont id\u00e9aux pour les salons, les jardins d&#8217;hiver ou les terrasses, assurant une transition fluide entre l&#8217;int\u00e9rieur et l&#8217;environnement ext\u00e9rieur. Gr\u00e2ce \u00e0 leur facilit\u00e9 d&#8217;utilisation et \u00e0 leur aspect esth\u00e9tique, ils &#8230; <a title=\"Systemy przesuwne\" class=\"read-more\" href=\"https:\/\/investdom-ostrowmaz.pl\/fr\/systemy-przesuwne\/\" aria-label=\"Dowiedz si\u0119 wi\u0119cej o Systemy przesuwne\">Czytaj dalej<\/a><\/p>\n","protected":false},"author":1,"featured_media":0,"parent":0,"menu_order":0,"comment_status":"closed","ping_status":"closed","template":"","meta":{"footnotes":""},"class_list":["post-48","page","type-page","status-publish"],"_links":{"self":[{"href":"https:\/\/investdom-ostrowmaz.pl\/fr\/wp-json\/wp\/v2\/pages\/48","targetHints":{"allow":["GET"]}}],"collection":[{"href":"https:\/\/investdom-ostrowmaz.pl\/fr\/wp-json\/wp\/v2\/pages"}],"about":[{"href":"https:\/\/investdom-ostrowmaz.pl\/fr\/wp-json\/wp\/v2\/types\/page"}],"author":[{"embeddable":true,"href":"https:\/\/investdom-ostrowmaz.pl\/fr\/wp-json\/wp\/v2\/users\/1"}],"replies":[{"embeddable":true,"href":"https:\/\/investdom-ostrowmaz.pl\/fr\/wp-json\/wp\/v2\/comments?post=48"}],"version-history":[{"count":0,"href":"https:\/\/investdom-ostrowmaz.pl\/fr\/wp-json\/wp\/v2\/pages\/48\/revisions"}],"wp:attachment":[{"href":"https:\/\/investdom-ostrowmaz.pl\/fr\/wp-json\/wp\/v2\/media?parent=48"}],"curies":[{"name":"wp","href":"https:\/\/api.w.org\/{rel}","templated":true}]}}