{"id":66,"date":"2025-04-30T07:43:25","date_gmt":"2025-04-30T07:43:25","guid":{"rendered":"https:\/\/investdom-ostrowmaz.pl\/fr\/?page_id=66"},"modified":"2026-02-24T10:52:36","modified_gmt":"2026-02-24T10:52:36","slug":"oslony-okienne","status":"publish","type":"page","link":"https:\/\/investdom-ostrowmaz.pl\/fr\/oslony-okienne\/","title":{"rendered":"Os\u0142ony okienne"},"content":{"rendered":"\n<div class=\"gb-element-c9f533b8\">\n<div class=\"gb-element-7a1282a5\">\n<h1 class=\"gb-text gb-text-63cc3d35\">Protections de fen\u00eatre<\/h1>\n<\/div>\n\n\n\n<div class=\"gb-element-22f8b292\">\n<p class=\"gb-text gb-text-aa1ff2ce\">Les protections de fen\u00eatre sont des \u00e9l\u00e9ments fonctionnels et esth\u00e9tiques qui prot\u00e8gent les int\u00e9rieurs de l&#8217;exc\u00e8s de soleil, assurent l&#8217;intimit\u00e9 et influencent l&#8217;apparence des pi\u00e8ces. Cette cat\u00e9gorie comprend les stores enrouleurs, les stores v\u00e9nitiens, les stores pliss\u00e9s et d&#8217;autres solutions adapt\u00e9es \u00e0 divers besoins et styles d&#8217;int\u00e9rieur. C&#8217;est un compl\u00e9ment pratique \u00e0 la menuiserie de fen\u00eatre qui am\u00e9liore le confort d&#8217;utilisation quotidienne de l&#8217;espace.<\/p>\n<\/div>\n\n\n\n<div class=\"gb-element-707ca379\">\n<div class=\"gb-element-db5f49f6\"><\/div>\n<\/div>\n\n\n\n<div class=\"gb-element-6eaa73bd\">\n<div class=\"gb-element-f27ecf9b\"><div class=\"wp-block-image\">\n<figure class=\"aligncenter size-full\"><img loading=\"lazy\" decoding=\"async\" width=\"9000\" height=\"4764\" src=\"https:\/\/investdom-ostrowmaz.pl\/fr\/wp-content\/uploads\/2026\/02\/14-rolety.jpeg\" alt=\"\" class=\"wp-image-5881\" srcset=\"https:\/\/investdom-ostrowmaz.pl\/fr\/wp-content\/uploads\/2026\/02\/14-rolety.jpeg 9000w, https:\/\/investdom-ostrowmaz.pl\/fr\/wp-content\/uploads\/2026\/02\/14-rolety-300x159.jpeg 300w, https:\/\/investdom-ostrowmaz.pl\/fr\/wp-content\/uploads\/2026\/02\/14-rolety-1024x542.jpeg 1024w, https:\/\/investdom-ostrowmaz.pl\/fr\/wp-content\/uploads\/2026\/02\/14-rolety-768x407.jpeg 768w\" sizes=\"auto, (max-width: 9000px) 100vw, 9000px\" \/><\/figure>\n<\/div><\/div>\n\n\n\n<div class=\"gb-element-b550d9cf\">\n<h2 class=\"gb-text\">Stores<\/h2>\n\n\n\n<p class=\"gb-text gb-text-18eea2e4\">Les stores sont des protections de fen\u00eatre modernes et fonctionnelles qui prot\u00e8gent du soleil, augmentent l&#8217;intimit\u00e9 et rehaussent l&#8217;esth\u00e9tique des int\u00e9rieurs et de la fa\u00e7ade du b\u00e2timent.<\/p>\n\n\n\n<a class=\"gb-text gb-text-f78881eb\" href=\"https:\/\/investdom-ostrowmaz.pl\/fr\/oslony-okienne\/rolety\/\">VOIR PLUS<\/a>\n<\/div>\n<\/div>\n\n\n\n<div class=\"gb-element-ffc045bf\">\n<div class=\"gb-element-e3de635c\"><\/div>\n<\/div>\n\n\n\n<div class=\"gb-element-d913f16c\">\n<div class=\"gb-element-d6396792\"><div class=\"wp-block-image\">\n<figure class=\"aligncenter size-full\"><img loading=\"lazy\" decoding=\"async\" width=\"2560\" height=\"1709\" src=\"https:\/\/investdom-ostrowmaz.pl\/fr\/wp-content\/uploads\/2026\/02\/16-zaluzje-fasadowe-scaled.jpeg\" alt=\"\" class=\"wp-image-5883\" srcset=\"https:\/\/investdom-ostrowmaz.pl\/fr\/wp-content\/uploads\/2026\/02\/16-zaluzje-fasadowe-scaled.jpeg 2560w, https:\/\/investdom-ostrowmaz.pl\/fr\/wp-content\/uploads\/2026\/02\/16-zaluzje-fasadowe-300x200.jpeg 300w, https:\/\/investdom-ostrowmaz.pl\/fr\/wp-content\/uploads\/2026\/02\/16-zaluzje-fasadowe-1024x683.jpeg 1024w, https:\/\/investdom-ostrowmaz.pl\/fr\/wp-content\/uploads\/2026\/02\/16-zaluzje-fasadowe-768x513.jpeg 768w, https:\/\/investdom-ostrowmaz.pl\/fr\/wp-content\/uploads\/2026\/02\/16-zaluzje-fasadowe-1536x1025.jpeg 1536w\" sizes=\"auto, (max-width: 2560px) 100vw, 2560px\" \/><\/figure>\n<\/div><\/div>\n\n\n\n<div class=\"gb-element-b4e61226\">\n<h2 class=\"gb-text\">Brise-soleil orientables<\/h2>\n\n\n\n<p class=\"gb-text gb-text-a94a3f3e\">Les brise-soleil orientables sont des protections ext\u00e9rieures modernes qui prot\u00e8gent efficacement du soleil, am\u00e9liorent l&#8217;isolation du b\u00e2timent et donnent \u00e0 la fa\u00e7ade un aspect contemporain.<\/p>\n\n\n\n<a class=\"gb-text gb-text-86a3bf8f\" href=\"https:\/\/investdom-ostrowmaz.pl\/fr\/oslony-okienne\/zaluzje-fasadowe-2\/\">VOIR PLUS<\/a>\n<\/div>\n<\/div>\n\n\n\n<div class=\"gb-element-c11caeab\">\n<div class=\"gb-element-a7fc3583\"><\/div>\n<\/div>\n\n\n\n<div class=\"gb-element-2fab6f9d\">\n<div class=\"gb-element-9812b56c\"><div class=\"wp-block-image\">\n<figure class=\"aligncenter size-full\"><img loading=\"lazy\" decoding=\"async\" width=\"2560\" height=\"1440\" src=\"https:\/\/investdom-ostrowmaz.pl\/fr\/wp-content\/uploads\/2026\/02\/17-okiennice-scaled.jpeg\" alt=\"\" class=\"wp-image-5884\" srcset=\"https:\/\/investdom-ostrowmaz.pl\/fr\/wp-content\/uploads\/2026\/02\/17-okiennice-scaled.jpeg 2560w, https:\/\/investdom-ostrowmaz.pl\/fr\/wp-content\/uploads\/2026\/02\/17-okiennice-300x169.jpeg 300w, https:\/\/investdom-ostrowmaz.pl\/fr\/wp-content\/uploads\/2026\/02\/17-okiennice-1024x576.jpeg 1024w, https:\/\/investdom-ostrowmaz.pl\/fr\/wp-content\/uploads\/2026\/02\/17-okiennice-768x432.jpeg 768w, https:\/\/investdom-ostrowmaz.pl\/fr\/wp-content\/uploads\/2026\/02\/17-okiennice-1536x864.jpeg 1536w, https:\/\/investdom-ostrowmaz.pl\/fr\/wp-content\/uploads\/2026\/02\/17-okiennice-2048x1152.jpeg 2048w\" sizes=\"auto, (max-width: 2560px) 100vw, 2560px\" \/><\/figure>\n<\/div><\/div>\n\n\n\n<div class=\"gb-element-415c041e\">\n<h2 class=\"gb-text\">Volets<\/h2>\n\n\n\n<p class=\"gb-text gb-text-f8046cc7\">Une excellente solution alliant la durabilit\u00e9 de l&#8217;aluminium et le design traditionnel des volets. Volets disponibles avec des lames mobiles ou fixes<\/p>\n\n\n\n<a class=\"gb-text gb-text-03d1b22a\" href=\"https:\/\/investdom-ostrowmaz.pl\/fr\/oslony-okienne\/okiennice\/\">VOIR PLUS<\/a>\n<\/div>\n<\/div>\n\n\n\n<div class=\"gb-element-8cd9cc8a\">\n<div class=\"gb-element-83adcf4e\"><\/div>\n<\/div>\n\n\n\n<div class=\"gb-element-9080999a\">\n<div class=\"gb-element-1c5844d8\"><div class=\"wp-block-image\">\n<figure class=\"aligncenter size-full\"><img loading=\"lazy\" decoding=\"async\" width=\"1000\" height=\"444\" src=\"https:\/\/investdom-ostrowmaz.pl\/fr\/wp-content\/uploads\/2026\/02\/logo-eko-okna-2.png\" alt=\"\" class=\"wp-image-5838\" srcset=\"https:\/\/investdom-ostrowmaz.pl\/fr\/wp-content\/uploads\/2026\/02\/logo-eko-okna-2.png 1000w, https:\/\/investdom-ostrowmaz.pl\/fr\/wp-content\/uploads\/2026\/02\/logo-eko-okna-2-300x133.png 300w, https:\/\/investdom-ostrowmaz.pl\/fr\/wp-content\/uploads\/2026\/02\/logo-eko-okna-2-768x341.png 768w\" sizes=\"auto, (max-width: 1000px) 100vw, 1000px\" \/><\/figure>\n<\/div><\/div>\n\n\n\n<div class=\"gb-element-5b8a8cde\">\n<h2 class=\"gb-text\">Accessoires<\/h2>\n\n\n\n<p class=\"gb-text gb-text-35a1f4f3\">Les accessoires pour protections de fen\u00eatre sont des ajouts qui augmentent la fonctionnalit\u00e9 et l&#8217;esth\u00e9tique des stores, des stores v\u00e9nitiens ou des stores pliss\u00e9s &#8211; y compris les rails de guidage, les caissons, les m\u00e9canismes et les poign\u00e9es.<\/p>\n\n\n\n<a class=\"gb-text gb-text-c3ae417f\" href=\"https:\/\/ekookna.pl\/ekopl\/produkty\/oslony-okienne\/dodatki\" target=\"_blank\" rel=\"noopener\">VOIR PLUS<\/a>\n<\/div>\n<\/div>\n<\/div>\n","protected":false},"excerpt":{"rendered":"<p>Protections de fen\u00eatre Les protections de fen\u00eatre sont des \u00e9l\u00e9ments fonctionnels et esth\u00e9tiques qui prot\u00e8gent les int\u00e9rieurs de l&#8217;exc\u00e8s de soleil, assurent l&#8217;intimit\u00e9 et influencent l&#8217;apparence des pi\u00e8ces. Cette cat\u00e9gorie comprend les stores enrouleurs, les stores v\u00e9nitiens, les stores pliss\u00e9s et d&#8217;autres solutions adapt\u00e9es \u00e0 divers besoins et styles d&#8217;int\u00e9rieur. C&#8217;est un compl\u00e9ment pratique \u00e0 &#8230; <a title=\"Os\u0142ony okienne\" class=\"read-more\" href=\"https:\/\/investdom-ostrowmaz.pl\/fr\/oslony-okienne\/\" aria-label=\"Dowiedz si\u0119 wi\u0119cej o Os\u0142ony okienne\">Czytaj dalej<\/a><\/p>\n","protected":false},"author":1,"featured_media":0,"parent":0,"menu_order":0,"comment_status":"closed","ping_status":"closed","template":"","meta":{"footnotes":""},"class_list":["post-66","page","type-page","status-publish"],"_links":{"self":[{"href":"https:\/\/investdom-ostrowmaz.pl\/fr\/wp-json\/wp\/v2\/pages\/66","targetHints":{"allow":["GET"]}}],"collection":[{"href":"https:\/\/investdom-ostrowmaz.pl\/fr\/wp-json\/wp\/v2\/pages"}],"about":[{"href":"https:\/\/investdom-ostrowmaz.pl\/fr\/wp-json\/wp\/v2\/types\/page"}],"author":[{"embeddable":true,"href":"https:\/\/investdom-ostrowmaz.pl\/fr\/wp-json\/wp\/v2\/users\/1"}],"replies":[{"embeddable":true,"href":"https:\/\/investdom-ostrowmaz.pl\/fr\/wp-json\/wp\/v2\/comments?post=66"}],"version-history":[{"count":0,"href":"https:\/\/investdom-ostrowmaz.pl\/fr\/wp-json\/wp\/v2\/pages\/66\/revisions"}],"wp:attachment":[{"href":"https:\/\/investdom-ostrowmaz.pl\/fr\/wp-json\/wp\/v2\/media?parent=66"}],"curies":[{"name":"wp","href":"https:\/\/api.w.org\/{rel}","templated":true}]}}