{"id":70,"date":"2025-04-30T07:44:12","date_gmt":"2025-04-30T07:44:12","guid":{"rendered":"https:\/\/investdom-ostrowmaz.pl\/fr\/?page_id=70"},"modified":"2026-02-24T10:55:49","modified_gmt":"2026-02-24T10:55:49","slug":"rolety","status":"publish","type":"page","link":"https:\/\/investdom-ostrowmaz.pl\/fr\/oslony-okienne\/rolety\/","title":{"rendered":"Rolety"},"content":{"rendered":"\n<div class=\"gb-element-c9f533b8\">\n<div class=\"gb-element-7a1282a5\">\n<h1 class=\"gb-text gb-text-63cc3d35\">Stores<\/h1>\n<\/div>\n\n\n\n<div class=\"gb-element-22f8b292\">\n<p class=\"gb-text gb-text-aa1ff2ce\">Opis: Les stores sont des protections de fen\u00eatre universelles qui prot\u00e8gent efficacement les int\u00e9rieurs du soleil, de la chaleur excessive et des regards ext\u00e9rieurs. Disponibles dans de nombreuses variantes &#8211; int\u00e9rieures et ext\u00e9rieures &#8211; ils permettent d&#8217;adapter l&#8217;apparence et la fonction \u00e0 tout type de pi\u00e8ce. Les stores am\u00e9liorent le confort d&#8217;utilisation, influencent l&#8217;esth\u00e9tique des int\u00e9rieurs et des fa\u00e7ades, et peuvent \u00e9galement soutenir l&#8217;isolation thermique du b\u00e2timent.<\/p>\n<\/div>\n\n\n\n<div class=\"gb-element-707ca379\">\n<div class=\"gb-element-db5f49f6\"><\/div>\n<\/div>\n\n\n\n<div class=\"gb-element-6eaa73bd\">\n<div class=\"gb-element-f27ecf9b\"><div class=\"wp-block-image\">\n<figure class=\"aligncenter size-full\"><img loading=\"lazy\" decoding=\"async\" width=\"2560\" height=\"1707\" src=\"https:\/\/investdom-ostrowmaz.pl\/fr\/wp-content\/uploads\/2026\/02\/15-rolety-wewnetrzne-scaled.jpeg\" alt=\"\" class=\"wp-image-5886\" srcset=\"https:\/\/investdom-ostrowmaz.pl\/fr\/wp-content\/uploads\/2026\/02\/15-rolety-wewnetrzne-scaled.jpeg 2560w, https:\/\/investdom-ostrowmaz.pl\/fr\/wp-content\/uploads\/2026\/02\/15-rolety-wewnetrzne-300x200.jpeg 300w, https:\/\/investdom-ostrowmaz.pl\/fr\/wp-content\/uploads\/2026\/02\/15-rolety-wewnetrzne-1024x683.jpeg 1024w, https:\/\/investdom-ostrowmaz.pl\/fr\/wp-content\/uploads\/2026\/02\/15-rolety-wewnetrzne-768x512.jpeg 768w, https:\/\/investdom-ostrowmaz.pl\/fr\/wp-content\/uploads\/2026\/02\/15-rolety-wewnetrzne-1536x1024.jpeg 1536w\" sizes=\"auto, (max-width: 2560px) 100vw, 2560px\" \/><\/figure>\n<\/div><\/div>\n\n\n\n<div class=\"gb-element-b550d9cf\">\n<h2 class=\"gb-text\">Stores int\u00e9rieurs<\/h2>\n\n\n\n<p class=\"gb-text gb-text-18eea2e4\">Les stores int\u00e9rieurs sont des protections \u00e9l\u00e9gantes et pratiques qui r\u00e9gulent l&#8217;entr\u00e9e de la lumi\u00e8re, assurent l&#8217;intimit\u00e9 et soulignent le caract\u00e8re de l&#8217;int\u00e9rieur.<\/p>\n\n\n\n<a class=\"gb-text gb-text-f78881eb\" href=\"https:\/\/investdom-ostrowmaz.pl\/fr\/oslony-okienne\/rolety\/rolety-wewnetrzne-2\/\">VOIR PLUS<\/a>\n<\/div>\n<\/div>\n\n\n\n<div class=\"gb-element-ffc045bf\">\n<div class=\"gb-element-e3de635c\"><\/div>\n<\/div>\n\n\n\n<div class=\"gb-element-d913f16c\">\n<div class=\"gb-element-d6396792\"><div class=\"wp-block-image\">\n<figure class=\"aligncenter size-full\"><img loading=\"lazy\" decoding=\"async\" width=\"9000\" height=\"4764\" src=\"https:\/\/investdom-ostrowmaz.pl\/fr\/wp-content\/uploads\/2026\/02\/14-rolety.jpeg\" alt=\"\" class=\"wp-image-5881\" srcset=\"https:\/\/investdom-ostrowmaz.pl\/fr\/wp-content\/uploads\/2026\/02\/14-rolety.jpeg 9000w, https:\/\/investdom-ostrowmaz.pl\/fr\/wp-content\/uploads\/2026\/02\/14-rolety-300x159.jpeg 300w, https:\/\/investdom-ostrowmaz.pl\/fr\/wp-content\/uploads\/2026\/02\/14-rolety-1024x542.jpeg 1024w, https:\/\/investdom-ostrowmaz.pl\/fr\/wp-content\/uploads\/2026\/02\/14-rolety-768x407.jpeg 768w\" sizes=\"auto, (max-width: 9000px) 100vw, 9000px\" \/><\/figure>\n<\/div><\/div>\n\n\n\n<div class=\"gb-element-b4e61226\">\n<h2 class=\"gb-text\">Stores ext\u00e9rieurs<\/h2>\n\n\n\n<p class=\"gb-text gb-text-a94a3f3e\">Les stores ext\u00e9rieurs sont une protection efficace contre le soleil, le bruit et l&#8217;effraction. Ils am\u00e9liorent l&#8217;isolation thermique et augmentent le confort et la s\u00e9curit\u00e9 du b\u00e2timent.<\/p>\n\n\n\n<a class=\"gb-text gb-text-86a3bf8f\" href=\"https:\/\/investdom-ostrowmaz.pl\/fr\/oslony-okienne\/rolety\/rolety-zewnetrzne-2\/\">VOIR PLUS<\/a>\n<\/div>\n<\/div>\n<\/div>\n","protected":false},"excerpt":{"rendered":"<p>Stores Opis: Les stores sont des protections de fen\u00eatre universelles qui prot\u00e8gent efficacement les int\u00e9rieurs du soleil, de la chaleur excessive et des regards ext\u00e9rieurs. Disponibles dans de nombreuses variantes &#8211; int\u00e9rieures et ext\u00e9rieures &#8211; ils permettent d&#8217;adapter l&#8217;apparence et la fonction \u00e0 tout type de pi\u00e8ce. Les stores am\u00e9liorent le confort d&#8217;utilisation, influencent l&#8217;esth\u00e9tique &#8230; <a title=\"Rolety\" class=\"read-more\" href=\"https:\/\/investdom-ostrowmaz.pl\/fr\/oslony-okienne\/rolety\/\" aria-label=\"Dowiedz si\u0119 wi\u0119cej o Rolety\">Czytaj dalej<\/a><\/p>\n","protected":false},"author":1,"featured_media":0,"parent":66,"menu_order":0,"comment_status":"closed","ping_status":"closed","template":"","meta":{"footnotes":""},"class_list":["post-70","page","type-page","status-publish"],"_links":{"self":[{"href":"https:\/\/investdom-ostrowmaz.pl\/fr\/wp-json\/wp\/v2\/pages\/70","targetHints":{"allow":["GET"]}}],"collection":[{"href":"https:\/\/investdom-ostrowmaz.pl\/fr\/wp-json\/wp\/v2\/pages"}],"about":[{"href":"https:\/\/investdom-ostrowmaz.pl\/fr\/wp-json\/wp\/v2\/types\/page"}],"author":[{"embeddable":true,"href":"https:\/\/investdom-ostrowmaz.pl\/fr\/wp-json\/wp\/v2\/users\/1"}],"replies":[{"embeddable":true,"href":"https:\/\/investdom-ostrowmaz.pl\/fr\/wp-json\/wp\/v2\/comments?post=70"}],"version-history":[{"count":0,"href":"https:\/\/investdom-ostrowmaz.pl\/fr\/wp-json\/wp\/v2\/pages\/70\/revisions"}],"up":[{"embeddable":true,"href":"https:\/\/investdom-ostrowmaz.pl\/fr\/wp-json\/wp\/v2\/pages\/66"}],"wp:attachment":[{"href":"https:\/\/investdom-ostrowmaz.pl\/fr\/wp-json\/wp\/v2\/media?parent=70"}],"curies":[{"name":"wp","href":"https:\/\/api.w.org\/{rel}","templated":true}]}}