{"id":90,"date":"2025-04-30T07:50:50","date_gmt":"2025-04-30T07:50:50","guid":{"rendered":"https:\/\/investdom-ostrowmaz.pl\/fr\/?page_id=90"},"modified":"2026-02-24T11:07:34","modified_gmt":"2026-02-24T11:07:34","slug":"okiennice","status":"publish","type":"page","link":"https:\/\/investdom-ostrowmaz.pl\/fr\/oslony-okienne\/okiennice\/","title":{"rendered":"Okiennice"},"content":{"rendered":"\n<div class=\"gb-element-c9f533b8\">\n<div class=\"gb-element-7a1282a5\">\n<h1 class=\"gb-text gb-text-63cc3d35\">Volets<\/h1>\n<\/div>\n\n\n\n<div class=\"gb-element-22f8b292\">\n<p class=\"gb-text gb-text-aa1ff2ce\">Les volets sont des protections \u00e9l\u00e9gantes et pratiques install\u00e9es \u00e0 l&#8217;ext\u00e9rieur des fen\u00eatres, qui ont une fonction \u00e0 la fois d\u00e9corative et protectrice. Ils prot\u00e8gent les int\u00e9rieurs de l&#8217;ensoleillement excessif, du bruit, du vent et des regards ind\u00e9sirables de l&#8217;ext\u00e9rieur. Disponibles dans diff\u00e9rents styles et couleurs, ils se marient parfaitement avec l&#8217;architecture classique et moderne. C&#8217;est un compl\u00e9ment \u00e9l\u00e9gant \u00e0 la fa\u00e7ade et une s\u00e9curit\u00e9 suppl\u00e9mentaire pour la maison.<\/p>\n<\/div>\n\n\n\n<div class=\"gb-element-707ca379\">\n<div class=\"gb-element-db5f49f6\"><\/div>\n<\/div>\n\n\n\n<div class=\"gb-element-6eaa73bd\">\n<div class=\"gb-element-f27ecf9b\"><div class=\"wp-block-image\">\n<figure class=\"aligncenter size-full\"><img loading=\"lazy\" decoding=\"async\" width=\"1000\" height=\"444\" src=\"https:\/\/investdom-ostrowmaz.pl\/fr\/wp-content\/uploads\/2026\/02\/logo-eko-okna-2.png\" alt=\"\" class=\"wp-image-5838\" srcset=\"https:\/\/investdom-ostrowmaz.pl\/fr\/wp-content\/uploads\/2026\/02\/logo-eko-okna-2.png 1000w, https:\/\/investdom-ostrowmaz.pl\/fr\/wp-content\/uploads\/2026\/02\/logo-eko-okna-2-300x133.png 300w, https:\/\/investdom-ostrowmaz.pl\/fr\/wp-content\/uploads\/2026\/02\/logo-eko-okna-2-768x341.png 768w\" sizes=\"auto, (max-width: 1000px) 100vw, 1000px\" \/><\/figure>\n<\/div><\/div>\n\n\n\n<div class=\"gb-element-b550d9cf\">\n<h2 class=\"gb-text\">Volets int\u00e9rieurs<\/h2>\n\n\n\n<p class=\"gb-text gb-text-18eea2e4\">Les volets int\u00e9rieurs sont une alternative \u00e9l\u00e9gante aux stores traditionnels. Ils permettent de r\u00e9guler l&#8217;entr\u00e9e de la lumi\u00e8re et conf\u00e8rent aux int\u00e9rieurs un caract\u00e8re \u00e9l\u00e9gant et chaleureux.<\/p>\n\n\n\n<a class=\"gb-text gb-text-f78881eb\" href=\"https:\/\/ekookna.pl\/ekopl\/produkty\/oslony-okienne\/okiennice\/okiennice-wewnetrzne\" target=\"_blank\" rel=\"noopener\">VOIR PLUS<\/a>\n<\/div>\n<\/div>\n\n\n\n<div class=\"gb-element-ffc045bf\">\n<div class=\"gb-element-e3de635c\"><\/div>\n<\/div>\n\n\n\n<div class=\"gb-element-d913f16c\">\n<div class=\"gb-element-d6396792\"><div class=\"wp-block-image\">\n<figure class=\"aligncenter size-full\"><img loading=\"lazy\" decoding=\"async\" width=\"1000\" height=\"444\" src=\"https:\/\/investdom-ostrowmaz.pl\/fr\/wp-content\/uploads\/2026\/02\/logo-eko-okna-2.png\" alt=\"\" class=\"wp-image-5838\" srcset=\"https:\/\/investdom-ostrowmaz.pl\/fr\/wp-content\/uploads\/2026\/02\/logo-eko-okna-2.png 1000w, https:\/\/investdom-ostrowmaz.pl\/fr\/wp-content\/uploads\/2026\/02\/logo-eko-okna-2-300x133.png 300w, https:\/\/investdom-ostrowmaz.pl\/fr\/wp-content\/uploads\/2026\/02\/logo-eko-okna-2-768x341.png 768w\" sizes=\"auto, (max-width: 1000px) 100vw, 1000px\" \/><\/figure>\n<\/div><\/div>\n\n\n\n<div class=\"gb-element-b4e61226\">\n<h2 class=\"gb-text\">Volets ext\u00e9rieurs<\/h2>\n\n\n\n<p class=\"gb-text gb-text-a94a3f3e\">Les volets ext\u00e9rieurs prot\u00e8gent du soleil, du bruit et du vent, tout en embellissant la fa\u00e7ade. C&#8217;est un compl\u00e9ment pratique et d\u00e9coratif aux fen\u00eatres de tout style de b\u00e2timent.<\/p>\n\n\n\n<a class=\"gb-text gb-text-86a3bf8f\" href=\"https:\/\/ekookna.pl\/ekopl\/produkty\/oslony-okienne\/okiennice\/okiennice-zewnetrzne\" target=\"_blank\" rel=\"noopener\">VOIR PLUS<\/a>\n<\/div>\n<\/div>\n<\/div>\n","protected":false},"excerpt":{"rendered":"<p>Volets Les volets sont des protections \u00e9l\u00e9gantes et pratiques install\u00e9es \u00e0 l&#8217;ext\u00e9rieur des fen\u00eatres, qui ont une fonction \u00e0 la fois d\u00e9corative et protectrice. Ils prot\u00e8gent les int\u00e9rieurs de l&#8217;ensoleillement excessif, du bruit, du vent et des regards ind\u00e9sirables de l&#8217;ext\u00e9rieur. Disponibles dans diff\u00e9rents styles et couleurs, ils se marient parfaitement avec l&#8217;architecture classique et &#8230; <a title=\"Okiennice\" class=\"read-more\" href=\"https:\/\/investdom-ostrowmaz.pl\/fr\/oslony-okienne\/okiennice\/\" aria-label=\"Dowiedz si\u0119 wi\u0119cej o Okiennice\">Czytaj dalej<\/a><\/p>\n","protected":false},"author":1,"featured_media":0,"parent":66,"menu_order":0,"comment_status":"closed","ping_status":"closed","template":"","meta":{"footnotes":""},"class_list":["post-90","page","type-page","status-publish"],"_links":{"self":[{"href":"https:\/\/investdom-ostrowmaz.pl\/fr\/wp-json\/wp\/v2\/pages\/90","targetHints":{"allow":["GET"]}}],"collection":[{"href":"https:\/\/investdom-ostrowmaz.pl\/fr\/wp-json\/wp\/v2\/pages"}],"about":[{"href":"https:\/\/investdom-ostrowmaz.pl\/fr\/wp-json\/wp\/v2\/types\/page"}],"author":[{"embeddable":true,"href":"https:\/\/investdom-ostrowmaz.pl\/fr\/wp-json\/wp\/v2\/users\/1"}],"replies":[{"embeddable":true,"href":"https:\/\/investdom-ostrowmaz.pl\/fr\/wp-json\/wp\/v2\/comments?post=90"}],"version-history":[{"count":0,"href":"https:\/\/investdom-ostrowmaz.pl\/fr\/wp-json\/wp\/v2\/pages\/90\/revisions"}],"up":[{"embeddable":true,"href":"https:\/\/investdom-ostrowmaz.pl\/fr\/wp-json\/wp\/v2\/pages\/66"}],"wp:attachment":[{"href":"https:\/\/investdom-ostrowmaz.pl\/fr\/wp-json\/wp\/v2\/media?parent=90"}],"curies":[{"name":"wp","href":"https:\/\/api.w.org\/{rel}","templated":true}]}}